{"id":5988,"date":"2025-10-13T14:23:48","date_gmt":"2025-10-13T14:23:48","guid":{"rendered":"https:\/\/couleenergy.com\/?post_type=product&#038;p=5988"},"modified":"2025-10-14T03:36:41","modified_gmt":"2025-10-14T03:36:41","slug":"panneau-solaire-pliable-leger-hpbc-160-w-entierement-noir","status":"publish","type":"product","link":"https:\/\/couleenergy.com\/fr\/product\/160w-hpbc-all-black-lightweight-bendable-solar-panel\/","title":{"rendered":"Panneau solaire l\u00e9ger et pliable HPBC 160 W enti\u00e8rement noir"},"content":{"rendered":"<div class=\"product-header\">\n<p class=\"tagline\">Solution solaire flexible haut de gamme pour les \u00e9quipementiers, les distributeurs et les int\u00e9grateurs de syst\u00e8mes<\/p>\n<div class=\"badge-container\"><span class=\"badge\">\ud83c\udfc6 27.81% Efficacit\u00e9 du laboratoire<br \/>\n<\/span><span class=\"badge\">\ud83c\udfed MOQ : 100 unit\u00e9s<br \/>\n<\/span><span class=\"badge\">\u26a1 Efficacit\u00e9 des cellules 25.8%<\/span><\/div>\n<\/div>\n<div class=\"section\">\n<h2><\/h2>\n<h2>\ud83c\udfaf Pr\u00e9sentation du produit<\/h2>\n<p>Le\u00a0<strong>Panneau solaire pliable HPBC (Hybrid Passivated Back Contact) 160 W, enti\u00e8rement noir<\/strong> Repr\u00e9sente la pointe de la technologie photovolta\u00efque flexible. Con\u00e7u sp\u00e9cifiquement pour les applications solaires exigeant des performances sup\u00e9rieures, une esth\u00e9tique irr\u00e9prochable et une grande polyvalence d&#039;installation, ce panneau solaire allie une efficacit\u00e9 record \u00e0 une flexibilit\u00e9 pratique pour les applications sur surfaces courbes.<\/p>\n<p>Id\u00e9al pour\u00a0<strong>Fabricants OEM, fournisseurs d&#039;\u00e9quipements marins, constructeurs de camping-cars\/camping-cars, int\u00e9grateurs solaires architecturaux et distributeurs d&#039;\u00e9nergie renouvelable<\/strong>, notre panneau solaire HPBC 160 W r\u00e9sout les probl\u00e8mes critiques que les panneaux rigides traditionnels ne peuvent pas r\u00e9soudre tout en offrant des performances haut de gamme soutenues par des certifications internationales.<\/p>\n<\/div>\n<div class=\"section\">\n<h2>\ud83d\udca1 Pourquoi la technologie HPBC est importante<\/h2>\n<div class=\"key-features\">\n<div class=\"feature-card\">\n<h4>\ud83d\udd2c Efficacit\u00e9 record<\/h4>\n<p>Bas\u00e9s sur une technologie atteignant un rendement de 27,81% en laboratoire (certification ISFH) et un record mondial de modules de 25,4% (certification Fraunhofer ISE), les panneaux solaires flexibles commerciaux offrent un rendement de 20 \u00e0 22%.<\/p>\n<\/div>\n<div class=\"feature-card\">\n<h4>\ud83c\udf21\ufe0f Tol\u00e9rance sup\u00e9rieure \u00e0 la chaleur<\/h4>\n<p>Le coefficient de temp\u00e9rature de -0,26% \u00e0 -0,29%\/\u00b0C fournit 7 \u00e0 10% de puissance en plus dans des conditions chaudes par rapport \u00e0 la technologie PERC standard (-0,45%\/\u00b0C).<\/p>\n<\/div>\n<div class=\"feature-card\">\n<h4>\ud83c\udfa8 Esth\u00e9tique enti\u00e8rement noire haut de gamme<\/h4>\n<p>Les lignes de grille z\u00e9ro face avant cr\u00e9ent une apparence uniforme et haut de gamme, parfaite pour l&#039;int\u00e9gration architecturale et les applications haut de gamme o\u00f9 l&#039;esth\u00e9tique d\u00e9termine les d\u00e9cisions d&#039;achat.<\/p>\n<\/div>\n<div class=\"feature-card\">\n<h4>\ud83d\udd04 Flexibilit\u00e9 maximale<\/h4>\n<p>Pliable jusqu&#039;\u00e0 240 degr\u00e9s pour les installations sur surfaces courbes. Ultral\u00e9ger (moins de 4,5 kg), il permet des applications impossibles avec des panneaux rigides.<\/p>\n<\/div>\n<div class=\"feature-card\">\n<h4>\ud83d\udee1\ufe0f Technologie de rev\u00eatement ETFE<\/h4>\n<p>Transmission lumineuse 85-95% avec propri\u00e9t\u00e9s autonettoyantes. Robustesse de qualit\u00e9 marine, r\u00e9siste \u00e0 l&#039;eau sal\u00e9e, aux UV et aux temp\u00e9ratures extr\u00eames (-200 \u00b0C \u00e0 150 \u00b0C).<\/p>\n<\/div>\n<div class=\"feature-card\">\n<h4>\u2699\ufe0f Personnalisation compl\u00e8te<\/h4>\n<p>Quantit\u00e9 minimale de commande (MOQ) de 100 unit\u00e9s avec personnalisation compl\u00e8te\u00a0: dimensions, tension, connecteurs, marquage et emballage. Prototypage rapide en 30\u00a0jours.<\/p>\n<\/div>\n<\/div>\n<\/div>\n<div class=\"section\">\n<h2>\ud83d\udcca Sp\u00e9cifications techniques<\/h2>\n<table class=\"specs-table\">\n<thead>\n<tr>\n<th>Param\u00e8tre<\/th>\n<th>Sp\u00e9cification<\/th>\n<th>Notes<\/th>\n<\/tr>\n<\/thead>\n<tbody>\n<tr>\n<td><strong>Puissance de sortie nominale<\/strong><\/td>\n<td>160 W \u00b1 3%<\/td>\n<td>Dans des conditions d&#039;essai standard (STC)<\/td>\n<\/tr>\n<tr>\n<td><strong>Efficacit\u00e9 du module<\/strong><\/td>\n<td>20.21%<\/td>\n<td>Sp\u00e9cifications de production commerciale<\/td>\n<\/tr>\n<tr>\n<td><strong>Technologie cellulaire<\/strong><\/td>\n<td>HPBC (contact arri\u00e8re hybride passiv\u00e9)<\/td>\n<td>Bas\u00e9 sur la technologie d&#039;efficacit\u00e9 de laboratoire 27.81%<\/td>\n<\/tr>\n<tr>\n<td><strong>Rev\u00eatement de surface<\/strong><\/td>\n<td>ETFE (\u00e9thyl\u00e8ne t\u00e9trafluoro\u00e9thyl\u00e8ne)<\/td>\n<td>\u00c9paisseur 25\/50\/100 \u03bcm, transmission lumineuse 85-95%<\/td>\n<\/tr>\n<tr>\n<td><strong>Coefficient de temp\u00e9rature (Pmax)<\/strong><\/td>\n<td>-0,26% ~ -0,29%\/\u00b0C<\/td>\n<td>Sup\u00e9rieur au PERC standard (-0,45%\/\u00b0C)<\/td>\n<\/tr>\n<tr>\n<td><strong>Plage de temp\u00e9rature de fonctionnement<\/strong><\/td>\n<td>-40\u00b0C \u00e0 +85\u00b0C<\/td>\n<td>Port\u00e9e \u00e9tendue pour les environnements difficiles<\/td>\n<\/tr>\n<tr>\n<td><strong>Tension maximale du syst\u00e8me<\/strong><\/td>\n<td>600 V CC<\/td>\n<td>Compatible avec les onduleurs standards<\/td>\n<\/tr>\n<tr>\n<td><strong>Tension en circuit ouvert (Voc)<\/strong><\/td>\n<td>21,9 V<\/td>\n<td>Optimis\u00e9 pour les syst\u00e8mes 12V\/24V<\/td>\n<\/tr>\n<tr>\n<td><strong>Flexibilit\u00e9<\/strong><\/td>\n<td>Angle de courbure jusqu&#039;\u00e0 240\u00b0<\/td>\n<td>Permet une installation sur une surface courbe<\/td>\n<\/tr>\n<tr>\n<td><strong>Poids<\/strong><\/td>\n<td>2,3 kg<\/td>\n<td>70-80% plus l\u00e9ger que les panneaux rigides<\/td>\n<\/tr>\n<tr>\n<td><strong>Dimensions<\/strong><\/td>\n<td>Personnalisable<\/td>\n<td>Tailles standard et personnalis\u00e9es disponibles<\/td>\n<\/tr>\n<tr>\n<td><strong>Certifications<\/strong><\/td>\n<td>CEI 61215, CEI 61730<\/td>\n<td>Normes internationales de s\u00e9curit\u00e9 et de performance<\/td>\n<\/tr>\n<tr>\n<td><strong>Dur\u00e9e de vie pr\u00e9vue<\/strong><\/td>\n<td>10-15 ans<\/td>\n<td>Avec une installation et une ventilation appropri\u00e9es<\/td>\n<\/tr>\n<tr>\n<td><strong>Garantie<\/strong><\/td>\n<td>3+ ans<\/td>\n<td>Norme de garantie du produit<\/td>\n<\/tr>\n<tr>\n<td><strong>Production d&#039;\u00e9nergie quotidienne<\/strong><\/td>\n<td>640-800 Wh\/jour<\/td>\n<td>Bas\u00e9 sur 4 \u00e0 5 heures d&#039;ensoleillement maximal<\/td>\n<\/tr>\n<\/tbody>\n<\/table>\n<\/div>\n<div class=\"value-prop\">\n<h3><\/h3>\n<h3>\ud83d\ude80 Proposition de valeur<\/h3>\n<ul>\n<li><strong>Diff\u00e9renciation du march\u00e9 :<\/strong>\u00a0Offrez une technologie HPBC de pointe \u00e0 vos clients, positionnant ainsi votre entreprise comme un leader de l&#039;innovation<\/li>\n<li><strong>Potentiel de tarification premium\u00a0:<\/strong>\u00a0Des performances et une esth\u00e9tique sup\u00e9rieures justifient des prix \u00e9lev\u00e9s, am\u00e9liorant ainsi vos marges<\/li>\n<li><strong>Acc\u00e8s \u00e9largi au march\u00e9 :<\/strong>\u00a0Servir des applications impossibles avec des panneaux rigides (marine, VR, int\u00e9gration architecturale)<\/li>\n<li><strong>Faible barri\u00e8re \u00e0 l&#039;entr\u00e9e :<\/strong>\u00a0Le MOQ de 100 unit\u00e9s permet des tests de march\u00e9 et des applications de niche sans engagement de stock massif<\/li>\n<li><strong>Flexibilit\u00e9 de personnalisation :<\/strong>\u00a0Marque priv\u00e9e et personnalisation pour votre marque, cr\u00e9ation de lignes de produits exclusives<\/li>\n<li><strong>Prix direct usine :<\/strong>\u00a0\u00c9liminez les marges des interm\u00e9diaires, am\u00e9liorant ainsi votre structure de co\u00fbts et votre comp\u00e9titivit\u00e9<\/li>\n<li><strong>Support technique :<\/strong>\u00a0Les conseils et la documentation techniques soutiennent votre processus de vente et la r\u00e9ussite de vos clients<\/li>\n<li><strong>Prototypage rapide :<\/strong>\u00a0La production d&#039;\u00e9chantillons sur 30 jours permet des d\u00e9monstrations rapides aux clients et une validation du projet<\/li>\n<\/ul>\n<\/div>\n<div class=\"section\">\n<h2><\/h2>\n<h2>\ud83c\udfaf Applications et march\u00e9s cibles<\/h2>\n<div class=\"benefits-grid\">\n<div class=\"benefit-item\">\n<div class=\"benefit-icon\">\ud83d\ude90 Fabrication de VR et de camping-cars<\/div>\n<p>Conception l\u00e9g\u00e8re, id\u00e9ale pour les toits \u00e0 forte charge. Installation incurv\u00e9e possible. Son esth\u00e9tique haut de gamme rehausse la valeur du v\u00e9hicule.<\/p>\n<\/div>\n<div class=\"benefit-item\">\n<div class=\"benefit-icon\">\u26f5 Fournisseurs d&#039;\u00e9quipements marins<\/div>\n<p>Rev\u00eatement ETFE r\u00e9sistant \u00e0 l&#039;eau sal\u00e9e. Adapt\u00e9 aux contours du pont des bateaux. \u00c9nergie fiable pour les syst\u00e8mes de navigation.<\/p>\n<\/div>\n<div class=\"benefit-item\">\n<div class=\"benefit-icon\">\ud83c\udfd7\ufe0f Int\u00e9gration architecturale<\/div>\n<p>Esth\u00e9tique tout noir pour projets BIPV. Adapt\u00e9 aux fa\u00e7ades courbes. Aspect haut de gamme pour b\u00e2timents haut de gamme.<\/p>\n<\/div>\n<div class=\"benefit-item\">\n<div class=\"benefit-icon\">\ud83c\udfed Fabrication OEM\/ODM<\/div>\n<p>Personnalisation compl\u00e8te disponible. \u00c9tiquetage priv\u00e9 inclus. Faible quantit\u00e9 minimale de commande pour le d\u00e9veloppement produit.<\/p>\n<\/div>\n<div class=\"benefit-item\">\n<div class=\"benefit-icon\">\ud83d\udd0c Int\u00e9grateurs de syst\u00e8mes hors r\u00e9seau<\/div>\n<p>Portable et facile \u00e0 transporter. Performances fiables m\u00eame en zones recul\u00e9es. Extension modulaire.<\/p>\n<\/div>\n<div class=\"benefit-item\">\n<div class=\"benefit-icon\">\ud83d\udea8 Distributeurs d&#039;\u00e9quipements d&#039;urgence<\/div>\n<p>Stockage compact. D\u00e9ploiement rapide. Solution d&#039;alimentation de secours fiable.<\/p>\n<\/div>\n<\/div>\n<\/div>\n<div class=\"section\">\n<h2><\/h2>\n<h2>\u2699\ufe0f Options de personnalisation<\/h2>\n<h3>Personnalisations disponibles (commandes de plus de 100 unit\u00e9s)<\/h3>\n<table class=\"specs-table\">\n<thead>\n<tr>\n<th>Type de personnalisation<\/th>\n<th>Options disponibles<\/th>\n<\/tr>\n<\/thead>\n<tbody>\n<tr>\n<td><strong>Puissance de sortie<\/strong><\/td>\n<td>5 W \u00e0 710 W+ (160 W optimis\u00e9 pour les applications mobiles)<\/td>\n<\/tr>\n<tr>\n<td><strong>Dimensions<\/strong><\/td>\n<td>Tailles personnalis\u00e9es pour r\u00e9pondre \u00e0 des exigences d&#039;installation sp\u00e9cifiques<\/td>\n<\/tr>\n<tr>\n<td><strong>Configuration de tension<\/strong><\/td>\n<td>Optimisation du syst\u00e8me 12V, 24V, 48V<\/td>\n<\/tr>\n<tr>\n<td><strong>Types de connecteurs<\/strong><\/td>\n<td>MC4, Anderson, connecteurs personnalis\u00e9s selon sp\u00e9cifications<\/td>\n<\/tr>\n<tr>\n<td><strong>Longueur du c\u00e2ble<\/strong><\/td>\n<td>Longueurs standard ou \u00e9tendues selon les exigences du projet<\/td>\n<\/tr>\n<tr>\n<td><strong>Image de marque<\/strong><\/td>\n<td>Marque priv\u00e9e, placement de logo, num\u00e9ros de mod\u00e8les personnalis\u00e9s<\/td>\n<\/tr>\n<tr>\n<td><strong>Conditionnement<\/strong><\/td>\n<td>Emballage personnalis\u00e9 avec votre marque et vos sp\u00e9cifications<\/td>\n<\/tr>\n<tr>\n<td><strong>Conception du cadre<\/strong><\/td>\n<td>Solutions de montage sans cadre ou personnalis\u00e9es<\/td>\n<\/tr>\n<tr>\n<td><strong>Options de couleur<\/strong><\/td>\n<td>Couleur standard enti\u00e8rement noire, couleurs de feuille arri\u00e8re personnalis\u00e9es disponibles<\/td>\n<\/tr>\n<tr>\n<td><strong>Tests\/Certification<\/strong><\/td>\n<td>Certifications suppl\u00e9mentaires selon les exigences du march\u00e9 cible<\/td>\n<\/tr>\n<\/tbody>\n<\/table>\n<\/div>\n<div class=\"section\">\n<h2><\/h2>\n<h2>\ud83c\udfed Fabrication et assurance qualit\u00e9<\/h2>\n<h3>Notre excellence en mati\u00e8re de fabrication<\/h3>\n<div class=\"key-features\">\n<div class=\"feature-card\">\n<h4>\u2713 Contr\u00f4le qualit\u00e9<\/h4>\n<p>Tests en plusieurs \u00e9tapes comprenant l&#039;inspection EL (\u00e9lectroluminescence), la v\u00e9rification des performances et les tests de durabilit\u00e9.<\/p>\n<\/div>\n<div class=\"feature-card\">\n<h4>\u2713 D\u00e9lai d&#039;ex\u00e9cution rapide<\/h4>\n<p>Prototypes\u00a0: d\u00e9lai de 2 \u00e0 4\u00a0semaines. Commandes de production\u00a0: d\u00e9lai de 3 \u00e0 6\u00a0semaines apr\u00e8s approbation. Options acc\u00e9l\u00e9r\u00e9es disponibles.<\/p>\n<\/div>\n<div class=\"feature-card\">\n<h4>\u2713 Support technique<\/h4>\n<p>Consultation technique sous 12 \u00e0 48 heures. Recommandations d&#039;optimisation de conception. Documentation d&#039;installation.<\/p>\n<\/div>\n<div class=\"feature-card\">\n<h4>\u2713 Production \u00e9volutive<\/h4>\n<p>Des commandes d&#039;essai de 100 unit\u00e9s aux s\u00e9ries de production de plus de 100\u00a0000 unit\u00e9s. Qualit\u00e9 constante quel que soit le volume.<\/p>\n<\/div>\n<div class=\"feature-card\">\n<h4>\u2713 Normes mondiales<\/h4>\n<p>Assistance \u00e0 la conformit\u00e9 pour les certifications CEI et r\u00e9gionales. Documentation technique multilingue.<\/p>\n<\/div>\n<\/div>\n<\/div>\n<div class=\"section\">\n<h2><\/h2>\n<h2>\ud83d\udcbc Avantages du partenariat<\/h2>\n<h3>Ce que vous obtenez en tant que partenaire<\/h3>\n<ul>\n<li><strong>Prix direct usine :<\/strong>\u00a0\u00c9liminez les marges des distributeurs, maximisez votre rentabilit\u00e9<\/li>\n<li><strong>Documentation technique :<\/strong>\u00a0Fiches techniques compl\u00e8tes, guides d&#039;installation, supports marketing<\/li>\n<li><strong>Support technique :<\/strong>\u00a0Consultation technique avant-vente, conception de solutions personnalis\u00e9es, assistance au d\u00e9pannage<\/li>\n<li><strong>Soutien marketing :<\/strong>\u00a0Photographie de produits, contenu technique, documentation de certification<\/li>\n<li><strong>Garantie de qualit\u00e9 :<\/strong>\u00a0Normes de qualit\u00e9 coh\u00e9rentes, tests de performance, support de garantie<\/li>\n<li><strong>Conditions flexibles :<\/strong>\u00a0Volumes de commande \u00e9volutifs, personnalisation sans MOQ excessif, prototypage rapide<\/li>\n<li><strong>Conformit\u00e9 mondiale :<\/strong>\u00a0Certifi\u00e9 IEC, support de certification r\u00e9gionale, documentation en plusieurs langues<\/li>\n<li><strong>Communication r\u00e9active :<\/strong>\u00a0Gestion de compte d\u00e9di\u00e9e, mises \u00e0 jour de production transparentes, temps de r\u00e9ponse rapides<\/li>\n<\/ul>\n<\/div>\n<div class=\"section\">\n<h2><\/h2>\n<h2>\ud83d\udcc8 Opportunit\u00e9 de march\u00e9<\/h2>\n<p>Le march\u00e9 des panneaux solaires flexibles devrait atteindre\u00a0<strong>$6,2 milliards d&#039;ici 2033<\/strong>\u00a0avec un TCAC de 17,2%. La technologie HPBC, repr\u00e9sentant la pointe de la conception des cellules \u00e0 contact arri\u00e8re, devrait devenir courante d&#039;ici 2030, rempla\u00e7ant potentiellement la technologie TOPCon actuelle comme norme industrielle.<\/p>\n<p><strong>Principaux moteurs du march\u00e9 :<\/strong><\/p>\n<ul>\n<li>Croissance du march\u00e9 des v\u00e9hicules r\u00e9cr\u00e9atifs et des v\u00e9hicules marins<\/li>\n<li>Demande croissante de syst\u00e8mes photovolta\u00efques int\u00e9gr\u00e9s aux b\u00e2timents (BIPV)<\/li>\n<li>L&#039;essor de la vie en van et des tendances de vie nomade<\/li>\n<li>Expansion du march\u00e9 hors r\u00e9seau et de la pr\u00e9paration aux situations d&#039;urgence<\/li>\n<li>L&#039;accent architectural mis sur l&#039;int\u00e9gration solaire esth\u00e9tique<\/li>\n<li>Besoins en \u00e9nergie mobile et portable dans tous les secteurs<\/li>\n<\/ul>\n<p><strong>Positionnez votre entreprise \u00e0 la pointe de cette croissance<\/strong>\u00a0en proposant une technologie HPBC haut de gamme qui r\u00e9pond aux march\u00e9s que les panneaux traditionnels ne peuvent pas atteindre.<\/p>\n<\/div>\n<div class=\"cta-section\">\n<h2><\/h2>\n<h2>\ud83d\ude80 Pr\u00eat \u00e0 ajouter l\u2019\u00e9nergie solaire premium \u00e0 votre gamme de produits\u00a0?<\/h2>\n<p>Associez-vous \u00e0 Couleenergy pour une technologie HPBC de pointe, une personnalisation flexible et un support de fabrication r\u00e9actif.<\/p>\n<div>\n<p><strong>Coordonn\u00e9es:<\/strong><\/p>\n<p>\ud83d\udce7\u00a0<strong>E-mail:<\/strong>\u00a0info@couleenergy.com<br \/>\n\ud83d\udcde\u00a0<strong>T\u00e9l\u00e9phone:<\/strong>\u00a0+1 737 702 0119<br \/>\n\ud83c\udf10\u00a0<strong>Site web:<\/strong> couleenergy.com<\/p>\n<\/div>\n<\/div>\n<div>\n<p><strong>Couleenergy \u2013 Fabrication solaire avanc\u00e9e<\/strong><\/p>\n<p>Sp\u00e9cialis\u00e9 en technologie HPBC | Solutions personnalis\u00e9es \u00e0 faible quantit\u00e9 minimale de commande | Acc\u00e8s direct \u00e0 l&#039;usine<\/p>\n<\/div>","protected":false},"excerpt":{"rendered":"<p class=\"p1\">Con\u00e7u sp\u00e9cifiquement pour les applications o\u00f9 les panneaux rigides traditionnels ne sont pas adapt\u00e9s, notre panneau solaire flexible HPBC de 160 W p\u00e8se environ 2,3 kg et se plie jusqu&#039;\u00e0 240\u00b0 pour une installation parfaite sur les toits de camping-cars, les pontons de bateaux et autres \u00e9l\u00e9ments architecturaux. Il produit 640 \u00e0 800 Wh par jour et offre des performances sup\u00e9rieures dans les climats chauds et \u00e0 mi-ombre. Son design enti\u00e8rement noir, sans lignes de quadrillage, am\u00e9liore l&#039;esth\u00e9tique du v\u00e9hicule et du b\u00e2timent. Le rev\u00eatement ETFE assure une surface autonettoyante et une r\u00e9sistance \u00e0 l&#039;eau sal\u00e9e. De nombreuses options de personnalisation sont disponibles. Commande minimum\u00a0: 100 unit\u00e9s.<\/p>","protected":false},"featured_media":5998,"template":"","meta":{"_seopress_robots_primary_cat":"none","_seopress_titles_title":"Custom 160W HPBC Bendable Solar Panels | OEM ODM B2B","_seopress_titles_desc":"Flexible 160W HPBC solar panels ideal for RV manufacturers, marine suppliers & architectural integrators. All-black design, ETFE coating. MOQ 100 units.","_seopress_robots_index":""},"product_brand":[],"product_cat":[1594],"product_tag":[],"class_list":{"0":"post-5988","1":"product","2":"type-product","3":"status-publish","4":"has-post-thumbnail","6":"product_cat-bc-modules","8":"first","9":"instock","10":"shipping-taxable","11":"purchasable","12":"product-type-variable","13":"has-default-attributes"},"_links":{"self":[{"href":"https:\/\/couleenergy.com\/fr\/wp-json\/wp\/v2\/product\/5988","targetHints":{"allow":["GET"]}}],"collection":[{"href":"https:\/\/couleenergy.com\/fr\/wp-json\/wp\/v2\/product"}],"about":[{"href":"https:\/\/couleenergy.com\/fr\/wp-json\/wp\/v2\/types\/product"}],"wp:featuredmedia":[{"embeddable":true,"href":"https:\/\/couleenergy.com\/fr\/wp-json\/wp\/v2\/media\/5998"}],"wp:attachment":[{"href":"https:\/\/couleenergy.com\/fr\/wp-json\/wp\/v2\/media?parent=5988"}],"wp:term":[{"taxonomy":"product_brand","embeddable":true,"href":"https:\/\/couleenergy.com\/fr\/wp-json\/wp\/v2\/product_brand?post=5988"},{"taxonomy":"product_cat","embeddable":true,"href":"https:\/\/couleenergy.com\/fr\/wp-json\/wp\/v2\/product_cat?post=5988"},{"taxonomy":"product_tag","embeddable":true,"href":"https:\/\/couleenergy.com\/fr\/wp-json\/wp\/v2\/product_tag?post=5988"}],"curies":[{"name":"wp","href":"https:\/\/api.w.org\/{rel}","templated":true}]}}