{"id":5894,"date":"2025-10-07T08:17:56","date_gmt":"2025-10-07T08:17:56","guid":{"rendered":"https:\/\/couleenergy.com\/?post_type=product&#038;p=5894"},"modified":"2025-10-07T08:43:13","modified_gmt":"2025-10-07T08:43:13","slug":"module-solaire-portable-30-w-mainteneur-de-batterie-solaire-intelligent","status":"publish","type":"product","link":"https:\/\/couleenergy.com\/fr\/product\/portable-solar-module-30w-intelligent-solar-battery-maintainer\/","title":{"rendered":"Module solaire portable 30 W, mainteneur de batterie solaire intelligent"},"content":{"rendered":"<h1>\u26a1 <strong>Mainteneur de batterie solaire intelligent 30 W<\/strong><\/h1>\n<h3><em>Gardez chaque batterie pr\u00eate \u00e0 fonctionner \u2014 Aliment\u00e9e par le soleil<\/em><\/h3>\n<hr \/>\n<h2>\ud83d\udeab <strong>Arr\u00eatez les pertes d&#039;\u00e9nergie dues aux batteries mortes<\/strong><\/h2>\n<p>Les batteries tombent en panne au moment o\u00f9 vous en avez le plus besoin.<\/p>\n<p>Les v\u00e9hicules calent, les bateaux ne d\u00e9marrent pas et les machines restent inactives.<\/p>\n<p>Chaque batterie \u00e0 plat signifie du temps perdu, des efforts gaspill\u00e9s et des appels de service impr\u00e9vus.<\/p>\n<p>M\u00eame \u00e9teintes, les batteries perdent lentement leur charge.<\/p>\n<p>Le froid, un stockage prolong\u00e9 ou de petites consommations d\u2019\u00e9nergie aggravent la situation.<\/p>\n<p>Sans charge d&#039;entretien r\u00e9guli\u00e8re, la tension chute trop bas et la capacit\u00e9 diminue d\u00e9finitivement.<\/p>\n<hr \/>\n<h2>\ud83c\udf1e <strong>Une fa\u00e7on plus intelligente de maintenir l&#039;alimentation \u00e9lectrique<\/strong><\/h2>\n<p>Couleenergy <strong>Mainteneur de batterie solaire intelligent 30 W<\/strong> maintient vos batteries 12V en bonne sant\u00e9 en utilisant uniquement la lumi\u00e8re du soleil.<\/p>\n<p>Il fournit une puissance douce et constante pour arr\u00eater l&#039;\u00e9puisement de la batterie et prolonger sa dur\u00e9e de vie \u2014 aucune connexion au r\u00e9seau n&#039;est requise.<\/p>\n<hr \/>\n<h3>\u2699\ufe0f <strong>Chargement intelligent et fiable<\/strong><\/h3>\n<ul>\n<li>\u2705 <em>Fonctionnement automatique<\/em> \u2014 commence \u00e0 charger lorsque la lumi\u00e8re du soleil est disponible<\/li>\n<li>\ud83d\udd0b <em>Contr\u00f4le en trois \u00e9tapes<\/em> (Bulk \u2192 Absorption \u2192 Float) pour une charge \u00e9quilibr\u00e9e<\/li>\n<li>\u26a1 <em>Protection compl\u00e8te<\/em> contre la charge invers\u00e9e, les courts-circuits et les surtensions<\/li>\n<li>\ud83d\udd06 <em>Indicateurs LED<\/em> afficher clairement l&#039;\u00e9tat de charge et de la batterie<\/li>\n<li>\ud83d\udd01 <em>Sans entretien<\/em> conception \u2014 connectez-vous une fois et oubliez<\/li>\n<\/ul>\n<hr \/>\n<h3>\ud83d\udee1\ufe0f <strong>Con\u00e7u pour une utilisation prolong\u00e9e en ext\u00e9rieur<\/strong><\/h3>\n<blockquote><p>La surface en ETFE r\u00e9siste aux UV, \u00e0 la corrosion et \u00e0 la gr\u00eale. La couche de fibre de verre flexible s&#039;adapte facilement aux surfaces planes ou courbes.<\/p><\/blockquote>\n<hr \/>\n<h3><\/h3>\n<h3>\ud83d\udd0b <strong>Fonctionne avec tous les types de batteries 12 V<\/strong><\/h3>\n<ul>\n<li>Plomb-acide (AGM, GEL, \u00e9lectrolytique, SLA)<\/li>\n<li>Lithium (LiFePO\u2084, Li-ion)<\/li>\n<li>Batteries \u00e0 d\u00e9charge profonde et sans entretien<\/li>\n<\/ul>\n<p><strong>Options de connexion :<\/strong><\/p>\n<ul>\n<li>\ud83e\udde9 Bornes \u00e0 joint torique pour montage fixe<\/li>\n<li>\ud83d\udc0a Pinces crocodiles pour une utilisation rapide<\/li>\n<li>\ud83d\ude97 Prise de voiture pour v\u00e9hicules en veille<\/li>\n<\/ul>\n<hr \/>\n<h2>\ud83e\udded <strong>Con\u00e7u pour des applications polyvalentes<\/strong><\/h2>\n<table>\n<thead>\n<tr>\n<th>Cat\u00e9gorie<\/th>\n<th>Utilisation typique<\/th>\n<\/tr>\n<\/thead>\n<tbody>\n<tr>\n<td>\ud83d\ude9a <strong>V\u00e9hicules de flotte<\/strong><\/td>\n<td>Voitures, camions, remorques, unit\u00e9s de service<\/td>\n<\/tr>\n<tr>\n<td>\u2693 <strong>Syst\u00e8mes marins<\/strong><\/td>\n<td>Bateaux, yachts, \u00e9quipements de quai<\/td>\n<\/tr>\n<tr>\n<td>\ud83c\udf3e <strong>Agriculture<\/strong><\/td>\n<td>Tracteurs, moissonneuses-batteuses, pompes d&#039;irrigation<\/td>\n<\/tr>\n<tr>\n<td>\ud83d\udea8 <strong>Alimentation de secours<\/strong><\/td>\n<td>G\u00e9n\u00e9rateurs de secours, v\u00e9hicules de secours<\/td>\n<\/tr>\n<tr>\n<td>\ud83c\udfed <strong>\u00c9quipement industriel<\/strong><\/td>\n<td>Chariots \u00e9l\u00e9vateurs, outils \u00e0 distance, dispositifs de surveillance<\/td>\n<\/tr>\n<\/tbody>\n<\/table>\n<hr \/>\n<h2><\/h2>\n<h2>\ud83c\udf0d <strong>Expertise solaire de confiance<\/strong><\/h2>\n<p>Couleenergy con\u00e7oit et fabrique des modules solaires durables con\u00e7us pour des conditions de travail r\u00e9elles.<\/p>\n<p>Chaque mainteneur de batterie solaire est con\u00e7u avec <strong>cellules solaires haut de gamme, mat\u00e9riaux de haute qualit\u00e9 et circuits de protection avanc\u00e9s<\/strong> pour des performances stables tout au long de l&#039;ann\u00e9e.<\/p>\n<p>Notre \u00e9quipe d&#039;ing\u00e9nierie peut \u00e9galement vous aider \u00e0 d\u00e9velopper <strong>solutions de panneaux solaires personnalis\u00e9es<\/strong> Pour s&#039;adapter \u00e0 votre \u00e9quipement ou configuration syst\u00e8me. Fiable, efficace et performant\u00a0: telle est la r\u00e9f\u00e9rence Couleenergy.<\/p>\n<hr \/>\n<h2>\ud83c\udfaf <strong>Commencez \u00e0 alimenter plus intelligemment<\/strong><\/h2>\n<p>Ne laissez pas les batteries mortes ralentir vos op\u00e9rations.<\/p>\n<p>Choisissez le <strong>Mainteneur de batterie solaire intelligent 30 W<\/strong> et gardez chaque syst\u00e8me pr\u00eat au moment le plus important.<\/p>\n<p>\ud83d\udce9 <strong>E-mail:<\/strong> <a href=\"mailto:info@couleenergy.com\">info@couleenergy.com<\/a><\/p>\n<p>\ud83d\udcde <strong>Appel:<\/strong> +1 737 702 0119<\/p>\n<p><strong>Alimenter les op\u00e9rations professionnelles avec des solutions solaires intelligentes.<\/strong><\/p>\n<p><!-- notionvc: c5f1cf23-793a-4c6f-a305-28e120dce3ef --><\/p>","protected":false},"excerpt":{"rendered":"<p class=\"p1\">Le mainteneur de batterie solaire intelligent 30 W de Couleenergy pr\u00e9vient les pertes de puissance des v\u00e9hicules et machines immobilis\u00e9s. Ses cellules solaires \u00e0 haut rendement, sa protection IP68 et sa charge intelligente permettent aux batteries de fonctionner en toute saison.<\/p>","protected":false},"featured_media":5904,"template":"","meta":{"_seopress_robots_primary_cat":"none","_seopress_titles_title":"Portable Solar Module 30W Intelligent Solar Battery Maintainer","_seopress_titles_desc":"Keep every 12V battery charged and ready with Couleenergy\u2019s 30W Intelligent Solar Maintainer. Smart, waterproof, and built for long outdoor performance.","_seopress_robots_index":""},"product_brand":[],"product_cat":[1572],"product_tag":[],"class_list":{"0":"post-5894","1":"product","2":"type-product","3":"status-publish","4":"has-post-thumbnail","6":"product_cat-small-modules","8":"first","9":"instock","10":"shipping-taxable","11":"purchasable","12":"product-type-variable","13":"has-default-attributes"},"_links":{"self":[{"href":"https:\/\/couleenergy.com\/fr\/wp-json\/wp\/v2\/product\/5894","targetHints":{"allow":["GET"]}}],"collection":[{"href":"https:\/\/couleenergy.com\/fr\/wp-json\/wp\/v2\/product"}],"about":[{"href":"https:\/\/couleenergy.com\/fr\/wp-json\/wp\/v2\/types\/product"}],"wp:featuredmedia":[{"embeddable":true,"href":"https:\/\/couleenergy.com\/fr\/wp-json\/wp\/v2\/media\/5904"}],"wp:attachment":[{"href":"https:\/\/couleenergy.com\/fr\/wp-json\/wp\/v2\/media?parent=5894"}],"wp:term":[{"taxonomy":"product_brand","embeddable":true,"href":"https:\/\/couleenergy.com\/fr\/wp-json\/wp\/v2\/product_brand?post=5894"},{"taxonomy":"product_cat","embeddable":true,"href":"https:\/\/couleenergy.com\/fr\/wp-json\/wp\/v2\/product_cat?post=5894"},{"taxonomy":"product_tag","embeddable":true,"href":"https:\/\/couleenergy.com\/fr\/wp-json\/wp\/v2\/product_tag?post=5894"}],"curies":[{"name":"wp","href":"https:\/\/api.w.org\/{rel}","templated":true}]}}