{"id":5816,"date":"2025-09-26T02:35:56","date_gmt":"2025-09-26T02:35:56","guid":{"rendered":"https:\/\/couleenergy.com\/?post_type=product&#038;p=5816"},"modified":"2025-09-26T04:12:05","modified_gmt":"2025-09-26T04:12:05","slug":"module-solaire-de-15-w-pour-projets-hors-reseau","status":"publish","type":"product","link":"https:\/\/couleenergy.com\/fr\/product\/15w-solar-module-for-off-grid-projects\/","title":{"rendered":"Module solaire 15 W pour projets hors r\u00e9seau"},"content":{"rendered":"<h2><b>Module solaire Couleenergy 15 W\u00a0<\/b><\/h2>\n<p class=\"p3\">Couleenergy accompagne une client\u00e8le B2B internationale, des d\u00e9veloppeurs et int\u00e9grateurs aux distributeurs et OEM. Notre quantit\u00e9 minimale de commande est de seulement <span class=\"s2\"><b>100 pi\u00e8ces<\/b><\/span>, permettant m\u00eame aux petits projets d&#039;acc\u00e9der \u00e0 des modules solaires de haute qualit\u00e9 sans avoir \u00e0 passer d&#039;\u00e9normes commandes initiales.<\/p>\n<p class=\"p3\">Le <span class=\"s2\"><b>CLM-015M-36<\/b><\/span> est un module compact et robuste de 15 W, con\u00e7u pour une large gamme d&#039;applications hors r\u00e9seau et distribu\u00e9es. Il allie durabilit\u00e9, efficacit\u00e9 et flexibilit\u00e9 pour r\u00e9pondre efficacement aux besoins de votre projet.<\/p>\n<hr \/>\n<h3><b>Sp\u00e9cifications de base<\/b><\/h3>\n<ul>\n<li>\n<p class=\"p1\"><b>Puissance maximale (Pm) :<\/b><span class=\"s1\"> 15 W<\/span><\/p>\n<\/li>\n<li>\n<p class=\"p1\"><b>Tension de fonctionnement (Vmp) :<\/b><span class=\"s1\"> 12 V<\/span><\/p>\n<\/li>\n<li>\n<p class=\"p1\"><b>Courant de fonctionnement (Imp) :<\/b><span class=\"s1\"> 1,25 A<\/span><\/p>\n<\/li>\n<li>\n<p class=\"p1\"><span class=\"s1\"><b>Dimensions:<\/b><\/span> 480 \u00d7 190 \u00d7 25 mm<\/p>\n<\/li>\n<li>\n<p class=\"p1\"><span class=\"s1\"><b>Encapsulation :<\/b><\/span> Verre tremp\u00e9 + TPT<\/p>\n<\/li>\n<li>\n<p class=\"p1\"><span class=\"s1\"><b>Type de cellule :<\/b><\/span> Silicium monocristallin<\/p>\n<\/li>\n<li>\n<p class=\"p1\"><span class=\"s1\"><b>Cadre et bo\u00eete de jonction :<\/b><\/span> Aluminium anodis\u00e9 argent + bo\u00eete de jonction r\u00e9sistante aux intemp\u00e9ries<\/p>\n<\/li>\n<li>\n<p class=\"p1\"><b>Num\u00e9ro de mod\u00e8le:<\/b><span class=\"s1\"> CLM-015M-36<\/span><\/p>\n<\/li>\n<\/ul>\n<p class=\"p3\">\ud83d\udca1 <i>Remarque\u00a0: En raison des variations entre les matrices de cellules et les lots de fabrication, la puissance r\u00e9elle du module peut varier l\u00e9g\u00e8rement. Veuillez nous contacter pour obtenir les donn\u00e9es de performance et les rapports de test les plus r\u00e9cents.<\/i><i><\/i><\/p>\n<hr \/>\n<h3><b>Pourquoi choisir ce module ?<\/b><\/h3>\n<h4><b>Taille compacte, haute efficacit\u00e9<\/b><\/h4>\n<p class=\"p3\">Gr\u00e2ce aux cellules PERC, ce module d\u00e9livre plus de puissance par centim\u00e8tre carr\u00e9. Vous gagnerez ainsi en espace pr\u00e9cieux pour vos syst\u00e8mes de montage. Dans les installations exigu\u00ebs (balcons, poteaux, unit\u00e9s isol\u00e9es), des modules compacts font toute la diff\u00e9rence.<\/p>\n<h4><b>Construction robuste pour des conditions r\u00e9elles<\/b><\/h4>\n<p class=\"p3\">Le verre tremp\u00e9 et l&#039;encapsulation TPT prot\u00e8gent contre la gr\u00eale, les UV, les variations de temp\u00e9rature et l&#039;humidit\u00e9. Le cadre en aluminium anodis\u00e9 assure une r\u00e9sistance optimale aux charges de vent, et le bo\u00eetier de jonction assure des connexions \u00e9lectriques s\u00fbres et durables.<\/p>\n<h4><b>Int\u00e9gration facile dans les syst\u00e8mes<\/b><\/h4>\n<p class=\"p3\">Fonctionnant \u00e0 environ 12 V et 1,25 A, il s&#039;int\u00e8gre parfaitement aux r\u00e9gulateurs de charge autonomes, aux syst\u00e8mes de batterie et aux circuits d&#039;\u00e9clairage. La taille du module est compatible avec de nombreux supports de montage standard, r\u00e9duisant ainsi les co\u00fbts de personnalisation. Nous prenons en charge la compatibilit\u00e9 technique si n\u00e9cessaire.<\/p>\n<h4><b>Con\u00e7u pour des cas d&#039;utilisation vari\u00e9s<\/b><\/h4>\n<p class=\"p3\">Vous trouverez ce module id\u00e9al dans :<\/p>\n<ul>\n<li>\n<p class=\"p1\"><span class=\"s1\"><b>Syst\u00e8mes d&#039;\u00e9clairage<\/b><\/span> (\u00e9clairage public, \u00e9clairage de jardin et de chemin, \u00e9clairage de panneaux d&#039;affichage)<\/p>\n<\/li>\n<li>\n<p class=\"p1\"><b>Contr\u00f4leurs d&#039;irrigation et de pompage agricoles<\/b><b><\/b><\/p>\n<\/li>\n<li>\n<p class=\"p1\"><b>\u00c9quipements intelligents et capteurs ext\u00e9rieurs<\/b><b><\/b><\/p>\n<\/li>\n<li>\n<p class=\"p1\"><b>Unit\u00e9s de s\u00e9curit\u00e9, de surveillance ou de t\u00e9l\u00e9communication \u00e0 distance<\/b><b><\/b><\/p>\n<\/li>\n<li>\n<p class=\"p1\"><b>\u00c9clairage urbain ou de parc, abribus, am\u00e9nagements de balcons<\/b><\/p>\n<\/li>\n<\/ul>\n<p class=\"p3\">Parce que nous livrons en gros (ou en petites s\u00e9ries), vous pouvez \u00e9voluer progressivement ou r\u00e9aliser facilement des projets pilotes.<\/p>\n<hr \/>\n<h3><img fetchpriority=\"high\" decoding=\"async\" class=\"aligncenter size-full wp-image-5829\" src=\"https:\/\/couleenergy.com\/wp-content\/uploads\/2025\/09\/Couleenergy-15W-Solar-Panel-Compact-Off-Grid-Power-Solutions.jpg\" alt=\"Panneau solaire 15W pour le camping\" width=\"1600\" height=\"1600\" srcset=\"https:\/\/couleenergy.com\/wp-content\/uploads\/2025\/09\/Couleenergy-15W-Solar-Panel-Compact-Off-Grid-Power-Solutions.jpg 1600w, https:\/\/couleenergy.com\/wp-content\/uploads\/2025\/09\/Couleenergy-15W-Solar-Panel-Compact-Off-Grid-Power-Solutions-300x300.jpg 300w, https:\/\/couleenergy.com\/wp-content\/uploads\/2025\/09\/Couleenergy-15W-Solar-Panel-Compact-Off-Grid-Power-Solutions-1024x1024.jpg 1024w, https:\/\/couleenergy.com\/wp-content\/uploads\/2025\/09\/Couleenergy-15W-Solar-Panel-Compact-Off-Grid-Power-Solutions-150x150.jpg 150w, https:\/\/couleenergy.com\/wp-content\/uploads\/2025\/09\/Couleenergy-15W-Solar-Panel-Compact-Off-Grid-Power-Solutions-768x768.jpg 768w, https:\/\/couleenergy.com\/wp-content\/uploads\/2025\/09\/Couleenergy-15W-Solar-Panel-Compact-Off-Grid-Power-Solutions-1536x1536.jpg 1536w, https:\/\/couleenergy.com\/wp-content\/uploads\/2025\/09\/Couleenergy-15W-Solar-Panel-Compact-Off-Grid-Power-Solutions-12x12.jpg 12w, https:\/\/couleenergy.com\/wp-content\/uploads\/2025\/09\/Couleenergy-15W-Solar-Panel-Compact-Off-Grid-Power-Solutions-500x500.jpg 500w, https:\/\/couleenergy.com\/wp-content\/uploads\/2025\/09\/Couleenergy-15W-Solar-Panel-Compact-Off-Grid-Power-Solutions-600x600.jpg 600w, https:\/\/couleenergy.com\/wp-content\/uploads\/2025\/09\/Couleenergy-15W-Solar-Panel-Compact-Off-Grid-Power-Solutions-100x100.jpg 100w\" sizes=\"(max-width: 1600px) 100vw, 1600px\" \/><\/h3>\n<h3><b>Ce que vous obtenez en travaillant avec nous<\/b><\/h3>\n<ol start=\"1\">\n<li>\n<p class=\"p1\"><b>Tarification et assistance directes du fabricant<\/b><b><\/b><\/p>\n<p class=\"p2\">Pas de marges interm\u00e9diaires. Vous achetez directement \u00e0 la source. Nous offrons un support technique, des fiches techniques, des certifications et des fichiers CAO.<\/p>\n<\/li>\n<li>\n<p class=\"p1\"><b>Quantit\u00e9 minimale de commande flexible (100 pi\u00e8ces)<\/b><b><\/b><\/p>\n<p class=\"p2\">De nombreux fabricants imposent des minimums de production tr\u00e8s \u00e9lev\u00e9s. Nous acceptons vos commandes \u00e0 partir de 100 unit\u00e9s seulement. Augmentez vos quantit\u00e9s ult\u00e9rieurement si vos commandes augmentent.<\/p>\n<\/li>\n<li>\n<p class=\"p1\"><b>Contr\u00f4le qualit\u00e9 et tra\u00e7abilit\u00e9<\/b><b><\/b><\/p>\n<p class=\"p2\">Nous testons la production, effectuons des contr\u00f4les d&#039;\u00e9lectroluminescence et maintenons la tra\u00e7abilit\u00e9 des lots afin que vous sachiez que chaque module solaire est conforme aux sp\u00e9cifications.<\/p>\n<\/li>\n<li>\n<p class=\"p1\"><b>Capacit\u00e9 d&#039;exportation mondiale<\/b><b><\/b><\/p>\n<p class=\"p2\">Nous nous occupons de l&#039;emballage, de la documentation d&#039;exportation et de la coordination logistique jusqu&#039;\u00e0 votre port ou entrep\u00f4t.<\/p>\n<\/li>\n<li>\n<p class=\"p1\"><b>Assistance \u00e0 la personnalisation<\/b><b><\/b><\/p>\n<p class=\"p2\">Besoin d&#039;un connecteur diff\u00e9rent, de trous de fixation ou de modifications m\u00e9caniques mineures\u00a0? Nous pouvons personnaliser les commandes pour les volumes importants.<\/p>\n<\/li>\n<\/ol>\n<hr \/>\n<h3><b>Accent sur la performance et la fiabilit\u00e9<\/b><\/h3>\n<p class=\"p3\">Nous accordons une grande importance aux performances \u00e0 long terme. Bien que la puissance nominale de 15 W soit id\u00e9ale, nous effectuons des tests rigoureux en conditions r\u00e9elles et avec des coefficients de temp\u00e9rature pr\u00e9cis pour vous aider \u00e0 pr\u00e9voir le rendement \u00e9nerg\u00e9tique r\u00e9el. Pour les applications critiques, nous fournissons les donn\u00e9es de mesure les plus r\u00e9centes par lot.<\/p>\n<p class=\"p3\">Nous comprenons \u00e9galement que dans les projets B2B, la d\u00e9faillance d&#039;un module ne se limite pas au remplacement d&#039;un seul panneau solaire\u00a0: elle est \u00e9galement une question de r\u00e9putation, de retards de projet et de co\u00fbts d&#039;exploitation. C&#039;est pourquoi nos modules solaires sont con\u00e7us pour durer, avec des mat\u00e9riaux choisis pour limiter leur d\u00e9gradation au fil du temps.<\/p>\n<hr \/>\n<h3><b>\ud83c\udf1e Alimentons ensemble des projets<\/b><\/h3>\n<p class=\"p3\">Ne laissez pas les petits modules solaires limiter votre impact. <span class=\"s2\"><b>Module solaire Couleenergy CLM-015M-36 15 W<\/b><\/span> Offre une solution compacte, fiable et flexible pour une large gamme de projets. Contactez-nous d\u00e8s aujourd&#039;hui pour obtenir vos derni\u00e8res donn\u00e9es de performance, des exemples de modules ou nos tarifs. Dynamisons vos syst\u00e8mes en toute confiance, ensemble.<\/p>\n<p>inquiries@couleenergy.com<br \/>\n+1 737 702 0119<\/p>","protected":false},"excerpt":{"rendered":"<div class=\"grid-cols-1 grid gap-2.5 [&amp;_&gt;_*]:min-w-0 !gap-3.5\">\n<p class=\"p1\">Order Couleenergy\u2019s 15W solar panels for signage, irrigation, and intelligent equipment. Durable build, compact size, and export support. Small MOQ: 100 pcs.<\/p>\n<\/div>\n","protected":false},"featured_media":5828,"template":"","meta":{"_seopress_robots_primary_cat":"none","_seopress_titles_title":"15W Solar Module for Off-Grid Projects","_seopress_titles_desc":"Durable 15W solar panel designed for small off-grid systems. High efficiency, compact size, and long service life. MOQ from 100 pieces.","_seopress_robots_index":""},"product_brand":[],"product_cat":[1572],"product_tag":[],"class_list":{"0":"post-5816","1":"product","2":"type-product","3":"status-publish","4":"has-post-thumbnail","6":"product_cat-small-modules","8":"first","9":"instock","10":"shipping-taxable","11":"purchasable","12":"product-type-variable","13":"has-default-attributes"},"_links":{"self":[{"href":"https:\/\/couleenergy.com\/fr\/wp-json\/wp\/v2\/product\/5816","targetHints":{"allow":["GET"]}}],"collection":[{"href":"https:\/\/couleenergy.com\/fr\/wp-json\/wp\/v2\/product"}],"about":[{"href":"https:\/\/couleenergy.com\/fr\/wp-json\/wp\/v2\/types\/product"}],"wp:featuredmedia":[{"embeddable":true,"href":"https:\/\/couleenergy.com\/fr\/wp-json\/wp\/v2\/media\/5828"}],"wp:attachment":[{"href":"https:\/\/couleenergy.com\/fr\/wp-json\/wp\/v2\/media?parent=5816"}],"wp:term":[{"taxonomy":"product_brand","embeddable":true,"href":"https:\/\/couleenergy.com\/fr\/wp-json\/wp\/v2\/product_brand?post=5816"},{"taxonomy":"product_cat","embeddable":true,"href":"https:\/\/couleenergy.com\/fr\/wp-json\/wp\/v2\/product_cat?post=5816"},{"taxonomy":"product_tag","embeddable":true,"href":"https:\/\/couleenergy.com\/fr\/wp-json\/wp\/v2\/product_tag?post=5816"}],"curies":[{"name":"wp","href":"https:\/\/api.w.org\/{rel}","templated":true}]}}