{"id":5687,"date":"2025-09-19T02:06:59","date_gmt":"2025-09-19T02:06:59","guid":{"rendered":"https:\/\/couleenergy.com\/?post_type=product&#038;p=5687"},"modified":"2025-09-19T07:14:29","modified_gmt":"2025-09-19T07:14:29","slug":"panneaux-solaires-abc-double-vitrage-500-w-et-520-w-avec-solutions-sur-mesure","status":"publish","type":"product","link":"https:\/\/couleenergy.com\/fr\/product\/abc-dual-glass-500w-520w-solar-panels-with-bespoke-solutions\/","title":{"rendered":"Panneaux solaires ABC double vitrage 500 W\u2013520 W avec solutions sur mesure"},"content":{"rendered":"<p class=\"p3\">Le <a href=\"https:\/\/couleenergy.com\/wp-content\/uploads\/2025\/09\/Neostar-2S_Plus_188-AIKO-A-MAH60Db-500-520_1954x1134x30mm_Black-Frame_EN_2409_V1.1.pdf\" target=\"_blank\" rel=\"noopener\">Aiko NEOSTAR 2S+60<\/a> est une nouvelle g\u00e9n\u00e9ration <span class=\"s1\"><b>panneau solaire \u00e0 double vitrage<\/b><\/span> Construit avec des cellules ABC de type N. Il offre une puissance \u00e9lev\u00e9e, une esth\u00e9tique \u00e9l\u00e9gante et une fiabilit\u00e9 durable. Chaque module offre jusqu&#039;\u00e0 <span class=\"s1\"><b>Puissance de sortie de 520 W<\/b><\/span> avec <span class=\"s1\"><b>Efficacit\u00e9 23.5%<\/b><\/span>, ce qui en fait un choix judicieux pour les projets B2B exigeants.<\/p>\n<p class=\"p1\"><b>Caract\u00e9ristiques principales :<\/b><b><\/b><\/p>\n<ul>\n<li>\n<p class=\"p1\"><span class=\"s1\"><b>Haute puissance et efficacit\u00e9<\/b><\/span> \u2013 Jusqu&#039;\u00e0 520 W avec la technologie avanc\u00e9e ABC de type N.<\/p>\n<\/li>\n<li>\n<p class=\"p1\"><span class=\"s1\"><b>Fiabilit\u00e9 \u00e0 long terme<\/b><\/span> \u2013 Garantie de performance lin\u00e9aire de 30 ans et forte r\u00e9sistance aux microfissures.<\/p>\n<\/li>\n<li>\n<p class=\"p1\"><span class=\"s1\"><b>Conception \u00e0 double vitrage<\/b><\/span> \u2013 Verre semi-tremp\u00e9 2,0 + 2,0 mm pour plus de solidit\u00e9, de s\u00e9curit\u00e9 incendie et une meilleure r\u00e9sistance aux intemp\u00e9ries.<\/p>\n<\/li>\n<li>\n<p class=\"p1\"><span class=\"s1\"><b>Meilleures performances en cas de chaleur et d&#039;ombre<\/b><\/span> \u2013 Optimis\u00e9 pour l\u2019ombrage partiel, avec un faible coefficient de temp\u00e9rature pour un rendement stable.<\/p>\n<\/li>\n<li>\n<p class=\"p1\"><span class=\"s1\"><b>Construit pour durer<\/b><\/span> \u2013 Classement au feu IEC classe A, charge frontale de 5\u00a0400 Pa et durabilit\u00e9 test\u00e9e contre la gr\u00eale.<\/p>\n<\/li>\n<\/ul>\n<p class=\"p3\">Mais chez Couleenergy, nous savons que tous les projets ne correspondent pas \u00e0 une taille de panneau standard. C&#039;est pourquoi nous allons au-del\u00e0 de la distribution. <span class=\"s1\"><b>Fabricant de panneaux solaires ABC<\/b><\/span>, nous nous sp\u00e9cialisons dans <span class=\"s1\"><b>solutions de panneaux solaires sur mesure<\/b><\/span>. Si le format 1954 \u00d7 1134 \u00d7 30 mm du NEOSTAR ne convient pas \u00e0 votre conception, notre \u00e9quipe peut vous livrer <span class=\"s1\"><b>production de modules solaires sur mesure<\/b><\/span>\u2014des dimensions personnalis\u00e9es aux puissances nominales uniques.<\/p>\n<p class=\"p3\">Cette flexibilit\u00e9 signifie que vous obtenez le meilleur des deux mondes : la technologie de classe mondiale d&#039;Aiko, plus <span class=\"s1\"><b>panneaux personnalis\u00e9s<\/b><\/span> con\u00e7u pour r\u00e9pondre exactement \u00e0 vos besoins B2B.<\/p>\n<hr class=\"border-border-300 my-2\" \/>\n<p class=\"p1\">\ud83d\udc49 Vous cherchez un panneau qui n&#039;existe pas au catalogue\u00a0? Couleenergy vous le permet. Contactez-nous d\u00e8s aujourd&#039;hui pour discuter de votre projet.<\/p>\n<p class=\"whitespace-normal break-words\"><strong>E-mail:<\/strong> <a class=\"underline\" href=\"mailto:info@couleenergy.com\">info@couleenergy.com<\/a><br \/>\n<strong>T\u00e9l\u00e9phone:<\/strong> +1 737 702 0119<br \/>\n<strong>Site web:<\/strong> couleenergy.com<\/p>\n<h3 class=\"text-lg font-bold text-text-100 mt-1 -mb-1.5\">Couleenergy \u2013 Votre partenaire d&#039;excellence solaire<\/h3>","protected":false},"excerpt":{"rendered":"<p class=\"p1\">Construit avec des cellules ABC de type N avanc\u00e9es, le panneau \u00e0 double verre NEOSTAR offre <span class=\"s1\"><b>haute puissance et fiabilit\u00e9<\/b><\/span>. Couleenergy soutient <span class=\"s1\"><b>production de modules solaires sur mesure<\/b><\/span>, aidant les clients \u00e0 atteindre des objectifs de projet pr\u00e9cis lorsque les panneaux standard ne sont pas \u00e0 la hauteur.<\/p>","protected":false},"featured_media":5697,"template":"","meta":{"_seopress_robots_primary_cat":"none","_seopress_titles_title":"Tailored Solar Module Production | NEOSTAR 500W\u2013520W Dual Glass","_seopress_titles_desc":"Couleenergy delivers bespoke solar panel solutions with dual glass 500W\u2013520W modules. Perfect for projects needing non-standard solar designs.","_seopress_robots_index":""},"product_brand":[],"product_cat":[1594],"product_tag":[],"class_list":{"0":"post-5687","1":"product","2":"type-product","3":"status-publish","4":"has-post-thumbnail","6":"product_cat-bc-modules","8":"first","9":"instock","10":"shipping-taxable","11":"purchasable","12":"product-type-variable","13":"has-default-attributes"},"_links":{"self":[{"href":"https:\/\/couleenergy.com\/fr\/wp-json\/wp\/v2\/product\/5687","targetHints":{"allow":["GET"]}}],"collection":[{"href":"https:\/\/couleenergy.com\/fr\/wp-json\/wp\/v2\/product"}],"about":[{"href":"https:\/\/couleenergy.com\/fr\/wp-json\/wp\/v2\/types\/product"}],"wp:featuredmedia":[{"embeddable":true,"href":"https:\/\/couleenergy.com\/fr\/wp-json\/wp\/v2\/media\/5697"}],"wp:attachment":[{"href":"https:\/\/couleenergy.com\/fr\/wp-json\/wp\/v2\/media?parent=5687"}],"wp:term":[{"taxonomy":"product_brand","embeddable":true,"href":"https:\/\/couleenergy.com\/fr\/wp-json\/wp\/v2\/product_brand?post=5687"},{"taxonomy":"product_cat","embeddable":true,"href":"https:\/\/couleenergy.com\/fr\/wp-json\/wp\/v2\/product_cat?post=5687"},{"taxonomy":"product_tag","embeddable":true,"href":"https:\/\/couleenergy.com\/fr\/wp-json\/wp\/v2\/product_tag?post=5687"}],"curies":[{"name":"wp","href":"https:\/\/api.w.org\/{rel}","templated":true}]}}