{"id":4829,"date":"2025-06-30T10:01:23","date_gmt":"2025-06-30T10:01:23","guid":{"rendered":"https:\/\/couleenergy.com\/?post_type=product&#038;p=4829"},"modified":"2025-06-30T12:19:05","modified_gmt":"2025-06-30T12:19:05","slug":"panneaux-solaires-personnalises-de-petite-taille-25-w-12-v-pour-projets-hors-reseau-oem","status":"publish","type":"product","link":"https:\/\/couleenergy.com\/fr\/product\/25w-12v-custom-small-solar-panels-for-oem-off-grid-projects\/","title":{"rendered":"Panneaux solaires personnalis\u00e9s de petite taille 25 W 12 V pour projets OEM et hors r\u00e9seau"},"content":{"rendered":"<h3><b>Petits panneaux solaires Couleenergy\u00a0: une \u00e9nergie sp\u00e9cialement con\u00e7ue pour les applications modernes<\/b><\/h3>\n<p class=\"p3\">\u00c0 <span class=\"s2\"><b>Couleenergy<\/b><\/span>, nous nous sp\u00e9cialisons dans la haute efficacit\u00e9 <span class=\"s2\"><b>petits panneaux solaires<\/b><\/span> Des performances sup\u00e9rieures \u00e0 celles de leur taille. Nos modules monocristallins sont reconnus dans le monde entier pour leur excellent rendement \u00e9nerg\u00e9tique, leur qualit\u00e9 de fabrication haut de gamme et leur facilit\u00e9 d&#039;utilisation, le tout dans un format compact.<\/p>\n<p class=\"p3\">Con\u00e7us dans un souci de flexibilit\u00e9, ces panneaux sont id\u00e9aux pour <span class=\"s2\"><b>applications \u00e9lectriques hors r\u00e9seau, mobiles et sp\u00e9cialis\u00e9es<\/b><\/span>Des camping-cars et syst\u00e8mes marins \u00e0 l&#039;agriculture, en passant par l&#039;alimentation de secours et les produits OEM int\u00e9gr\u00e9s. Que vous ayez besoin d&#039;alimenter un appareil, d&#039;entretenir une batterie 12 V ou de cr\u00e9er une solution solaire enti\u00e8rement int\u00e9gr\u00e9e, nos panneaux solaires r\u00e9pondent \u00e0 vos besoins. <span class=\"s2\"><b>puissance maximale dans un espace minimal<\/b><\/span>.<\/p>\n<p class=\"p3\">Mais la vraie diff\u00e9rence r\u00e9side dans la fa\u00e7on dont nous travaillons avec <span class=\"s2\">des entreprises comme la v\u00f4tre<\/span>.<\/p>\n<p class=\"p3\">En tant que fabricant avec une grande exp\u00e9rience dans <span class=\"s2\"><b>ing\u00e9nierie solaire sur mesure<\/b><\/span>Couleenergy est votre partenaire strat\u00e9gique pour la r\u00e9ussite de vos activit\u00e9s B2B. Nous proposons\u00a0:<\/p>\n<ul>\n<li>\n<p class=\"p1\">\u2705 <span class=\"s1\"><b>Dimensions du panneau personnalisables<\/b><\/span>, tensions et configurations de cellules pour r\u00e9pondre aux besoins exacts de l&#039;application<\/p>\n<\/li>\n<li>\n<p class=\"p1\">\u2705 <span class=\"s1\"><b>Services OEM\/ODM<\/b><\/span> y compris l&#039;image de marque, l&#039;emballage et la documentation<\/p>\n<\/li>\n<li>\n<p class=\"p1\">\u2705 <span class=\"s1\"><b>Production \u00e9volutive<\/b><\/span>, des lots pilotes aux conteneurs complets<\/p>\n<\/li>\n<li>\n<p class=\"p1\">\u2705 <span class=\"s1\"><b>Conseils d&#039;experts<\/b><\/span> du concept \u00e0 la livraison, garantissant une int\u00e9gration transparente<\/p>\n<\/li>\n<li>\n<p class=\"p1\">\u2705 <span class=\"s1\"><b>Conformit\u00e9 internationale<\/b><\/span> avec certifications et documentation pour les march\u00e9s mondiaux<\/p>\n<\/li>\n<\/ul>\n<p class=\"p3\">Si vous d\u00e9veloppez des solutions \u00e9nerg\u00e9tiques innovantes, <span class=\"s2\"><b>nous construirons le panneau solaire qui convient<\/b><\/span> \u2014 non seulement physiquement, mais aussi commercialement. C&#039;est la promesse de Couleenergy.<\/p>\n<p>info@couleenergy.com<br \/>\n+1 737 702 0119 (WhatsApp)<\/p>","protected":false},"excerpt":{"rendered":"<div class=\"grid-cols-1 grid gap-2.5 [&amp;_&gt;_*]:min-w-0 !gap-3.5\">\n<p class=\"p1\"><span class=\"s1\"><b>Couleenergy small solar modules<\/b><\/span> are built for performance in compact applications. Perfect for RVs, battery maintenance, and OEM projects, each unit is engineered with high-efficiency monocrystalline cells and IP67 durability. Tailor voltage, size, and connectors to match your system perfectly.<\/p>\n<\/div>\n","protected":false},"featured_media":4839,"template":"","meta":{"_seopress_robots_primary_cat":"none","_seopress_titles_title":"25W 12V Custom Small Solar Panels for OEM & Off-Grid Projects","_seopress_titles_desc":"Flexible OEM\/ODM solar panel manufacturing for global buyers. Tailored dimensions, packaging, and voltage options available for any application.","_seopress_robots_index":""},"product_brand":[],"product_cat":[1572],"product_tag":[],"class_list":{"0":"post-4829","1":"product","2":"type-product","3":"status-publish","4":"has-post-thumbnail","6":"product_cat-small-modules","8":"first","9":"instock","10":"shipping-taxable","11":"purchasable","12":"product-type-variable","13":"has-default-attributes"},"_links":{"self":[{"href":"https:\/\/couleenergy.com\/fr\/wp-json\/wp\/v2\/product\/4829","targetHints":{"allow":["GET"]}}],"collection":[{"href":"https:\/\/couleenergy.com\/fr\/wp-json\/wp\/v2\/product"}],"about":[{"href":"https:\/\/couleenergy.com\/fr\/wp-json\/wp\/v2\/types\/product"}],"wp:featuredmedia":[{"embeddable":true,"href":"https:\/\/couleenergy.com\/fr\/wp-json\/wp\/v2\/media\/4839"}],"wp:attachment":[{"href":"https:\/\/couleenergy.com\/fr\/wp-json\/wp\/v2\/media?parent=4829"}],"wp:term":[{"taxonomy":"product_brand","embeddable":true,"href":"https:\/\/couleenergy.com\/fr\/wp-json\/wp\/v2\/product_brand?post=4829"},{"taxonomy":"product_cat","embeddable":true,"href":"https:\/\/couleenergy.com\/fr\/wp-json\/wp\/v2\/product_cat?post=4829"},{"taxonomy":"product_tag","embeddable":true,"href":"https:\/\/couleenergy.com\/fr\/wp-json\/wp\/v2\/product_tag?post=4829"}],"curies":[{"name":"wp","href":"https:\/\/api.w.org\/{rel}","templated":true}]}}