{"id":4116,"date":"2025-03-26T14:24:50","date_gmt":"2025-03-26T14:24:50","guid":{"rendered":"https:\/\/couleenergy.com\/?post_type=product&#038;p=4116"},"modified":"2025-03-30T11:50:41","modified_gmt":"2025-03-30T11:50:41","slug":"panneaux-solaires-mono-10-watts-solutions-solaires-hors-reseau-12-v","status":"publish","type":"product","link":"https:\/\/couleenergy.com\/fr\/product\/10-watts-mono-solar-panels-12v-off-grid-solar-solutions\/","title":{"rendered":"Panneaux solaires mono 10 watts, solutions solaires hors r\u00e9seau 12 V"},"content":{"rendered":"<h2>Solution solaire de qualit\u00e9 professionnelle pour les partenaires de distribution<\/h2>\n<p><strong>Vous recherchez un produit solaire fiable \u00e0 petite \u00e9chelle pour compl\u00e9ter votre parc\u00a0? Le CLM-10M-36 de Couleenergy offre un excellent rapport qualit\u00e9-prix et une grande polyvalence.<\/strong><\/p>\n<p>Le panneau solaire CLM-10M-36 10 W b\u00e9n\u00e9ficie d&#039;une technologie monocristalline de qualit\u00e9 et d&#039;une durabilit\u00e9 de niveau professionnel, offrant \u00e0 vos clients une solution d&#039;alimentation fiable pour diverses applications. Ce panneau solaire constitue un compl\u00e9ment pratique \u00e0 votre gamme de produits d&#039;\u00e9nergie renouvelable.<\/p>\n<h2>Principaux arguments de vente pour votre entreprise<\/h2>\n<h3>Sp\u00e9cifications du produit<\/h3>\n<p>Le CLM-10M-36 offre des sp\u00e9cifications qui le rendent comp\u00e9titif sur le march\u00e9 des panneaux solaires 10W :<\/p>\n<ul>\n<li>Conception monocristalline \u00e0 36 cellules<\/li>\n<li>Tension de fonctionnement optimis\u00e9e de 18,6 V pour la charge de la batterie 12 V<\/li>\n<li>Dimensions compactes (9\u2033 \u00d7 13,6\u2033 \u00d7 0,7\u2033) pour un d\u00e9ploiement polyvalent<\/li>\n<li>Construction l\u00e9g\u00e8re (1,8 livre) pour une manipulation plus facile et des frais d&#039;exp\u00e9dition r\u00e9duits<\/li>\n<li>Construction durable avec une charge de neige de 5\u00a0400 Pa et une r\u00e9sistance au vent de 2\u00a0400 Pa<\/li>\n<\/ul>\n<p>Ces sp\u00e9cifications permettent de garantir que vos clients re\u00e7oivent un produit de qualit\u00e9 qui fonctionne de mani\u00e8re fiable dans diverses conditions.<\/p>\n<h3>Applications potentielles du march\u00e9<\/h3>\n<p>Un produit qui peut servir plusieurs segments de client\u00e8le :<\/p>\n<ul>\n<li><strong>D\u00e9taillants d&#039;\u00e9quipements marins<\/strong>:Convient pour l&#039;entretien des batteries, les syst\u00e8mes de navigation et les pompes de cale<\/li>\n<li><strong>Fournisseurs de VR et de camping<\/strong>:Adapt\u00e9 aux besoins d&#039;alimentation hors r\u00e9seau et \u00e0 l&#039;entretien des batteries<\/li>\n<li><strong>Concessionnaires agricoles<\/strong>:Peut prendre en charge les cl\u00f4tures \u00e9lectriques, les capteurs \u00e0 distance et les commandes d&#039;irrigation<\/li>\n<li><strong>Fournisseurs de syst\u00e8mes de s\u00e9curit\u00e9<\/strong>:Peut alimenter des cam\u00e9ras \u00e0 distance et des \u00e9quipements de surveillance<\/li>\n<li><strong>Magasins de pr\u00e9paration aux situations d&#039;urgence<\/strong>:Composant utile pour les syst\u00e8mes d&#039;alimentation de secours<\/li>\n<\/ul>\n<p>Cette polyvalence vous permet de commercialiser dans diff\u00e9rents secteurs avec un seul produit, simplifiant potentiellement la gestion des stocks.<\/p>\n<h3>Avantages pour le client<\/h3>\n<p>Aidez vos clients \u00e0 relever leurs d\u00e9fis \u00e9nerg\u00e9tiques :<\/p>\n<ul>\n<li><strong>Entretien de la batterie<\/strong>: Aide \u00e0 pr\u00e9venir la d\u00e9charge de la batterie dans les \u00e9quipements saisonniers ou peu utilis\u00e9s<\/li>\n<li><strong>Alimentation \u00e0 distance<\/strong>: Fournit de l&#039;\u00e9nergie l\u00e0 o\u00f9 la connexion au r\u00e9seau n&#039;est pas disponible<\/li>\n<li><strong>Facilit\u00e9 d&#039;installation<\/strong>: Trous de montage pr\u00e9-perc\u00e9s et connexions standard<\/li>\n<li><strong>R\u00e9sistance aux intemp\u00e9ries<\/strong>:Plage de fonctionnement de -40 \u00b0F \u00e0 185 \u00b0F pour une fonctionnalit\u00e9 toute l&#039;ann\u00e9e<\/li>\n<li><strong>Performance \u00e0 long terme<\/strong>:Con\u00e7u pour une dur\u00e9e de vie prolong\u00e9e<\/li>\n<\/ul>\n<p>Ces avantages peuvent repr\u00e9senter une valeur potentielle pour vos clients dans diverses applications.<\/p>\n<h2>Assurance qualit\u00e9<\/h2>\n<p>Nos normes de qualit\u00e9 incluent :<\/p>\n<ul>\n<li>Fabrication selon les normes de l&#039;industrie<\/li>\n<li>Test en usine avant exp\u00e9dition<\/li>\n<li>Protection de garantie standard*<\/li>\n<\/ul>\n<p>*Veuillez contacter Couleenergy pour conna\u00eetre les conditions de garantie sp\u00e9cifiques applicables \u00e0 votre r\u00e9gion.<\/p>\n<h2>Assistance aux distributeurs<\/h2>\n<p>Nous travaillons pour soutenir nos partenaires de distribution :<\/p>\n<ul>\n<li>Options de tarification en fonction du volume disponibles<\/li>\n<li>Documentation technique pour votre \u00e9quipe commerciale<\/li>\n<li>Informations et sp\u00e9cifications du produit<\/li>\n<li>Service client d\u00e9di\u00e9<\/li>\n<\/ul>\n<p>Nos programmes de soutien sont con\u00e7us pour s\u2019adapter \u00e0 diff\u00e9rents mod\u00e8les commerciaux, notamment la vente au d\u00e9tail, la distribution en ligne et l\u2019int\u00e9gration de syst\u00e8mes.<\/p>\n<h2>Sp\u00e9cifications techniques<\/h2>\n<p>Sp\u00e9cifications d\u00e9taill\u00e9es pour une prise de d\u00e9cision \u00e9clair\u00e9e :<\/p>\n<ul>\n<li><strong>Mod\u00e8le<\/strong>: CLM-10M-36<\/li>\n<li><strong>Type de panneau<\/strong>: Silicium monocristallin<\/li>\n<li><strong>Nombre de cellules<\/strong>: 36<\/li>\n<li><strong>Puissance nominale de cr\u00eate<\/strong>: 10W<\/li>\n<li><strong>Efficacit\u00e9 du module<\/strong>: 12.6%<\/li>\n<li><strong>Tension d&#039;alimentation maximale (Vmp)<\/strong>: 18,6 V<\/li>\n<li><strong>Tension en circuit ouvert (Voc)<\/strong>: 22,6 V<\/li>\n<li><strong>Courant de puissance maximal (Imp)<\/strong>: 0,54 A<\/li>\n<li><strong>Courant de court-circuit (Isc)<\/strong>: 0,58 A<\/li>\n<li><strong>Temp\u00e9rature de fonctionnement<\/strong>: -40\u00b0C \u00e0 +85\u00b0C (-40\u00b0F \u00e0 185\u00b0F)<\/li>\n<li><strong>Dimensions<\/strong>: 230\u00d7345\u00d717mm (9,06\u2033\u00d713,58\u2033\u00d70,67\u2033)<\/li>\n<li><strong>Poids<\/strong>: 0,8 kg (1,76 lb)<\/li>\n<li><strong>Mat\u00e9riau du cadre<\/strong>: Aluminium anodis\u00e9<\/li>\n<li><strong>Couverture avant<\/strong>: Verre tremp\u00e9 de 3,2 mm<\/li>\n<li><strong>Bo\u00eete de jonction<\/strong>:Class\u00e9 IP65<\/li>\n<li><strong>Tension maximale du syst\u00e8me<\/strong>: 600 V CC<\/li>\n<li><strong>Valeur nominale maximale des fusibles en s\u00e9rie<\/strong>: 3A<\/li>\n<\/ul>\n<h2>Applications industrielles potentielles<\/h2>\n<h3>Applications marines<\/h3>\n<p>Le CLM-10M-36 peut convenir \u00e0 des utilisations marines telles que :<\/p>\n<ul>\n<li>Maintien de la charge des batteries des navires stock\u00e9s<\/li>\n<li>Alimentation des feux de navigation et d&#039;ancrage<\/li>\n<li>Prise en charge des d\u00e9tecteurs de poissons et des \u00e9quipements de profondeur<\/li>\n<li>Prolonger le temps entre les connexions au r\u00e9seau \u00e9lectrique \u00e0 quai<\/li>\n<\/ul>\n<p>La construction r\u00e9sistante aux intemp\u00e9ries du panneau le rend adapt\u00e9 aux environnements marins.<\/p>\n<h3>Applications agricoles<\/h3>\n<p>Le panneau peut \u00eatre pratique pour des utilisations agricoles telles que :<\/p>\n<ul>\n<li>\u00c9lectrificateurs de cl\u00f4ture \u00e9lectrique<\/li>\n<li>Stations m\u00e9t\u00e9orologiques et moniteurs de sol<\/li>\n<li>Cam\u00e9ras de chasse et s\u00e9curit\u00e9 des propri\u00e9t\u00e9s<\/li>\n<li>Op\u00e9rateurs de portail \u00e0 distance<\/li>\n<\/ul>\n<p>La durabilit\u00e9 du panneau dans diverses conditions m\u00e9t\u00e9orologiques le rend adapt\u00e9 aux applications agricoles en ext\u00e9rieur.<\/p>\n<h3>Applications d&#039;urgence et de s\u00e9curit\u00e9<\/h3>\n<p>Le CLM-10M-36 peut \u00eatre int\u00e9gr\u00e9 dans :<\/p>\n<ul>\n<li>Syst\u00e8mes de communication d&#039;urgence<\/li>\n<li>Solutions d&#039;alimentation de secours pour les petits \u00e9quipements<\/li>\n<li>Stations de surveillance \u00e0 distance<\/li>\n<li>Kits de pr\u00e9paration aux catastrophes<\/li>\n<\/ul>\n<p>La fiabilit\u00e9 du panneau en fait un \u00e9l\u00e9ment potentiel de la planification d\u2019urgence.<\/p>\n<h2>Contactez Couleenergy<\/h2>\n<p>En savoir plus sur nos programmes de distribution :<\/p>\n<ul>\n<li>Courriel : info@couleenergy.com<\/li>\n<li>Site Web : www.couleenergy.com<\/li>\n<li>T\u00e9l. et WhatsApp : +1 737 702 0119<\/li>\n<\/ul>\n<p>Contactez-nous d\u00e8s aujourd&#039;hui pour demander des informations sur les produits, discuter des options de tarification ou explorer les opportunit\u00e9s de partenariat.<\/p>","protected":false},"excerpt":{"rendered":"<p>Le panneau solaire CLM-10M-36 12 V 10 W allie performances haut de gamme et durabilit\u00e9 in\u00e9gal\u00e9e. Son poids l\u00e9ger (825 g) et ses dimensions compactes le rendent id\u00e9al pour le transport international, tandis que sa construction monocristalline \u00e0 36 cellules assure une production d&#039;\u00e9lectricit\u00e9 fiable dans des environnements vari\u00e9s. Id\u00e9al pour la maintenance des batteries, l&#039;alimentation \u00e0 distance et les syst\u00e8mes de secours, il compl\u00e8te parfaitement votre gamme de produits d&#039;\u00e9nergie renouvelable \u00e0 un prix attractif.<\/p>","protected":false},"featured_media":4126,"template":"","meta":{"_seopress_robots_primary_cat":"none","_seopress_titles_title":"Wholesale 10W Solar Panels | B2B Manufacturing & Export | OEM","_seopress_titles_desc":"Compact, lightweight 10W solar panels for marine, RV, and off-grid applications. Factory-direct competitive B2B pricing and global shipping with small MOQ.","_seopress_robots_index":""},"product_brand":[],"product_cat":[1572],"product_tag":[],"class_list":{"0":"post-4116","1":"product","2":"type-product","3":"status-publish","4":"has-post-thumbnail","6":"product_cat-small-modules","8":"first","9":"instock","10":"shipping-taxable","11":"purchasable","12":"product-type-variable","13":"has-default-attributes"},"_links":{"self":[{"href":"https:\/\/couleenergy.com\/fr\/wp-json\/wp\/v2\/product\/4116","targetHints":{"allow":["GET"]}}],"collection":[{"href":"https:\/\/couleenergy.com\/fr\/wp-json\/wp\/v2\/product"}],"about":[{"href":"https:\/\/couleenergy.com\/fr\/wp-json\/wp\/v2\/types\/product"}],"wp:featuredmedia":[{"embeddable":true,"href":"https:\/\/couleenergy.com\/fr\/wp-json\/wp\/v2\/media\/4126"}],"wp:attachment":[{"href":"https:\/\/couleenergy.com\/fr\/wp-json\/wp\/v2\/media?parent=4116"}],"wp:term":[{"taxonomy":"product_brand","embeddable":true,"href":"https:\/\/couleenergy.com\/fr\/wp-json\/wp\/v2\/product_brand?post=4116"},{"taxonomy":"product_cat","embeddable":true,"href":"https:\/\/couleenergy.com\/fr\/wp-json\/wp\/v2\/product_cat?post=4116"},{"taxonomy":"product_tag","embeddable":true,"href":"https:\/\/couleenergy.com\/fr\/wp-json\/wp\/v2\/product_tag?post=4116"}],"curies":[{"name":"wp","href":"https:\/\/api.w.org\/{rel}","templated":true}]}}