{"id":5988,"date":"2025-10-13T14:23:48","date_gmt":"2025-10-13T14:23:48","guid":{"rendered":"https:\/\/couleenergy.com\/?post_type=product&#038;p=5988"},"modified":"2025-10-14T03:36:41","modified_gmt":"2025-10-14T03:36:41","slug":"panel-solar-flexible-ligero-y-completamente-negro-hpbc-de-160-w","status":"publish","type":"product","link":"https:\/\/couleenergy.com\/es\/product\/160w-hpbc-all-black-lightweight-bendable-solar-panel\/","title":{"rendered":"Panel solar flexible y ligero HPBC de 160 W, totalmente negro"},"content":{"rendered":"<div class=\"product-header\">\n<p class=\"tagline\">Soluci\u00f3n solar flexible de primera calidad para fabricantes de equipos originales (OEM), distribuidores e integradores de sistemas<\/p>\n<div class=\"badge-container\"><span class=\"badge\">\ud83c\udfc6 27.81% Eficiencia de laboratorio<br \/>\n<\/span><span class=\"badge\">\ud83c\udfed Cantidad m\u00ednima de pedido: 100 unidades<br \/>\n<\/span><span class=\"badge\">\u26a1 25.81TP3Eficiencia de celdas T<\/span><\/div>\n<\/div>\n<div class=\"section\">\n<h2><\/h2>\n<h2>\ud83c\udfaf Descripci\u00f3n general del producto<\/h2>\n<p>El\u00a0<strong>Panel solar flexible negro de 160 W HPBC (contacto posterior pasivo h\u00edbrido)<\/strong> Representa la vanguardia de la tecnolog\u00eda fotovoltaica flexible. Dise\u00f1ado espec\u00edficamente para aplicaciones solares que requieren un rendimiento superior, excelencia est\u00e9tica y versatilidad de instalaci\u00f3n, este panel solar combina una tecnolog\u00eda de eficiencia de r\u00e9cord mundial con una flexibilidad pr\u00e1ctica para aplicaciones en superficies curvas.<\/p>\n<p>Ideal para\u00a0<strong>Fabricantes de equipos originales (OEM), proveedores de equipos marinos, constructores de veh\u00edculos recreativos y autocaravanas, integradores solares arquitect\u00f3nicos y distribuidores de energ\u00eda renovable.<\/strong>Nuestro panel solar HPBC de 160 W resuelve problemas cr\u00edticos que los paneles r\u00edgidos tradicionales no pueden abordar y al mismo tiempo ofrece un rendimiento superior respaldado por certificaciones internacionales.<\/p>\n<\/div>\n<div class=\"section\">\n<h2>\ud83d\udca1 Por qu\u00e9 es importante la tecnolog\u00eda HPBC<\/h2>\n<div class=\"key-features\">\n<div class=\"feature-card\">\n<h4>\ud83d\udd2c Eficiencia r\u00e9cord<\/h4>\n<p>Basados en tecnolog\u00eda que alcanza una eficiencia de laboratorio de 27.811 TP3T (certificaci\u00f3n ISFH) y un r\u00e9cord mundial de 25.41 TP3T para m\u00f3dulos (certificaci\u00f3n Fraunhofer ISE), los paneles solares flexibles comerciales ofrecen una eficiencia de 20-221 TP3T.<\/p>\n<\/div>\n<div class=\"feature-card\">\n<h4>\ud83c\udf21\ufe0f Tolerancia superior al calor<\/h4>\n<p>El coeficiente de temperatura de -0,26% a -0,29%\/\u00b0C proporciona entre 7 y 10% m\u00e1s potencia en condiciones de calor en comparaci\u00f3n con la tecnolog\u00eda PERC est\u00e1ndar (-0,45%\/\u00b0C).<\/p>\n<\/div>\n<div class=\"feature-card\">\n<h4>Est\u00e9tica premium totalmente negra<\/h4>\n<p>Las l\u00edneas de cuadr\u00edcula frontales cero crean una apariencia uniforme y premium, perfecta para la integraci\u00f3n arquitect\u00f3nica y aplicaciones de alta gama donde la est\u00e9tica impulsa las decisiones de compra.<\/p>\n<\/div>\n<div class=\"feature-card\">\n<h4>\ud83d\udd04 M\u00e1xima flexibilidad<\/h4>\n<p>Se dobla hasta 240 grados para instalaciones en superficies curvas. Su dise\u00f1o ultraligero (menos de 4.5 kg) permite aplicaciones imposibles con paneles r\u00edgidos.<\/p>\n<\/div>\n<div class=\"feature-card\">\n<h4>Tecnolog\u00eda de recubrimiento ETFE<\/h4>\n<p>Transmisi\u00f3n de luz 85-95% con propiedades autolimpiables. Su durabilidad de grado marino soporta agua salada, exposici\u00f3n a rayos UV y temperaturas extremas (de -200 \u00b0C a 150 \u00b0C).<\/p>\n<\/div>\n<div class=\"feature-card\">\n<h4>\u2699\ufe0f Personalizaci\u00f3n completa<\/h4>\n<p>Pedido m\u00ednimo m\u00ednimo de 100 unidades con amplia personalizaci\u00f3n: dimensiones, voltaje, conectores, marca y embalaje. Prototipado r\u00e1pido en 30 d\u00edas.<\/p>\n<\/div>\n<\/div>\n<\/div>\n<div class=\"section\">\n<h2>\ud83d\udcca Especificaciones t\u00e9cnicas<\/h2>\n<table class=\"specs-table\">\n<thead>\n<tr>\n<th>Par\u00e1metro<\/th>\n<th>Especificaci\u00f3n<\/th>\n<th>Notas<\/th>\n<\/tr>\n<\/thead>\n<tbody>\n<tr>\n<td><strong>Potencia nominal de salida<\/strong><\/td>\n<td>160 W \u00b131 TP3T<\/td>\n<td>En condiciones de prueba est\u00e1ndar (STC)<\/td>\n<\/tr>\n<tr>\n<td><strong>Eficiencia del m\u00f3dulo<\/strong><\/td>\n<td>20.21%<\/td>\n<td>Especificaci\u00f3n de producci\u00f3n comercial<\/td>\n<\/tr>\n<tr>\n<td><strong>Tecnolog\u00eda celular<\/strong><\/td>\n<td>HPBC (contacto posterior pasivo h\u00edbrido)<\/td>\n<td>Basado en la tecnolog\u00eda de eficiencia de laboratorio 27.81%<\/td>\n<\/tr>\n<tr>\n<td><strong>Recubrimiento de superficies<\/strong><\/td>\n<td>ETFE (etileno tetrafluoroetileno)<\/td>\n<td>Espesor de 25\/50\/100 \u03bcm, transmisi\u00f3n de luz 85-95%<\/td>\n<\/tr>\n<tr>\n<td><strong>Coeficiente de temperatura (Pmax)<\/strong><\/td>\n<td>-0,26% ~ -0,29%\/\u00b0C<\/td>\n<td>Superior al PERC est\u00e1ndar (-0,45%\/\u00b0C)<\/td>\n<\/tr>\n<tr>\n<td><strong>Rango de temperatura de funcionamiento<\/strong><\/td>\n<td>-40\u00b0C a +85\u00b0C<\/td>\n<td>Alcance extendido para entornos hostiles<\/td>\n<\/tr>\n<tr>\n<td><strong>Voltaje m\u00e1ximo del sistema<\/strong><\/td>\n<td>600 V CC<\/td>\n<td>Compatible con inversores est\u00e1ndar<\/td>\n<\/tr>\n<tr>\n<td><strong>Voltaje de circuito abierto (Voc)<\/strong><\/td>\n<td>21,9 V<\/td>\n<td>Optimizado para sistemas de 12 V\/24 V<\/td>\n<\/tr>\n<tr>\n<td><strong>Flexibilidad<\/strong><\/td>\n<td>\u00c1ngulo de curvatura de hasta 240\u00b0<\/td>\n<td>Permite la instalaci\u00f3n en superficies curvas.<\/td>\n<\/tr>\n<tr>\n<td><strong>Peso<\/strong><\/td>\n<td>2,3 kilogramos<\/td>\n<td>70-80% m\u00e1s ligero que los paneles r\u00edgidos<\/td>\n<\/tr>\n<tr>\n<td><strong>Dimensiones<\/strong><\/td>\n<td>Personalizable<\/td>\n<td>Tama\u00f1os est\u00e1ndar y personalizados disponibles.<\/td>\n<\/tr>\n<tr>\n<td><strong>Certificaciones<\/strong><\/td>\n<td>IEC 61215, IEC 61730<\/td>\n<td>Normas internacionales de seguridad y rendimiento<\/td>\n<\/tr>\n<tr>\n<td><strong>Esperanza de vida<\/strong><\/td>\n<td>10-15 a\u00f1os<\/td>\n<td>Con una instalaci\u00f3n y ventilaci\u00f3n adecuadas<\/td>\n<\/tr>\n<tr>\n<td><strong>Garant\u00eda<\/strong><\/td>\n<td>3+ a\u00f1os<\/td>\n<td>Est\u00e1ndar de garant\u00eda del producto<\/td>\n<\/tr>\n<tr>\n<td><strong>Producci\u00f3n diaria de energ\u00eda<\/strong><\/td>\n<td>640-800 Wh\/d\u00eda<\/td>\n<td>Basado en 4-5 horas pico de sol<\/td>\n<\/tr>\n<\/tbody>\n<\/table>\n<\/div>\n<div class=\"value-prop\">\n<h3><\/h3>\n<h3>\ud83d\ude80 Propuesta de valor<\/h3>\n<ul>\n<li><strong>Diferenciaci\u00f3n del mercado:<\/strong>\u00a0Ofrezca tecnolog\u00eda HPBC de vanguardia a sus clientes, posicionando a su negocio como l\u00edder en innovaci\u00f3n<\/li>\n<li><strong>Potencial de precios premium:<\/strong>\u00a0El rendimiento y la est\u00e9tica superiores justifican un precio superior, mejorando sus m\u00e1rgenes.<\/li>\n<li><strong>Acceso ampliado al mercado:<\/strong>\u00a0Sirve para aplicaciones imposibles con paneles r\u00edgidos (marina, RV, integraci\u00f3n arquitect\u00f3nica)<\/li>\n<li><strong>Barrera de entrada baja:<\/strong>\u00a0El MOQ de 100 unidades permite realizar pruebas de mercado y aplicaciones de nicho sin un compromiso de inventario masivo<\/li>\n<li><strong>Flexibilidad de personalizaci\u00f3n:<\/strong>\u00a0Marca privada y personalizaci\u00f3n para su marca, creando l\u00edneas de productos exclusivas.<\/li>\n<li><strong>Precio directo de f\u00e1brica:<\/strong>\u00a0Elimina los m\u00e1rgenes de intermediarios, mejorando tu estructura de costes y competitividad<\/li>\n<li><strong>Apoyo t\u00e9cnico:<\/strong>\u00a0La orientaci\u00f3n y la documentaci\u00f3n de ingenier\u00eda respaldan su proceso de ventas y el \u00e9xito del cliente.<\/li>\n<li><strong>Prototipado r\u00e1pido:<\/strong>\u00a0La producci\u00f3n de muestras de 30 d\u00edas permite demostraciones r\u00e1pidas para los clientes y la validaci\u00f3n del proyecto.<\/li>\n<\/ul>\n<\/div>\n<div class=\"section\">\n<h2><\/h2>\n<h2>\ud83c\udfaf Aplicaciones y mercados objetivo<\/h2>\n<div class=\"benefits-grid\">\n<div class=\"benefit-item\">\n<div class=\"benefit-icon\">Fabricaci\u00f3n de veh\u00edculos recreativos y autocaravanas<\/div>\n<p>Dise\u00f1o ligero, ideal para techos con peso limitado. Instalaci\u00f3n curva. Su apariencia premium realza el valor del veh\u00edculo.<\/p>\n<\/div>\n<div class=\"benefit-item\">\n<div class=\"benefit-icon\">\u26f5 Proveedores de equipos marinos<\/div>\n<p>Recubrimiento de ETFE resistente al agua salada. Flexible para adaptarse a los contornos de la cubierta de la embarcaci\u00f3n. Alimentaci\u00f3n fiable para sistemas de navegaci\u00f3n.<\/p>\n<\/div>\n<div class=\"benefit-item\">\n<div class=\"benefit-icon\">\ud83c\udfd7\ufe0f Integraci\u00f3n arquitect\u00f3nica<\/div>\n<p>Est\u00e9tica completamente negra para proyectos BIPV. Flexible para fachadas curvas. Apariencia premium para edificios de alta gama.<\/p>\n<\/div>\n<div class=\"benefit-item\">\n<div class=\"benefit-icon\">Fabricaci\u00f3n OEM\/ODM<\/div>\n<p>Personalizaci\u00f3n completa disponible. Etiquetado privado incluido. Pedido m\u00ednimo m\u00ednimo bajo para el desarrollo del producto.<\/p>\n<\/div>\n<div class=\"benefit-item\">\n<div class=\"benefit-icon\">Integradores de sistemas fuera de la red<\/div>\n<p>Port\u00e1til y f\u00e1cil de transportar. Rendimiento confiable en ubicaciones remotas. Capacidad de expansi\u00f3n modular.<\/p>\n<\/div>\n<div class=\"benefit-item\">\n<div class=\"benefit-icon\">Distribuidores de equipos de emergencia<\/div>\n<p>Almacenamiento compacto. Implementaci\u00f3n r\u00e1pida. Soluci\u00f3n confiable de energ\u00eda de respaldo.<\/p>\n<\/div>\n<\/div>\n<\/div>\n<div class=\"section\">\n<h2><\/h2>\n<h2>\u2699\ufe0f Opciones de personalizaci\u00f3n<\/h2>\n<h3>Personalizaciones disponibles (pedidos de m\u00e1s de 100 unidades)<\/h3>\n<table class=\"specs-table\">\n<thead>\n<tr>\n<th>Tipo de personalizaci\u00f3n<\/th>\n<th>Opciones disponibles<\/th>\n<\/tr>\n<\/thead>\n<tbody>\n<tr>\n<td><strong>Potencia de salida<\/strong><\/td>\n<td>De 5 W a 710 W+ (160 W optimizados para aplicaciones m\u00f3viles)<\/td>\n<\/tr>\n<tr>\n<td><strong>Dimensiones<\/strong><\/td>\n<td>Tama\u00f1os personalizados para adaptarse a requisitos de instalaci\u00f3n espec\u00edficos<\/td>\n<\/tr>\n<tr>\n<td><strong>Configuraci\u00f3n de voltaje<\/strong><\/td>\n<td>Optimizaci\u00f3n del sistema de 12 V, 24 V, 48 V<\/td>\n<\/tr>\n<tr>\n<td><strong>Tipos de conectores<\/strong><\/td>\n<td>MC4, Anderson, conectores personalizados seg\u00fan especificaci\u00f3n<\/td>\n<\/tr>\n<tr>\n<td><strong>Longitud del cable<\/strong><\/td>\n<td>Longitudes est\u00e1ndar o extendidas seg\u00fan los requisitos del proyecto.<\/td>\n<\/tr>\n<tr>\n<td><strong>Herrada<\/strong><\/td>\n<td>Marca privada, colocaci\u00f3n de logotipo, n\u00fameros de modelo personalizados<\/td>\n<\/tr>\n<tr>\n<td><strong>Embalaje<\/strong><\/td>\n<td>Embalaje personalizado con su marca y especificaciones.<\/td>\n<\/tr>\n<tr>\n<td><strong>Dise\u00f1o de marco<\/strong><\/td>\n<td>Soluciones de montaje sin marco o personalizadas<\/td>\n<\/tr>\n<tr>\n<td><strong>Opciones de color<\/strong><\/td>\n<td>Est\u00e1ndar completamente negro, colores de l\u00e1mina posterior personalizados disponibles<\/td>\n<\/tr>\n<tr>\n<td><strong>Pruebas\/Certificaci\u00f3n<\/strong><\/td>\n<td>Certificaciones adicionales seg\u00fan los requisitos del mercado objetivo<\/td>\n<\/tr>\n<\/tbody>\n<\/table>\n<\/div>\n<div class=\"section\">\n<h2><\/h2>\n<h2>\ud83c\udfed Fabricaci\u00f3n y garant\u00eda de calidad<\/h2>\n<h3>Nuestra excelencia en la fabricaci\u00f3n<\/h3>\n<div class=\"key-features\">\n<div class=\"feature-card\">\n<h4>\u2713 Control de calidad<\/h4>\n<p>Pruebas de m\u00faltiples etapas que incluyen inspecci\u00f3n EL (electroluminiscencia), verificaci\u00f3n del rendimiento y pruebas de durabilidad.<\/p>\n<\/div>\n<div class=\"feature-card\">\n<h4>\u2713 Entrega r\u00e1pida<\/h4>\n<p>Muestras de prototipos: 2-4 semanas. \u00d3rdenes de producci\u00f3n: 3-6 semanas desde su aprobaci\u00f3n. Opciones de entrega acelerada disponibles.<\/p>\n<\/div>\n<div class=\"feature-card\">\n<h4>\u2713 Soporte de ingenier\u00eda<\/h4>\n<p>Consulta t\u00e9cnica en un plazo de 12 a 48 horas. Recomendaciones para la optimizaci\u00f3n del dise\u00f1o. Documentaci\u00f3n de instalaci\u00f3n.<\/p>\n<\/div>\n<div class=\"feature-card\">\n<h4>\u2713 Producci\u00f3n escalable<\/h4>\n<p>Desde pedidos de prueba de 100 unidades hasta producciones de m\u00e1s de 100.000 unidades. Calidad constante en todos los vol\u00famenes.<\/p>\n<\/div>\n<div class=\"feature-card\">\n<h4>\u2713 Est\u00e1ndares globales<\/h4>\n<p>Soporte para el cumplimiento de las certificaciones IEC y regionales. Documentaci\u00f3n t\u00e9cnica en varios idiomas.<\/p>\n<\/div>\n<\/div>\n<\/div>\n<div class=\"section\">\n<h2><\/h2>\n<h2>\ud83d\udcbc Beneficios de la asociaci\u00f3n<\/h2>\n<h3>Lo que obtienes como nuestro socio<\/h3>\n<ul>\n<li><strong>Precio directo de f\u00e1brica:<\/strong>\u00a0Elimina los m\u00e1rgenes de distribuci\u00f3n, maximiza tu rentabilidad<\/li>\n<li><strong>Documentaci\u00f3n t\u00e9cnica:<\/strong>\u00a0Hojas de especificaciones completas, gu\u00edas de instalaci\u00f3n y materiales de marketing.<\/li>\n<li><strong>Soporte de ingenier\u00eda:<\/strong>\u00a0Consulta t\u00e9cnica de preventa, dise\u00f1o de soluciones personalizadas, asistencia para la resoluci\u00f3n de problemas.<\/li>\n<li><strong>Soporte de marketing:<\/strong>\u00a0Fotograf\u00eda de producto, contenido t\u00e9cnico, documentaci\u00f3n de certificaci\u00f3n.<\/li>\n<li><strong>Garant\u00eda de calidad:<\/strong>\u00a0Est\u00e1ndares de calidad consistentes, pruebas de rendimiento, soporte de garant\u00eda.<\/li>\n<li><strong>T\u00e9rminos flexibles:<\/strong>\u00a0Vol\u00famenes de pedidos escalables, personalizaci\u00f3n sin MOQ excesivo, creaci\u00f3n r\u00e1pida de prototipos<\/li>\n<li><strong>Cumplimiento global:<\/strong>\u00a0Certificaci\u00f3n IEC, soporte de certificaci\u00f3n regional, documentaci\u00f3n en varios idiomas.<\/li>\n<li><strong>Comunicaci\u00f3n receptiva:<\/strong>\u00a0Gesti\u00f3n de cuentas dedicada, actualizaciones de producci\u00f3n transparentes, tiempos de respuesta r\u00e1pidos<\/li>\n<\/ul>\n<\/div>\n<div class=\"section\">\n<h2><\/h2>\n<h2>Oportunidad de mercado<\/h2>\n<p>Se proyecta que el mercado de paneles solares flexibles alcance\u00a0<strong>$6.2 mil millones para 2033<\/strong>\u00a0Con una tasa de crecimiento anual compuesta (TCAC) de 17,21 TP3T, se prev\u00e9 que la tecnolog\u00eda HPBC, que representa la vanguardia en el dise\u00f1o de celdas de contacto posterior, se generalice para 2030, reemplazando potencialmente a la tecnolog\u00eda TOPCon actual como est\u00e1ndar de la industria.<\/p>\n<p><strong>Factores clave del mercado:<\/strong><\/p>\n<ul>\n<li>Creciente mercado de veh\u00edculos recreativos marinos y de autocaravanas<\/li>\n<li>Creciente demanda de sistemas fotovoltaicos integrados en edificios (BIPV)<\/li>\n<li>El auge de la vida en furgoneta y las tendencias de vida n\u00f3mada<\/li>\n<li>Expansi\u00f3n del mercado de preparaci\u00f3n para emergencias y fuera de la red<\/li>\n<li>\u00c9nfasis arquitect\u00f3nico en la integraci\u00f3n solar est\u00e9tica<\/li>\n<li>Requisitos de energ\u00eda m\u00f3vil y port\u00e1til en todas las industrias<\/li>\n<\/ul>\n<p><strong>Posicione su negocio a la vanguardia de este crecimiento<\/strong>\u00a0ofreciendo tecnolog\u00eda HPBC de primera calidad que atiende mercados a los que los paneles tradicionales no pueden llegar.<\/p>\n<\/div>\n<div class=\"cta-section\">\n<h2><\/h2>\n<h2>\u00bfEst\u00e1 listo para agregar energ\u00eda solar premium a su l\u00ednea de productos?<\/h2>\n<p>As\u00f3ciese con Couleenergy para obtener tecnolog\u00eda HPBC de vanguardia, personalizaci\u00f3n flexible y soporte de fabricaci\u00f3n receptivo.<\/p>\n<div>\n<p><strong>Informaci\u00f3n del contacto:<\/strong><\/p>\n<p>\ud83d\udce7\u00a0<strong>Correo electr\u00f3nico:<\/strong>\u00a0info@couleenergy.com<br \/>\n\ud83d\udcde\u00a0<strong>Tel\u00e9fono:<\/strong>\u00a0+1 737 702 0119<br \/>\n\ud83c\udf10\u00a0<strong>Sitio web:<\/strong> couleenergy.com<\/p>\n<\/div>\n<\/div>\n<div>\n<p><strong>Couleenergy \u2013 Fabricaci\u00f3n solar avanzada<\/strong><\/p>\n<p>Especializados en tecnolog\u00eda HPBC | Soluciones personalizadas con bajo MOQ | Acceso directo a f\u00e1brica<\/p>\n<\/div>","protected":false},"excerpt":{"rendered":"<p class=\"p1\">Dise\u00f1ado espec\u00edficamente para aplicaciones donde los paneles r\u00edgidos tradicionales fallan. Nuestro panel solar flexible HPBC de 160 W pesa aproximadamente 2,2 kg y se dobla hasta 240\u00b0 para una instalaci\u00f3n perfecta en superficies curvas como techos de autocaravanas, cubiertas de barcos y elementos arquitect\u00f3nicos. Genera entre 640 y 800 Wh diarios con un rendimiento superior en climas c\u00e1lidos y semisombra. Su dise\u00f1o completamente negro, sin l\u00edneas de cuadr\u00edcula, mejora la est\u00e9tica del veh\u00edculo y el edificio. El revestimiento de ETFE proporciona una superficie autolimpiable y resistencia al agua salada. Disponible con amplias opciones de personalizaci\u00f3n. Pedido m\u00ednimo: 100 unidades.<\/p>","protected":false},"featured_media":5998,"template":"","meta":{"_seopress_robots_primary_cat":"none","_seopress_titles_title":"Custom 160W HPBC Bendable Solar Panels | OEM ODM B2B","_seopress_titles_desc":"Flexible 160W HPBC solar panels ideal for RV manufacturers, marine suppliers & architectural integrators. All-black design, ETFE coating. MOQ 100 units.","_seopress_robots_index":""},"product_brand":[],"product_cat":[1594],"product_tag":[],"class_list":{"0":"post-5988","1":"product","2":"type-product","3":"status-publish","4":"has-post-thumbnail","6":"product_cat-bc-modules","8":"first","9":"instock","10":"shipping-taxable","11":"purchasable","12":"product-type-variable","13":"has-default-attributes"},"_links":{"self":[{"href":"https:\/\/couleenergy.com\/es\/wp-json\/wp\/v2\/product\/5988","targetHints":{"allow":["GET"]}}],"collection":[{"href":"https:\/\/couleenergy.com\/es\/wp-json\/wp\/v2\/product"}],"about":[{"href":"https:\/\/couleenergy.com\/es\/wp-json\/wp\/v2\/types\/product"}],"wp:featuredmedia":[{"embeddable":true,"href":"https:\/\/couleenergy.com\/es\/wp-json\/wp\/v2\/media\/5998"}],"wp:attachment":[{"href":"https:\/\/couleenergy.com\/es\/wp-json\/wp\/v2\/media?parent=5988"}],"wp:term":[{"taxonomy":"product_brand","embeddable":true,"href":"https:\/\/couleenergy.com\/es\/wp-json\/wp\/v2\/product_brand?post=5988"},{"taxonomy":"product_cat","embeddable":true,"href":"https:\/\/couleenergy.com\/es\/wp-json\/wp\/v2\/product_cat?post=5988"},{"taxonomy":"product_tag","embeddable":true,"href":"https:\/\/couleenergy.com\/es\/wp-json\/wp\/v2\/product_tag?post=5988"}],"curies":[{"name":"gracias","href":"https:\/\/api.w.org\/{rel}","templated":true}]}}