{"id":5956,"date":"2025-10-11T13:15:26","date_gmt":"2025-10-11T13:15:26","guid":{"rendered":"https:\/\/couleenergy.com\/?post_type=product&#038;p=5956"},"modified":"2025-10-11T13:41:05","modified_gmt":"2025-10-11T13:41:05","slug":"modulo-solar-topcon-de-120-w-con-marco-superfino-todo-negro","status":"publish","type":"product","link":"https:\/\/couleenergy.com\/es\/product\/120w-topcon-solar-module-super-thin-frame-all-black\/","title":{"rendered":"M\u00f3dulo solar TOPCon de 120 W con marco superfino, totalmente negro"},"content":{"rendered":"<p data-start=\"276\" data-end=\"465\">Un m\u00f3dulo solar optimizado y de alta eficiencia, dise\u00f1ado para una implementaci\u00f3n profesional. Ideal para sistemas solares compactos, kits de energ\u00eda para balcones, microrredes para autocaravanas o embarcaciones, y proyectos de energ\u00eda solar distribuida.<\/p>\n<hr data-start=\"467\" data-end=\"470\" \/>\n<h3 data-start=\"472\" data-end=\"507\">Caracter\u00edsticas y aspectos t\u00e9cnicos destacados<\/h3>\n<p data-start=\"509\" data-end=\"728\"><strong data-start=\"509\" data-end=\"546\">Estructura ultradelgada y ligera<\/strong><br data-start=\"546\" data-end=\"549\" \/>El m\u00f3dulo utiliza una aleaci\u00f3n de aluminio patentada de marco delgado. Esto reduce el peso en comparaci\u00f3n con los paneles solares con marco tradicional, lo que reduce los costos log\u00edsticos y simplifica la instalaci\u00f3n en azoteas o balcones.<\/p>\n<p data-start=\"730\" data-end=\"946\"><strong data-start=\"730\" data-end=\"766\">Alta eficiencia mediante c\u00e9lulas TOPCon<\/strong><br data-start=\"766\" data-end=\"769\" \/>Utilizamos la tecnolog\u00eda TOPCon (contacto pasivado por \u00f3xido de t\u00fanel) para lograr tasas de conversi\u00f3n m\u00e1s altas. La arquitectura celular ofrece un mejor rendimiento en condiciones de poca luz o difusas.<\/p>\n<p data-start=\"948\" data-end=\"1155\"><strong data-start=\"948\" data-end=\"989\">Est\u00e9tica completamente negra, dise\u00f1o discreto<\/strong><br data-start=\"989\" data-end=\"992\" \/>La parte frontal, trasera y marco completamente negros crean un perfil visual uniforme. Sin barras colectoras plateadas expuestas ni bordes contrastantes. Transparencia impecable para una integraci\u00f3n arquitect\u00f3nica.<\/p>\n<p data-start=\"1157\" data-end=\"1191\"><strong data-start=\"1157\" data-end=\"1189\">Robusto, durabilidad a largo plazo<\/strong><\/p>\n<ul data-start=\"1192\" data-end=\"1417\">\n<li data-start=\"1192\" data-end=\"1265\">\n<p data-start=\"1194\" data-end=\"1265\">El marco y las esquinas reforzados resisten cargas de viento y tensiones mec\u00e1nicas.<\/p>\n<\/li>\n<li data-start=\"1266\" data-end=\"1334\">\n<p data-start=\"1268\" data-end=\"1334\">La l\u00e1mina posterior multicapa y la barrera UV protegen contra la intemperie.<\/p>\n<\/li>\n<li data-start=\"1335\" data-end=\"1417\">\n<p data-start=\"1337\" data-end=\"1417\">Dise\u00f1ado para soportar la humedad, los cambios de temperatura y la exposici\u00f3n prolongada al aire libre.<\/p>\n<\/li>\n<\/ul>\n<p data-start=\"1419\" data-end=\"1452\"><strong data-start=\"1419\" data-end=\"1450\">Integraci\u00f3n perfecta del sistema<\/strong><\/p>\n<ul data-start=\"1453\" data-end=\"1719\">\n<li data-start=\"1453\" data-end=\"1525\">\n<p data-start=\"1455\" data-end=\"1525\">Se entrega con conectores MC4 precableados para conexi\u00f3n plug-and-play.<\/p>\n<\/li>\n<li data-start=\"1526\" data-end=\"1605\">\n<p data-start=\"1528\" data-end=\"1605\">Compatible con microinversores y controladores de carga est\u00e1ndar de 12 V\/24 V<\/p>\n<\/li>\n<li data-start=\"1606\" data-end=\"1664\">\n<p data-start=\"1608\" data-end=\"1664\">Se pueden encadenar en serie o en paralelo en dise\u00f1os de sistema.<\/p>\n<\/li>\n<li data-start=\"1665\" data-end=\"1719\">\n<p data-start=\"1667\" data-end=\"1719\">Se instala f\u00e1cilmente en rieles, soportes o montajes de bricolaje.<\/p>\n<\/li>\n<\/ul>\n<hr data-start=\"1721\" data-end=\"1724\" \/>\n<h3 data-start=\"1726\" data-end=\"1779\">Garant\u00eda, certificaciones y garant\u00edas de rendimiento<\/h3>\n<p data-start=\"1781\" data-end=\"2038\"><strong data-start=\"1781\" data-end=\"1808\">Normas de certificaci\u00f3n<\/strong><br data-start=\"1808\" data-end=\"1811\" \/>Nuestros m\u00f3dulos cumplen con los principales est\u00e1ndares de seguridad y rendimiento solar, como <strong data-start=\"1891\" data-end=\"1904\">IEC 61215<\/strong> y <strong data-start=\"1909\" data-end=\"1922\">IEC 61730<\/strong>, demostrando resiliencia al estr\u00e9s mec\u00e1nico, t\u00e9rmico y ambiental.<\/p>\n<p data-start=\"2040\" data-end=\"2264\"><strong data-start=\"2040\" data-end=\"2074\">Garant\u00eda del producto\/mano de obra<\/strong><br data-start=\"2074\" data-end=\"2077\" \/>Respaldamos nuestros m\u00f3dulos solares por al menos <strong data-start=\"2109\" data-end=\"2121\">10 a\u00f1os<\/strong> contra defectos de materiales o mano de obra en condiciones normales de funcionamiento.<\/p>\n<p data-start=\"2266\" data-end=\"2388\"><strong data-start=\"2266\" data-end=\"2298\">Garant\u00eda de potencia de salida lineal<\/strong><br data-start=\"2298\" data-end=\"2301\" \/>Se garantiza que el m\u00f3dulo solar mantendr\u00e1 su rendimiento por encima de un umbral definido durante m\u00e1s de 30 a\u00f1os:<\/p>\n<ul data-start=\"2389\" data-end=\"2542\">\n<li data-start=\"2389\" data-end=\"2424\">\n<p data-start=\"2391\" data-end=\"2424\">\u2265 99 % de potencia nominal en el a\u00f1o 1<\/p>\n<\/li>\n<li data-start=\"2425\" data-end=\"2465\">\n<p data-start=\"2427\" data-end=\"2465\">Degradaci\u00f3n anual m\u00e1xima de ~0,4 %<\/p>\n<\/li>\n<li data-start=\"2466\" data-end=\"2542\">\n<p data-start=\"2468\" data-end=\"2542\">\u2265 87,4 % de potencia nominal al a\u00f1o 30<\/p>\n<\/li>\n<\/ul>\n<p data-start=\"2544\" data-end=\"2729\">En los casos en que la producci\u00f3n sea inferior a la garant\u00eda, podemos proporcionar una compensaci\u00f3n mediante el reemplazo del m\u00f3dulo, la reparaci\u00f3n o la adici\u00f3n de m\u00f3dulos solares adicionales, sujeto a las pol\u00edticas de verificaci\u00f3n y garant\u00eda.<\/p>\n<hr data-start=\"3183\" data-end=\"3186\" \/>\n<h3 data-start=\"3188\" data-end=\"3228\">\u00bfPor qu\u00e9 funciona este m\u00f3dulo solar?<\/h3>\n<ul data-start=\"3230\" data-end=\"3759\">\n<li data-start=\"3230\" data-end=\"3335\">\n<p data-start=\"3232\" data-end=\"3335\"><strong data-start=\"3232\" data-end=\"3264\">Menores costos de mano de obra y manipulaci\u00f3n.<\/strong> El marco m\u00e1s ligero reduce la fatiga del instalador y acelera la instalaci\u00f3n.<\/p>\n<\/li>\n<li data-start=\"3336\" data-end=\"3450\">\n<p data-start=\"3338\" data-end=\"3450\"><strong data-start=\"3338\" data-end=\"3370\">Fuerte credibilidad de garant\u00eda.<\/strong> La garant\u00eda de rendimiento de 30 a\u00f1os se alinea con las expectativas del proyecto a largo plazo.<\/p>\n<\/li>\n<li data-start=\"3451\" data-end=\"3563\">\n<p data-start=\"3453\" data-end=\"3563\"><strong data-start=\"3453\" data-end=\"3473\">Suministro escalable.<\/strong> Apoyamos pedidos al por mayor, control de calidad constante y log\u00edstica para la entrega de proyectos.<\/p>\n<\/li>\n<li data-start=\"3564\" data-end=\"3655\">\n<p data-start=\"3566\" data-end=\"3655\"><strong data-start=\"3566\" data-end=\"3591\">Compatibilidad del sistema.<\/strong> Funciona con inversores comunes y componentes de equilibrio del sistema.<\/p>\n<\/li>\n<li data-start=\"3656\" data-end=\"3759\">\n<p data-start=\"3658\" data-end=\"3759\"><strong data-start=\"3658\" data-end=\"3676\">Im\u00e1genes limpias.<\/strong> El dise\u00f1o completamente negro atrae a proyectos solares est\u00e9ticos o arquitect\u00f3nicos modernos.<\/p>\n<\/li>\n<\/ul>\n<hr data-start=\"3761\" data-end=\"3764\" \/>\n<h3 data-start=\"3766\" data-end=\"3790\">Aplicaciones t\u00edpicas<\/h3>\n<ul data-start=\"3792\" data-end=\"4028\">\n<li data-start=\"3792\" data-end=\"3831\">\n<p data-start=\"3794\" data-end=\"3831\">Kits solares para balcones o azoteas peque\u00f1as<\/p>\n<\/li>\n<li data-start=\"3832\" data-end=\"3897\">\n<p data-start=\"3834\" data-end=\"3897\">Microrredes para caba\u00f1as remotas, refugios o estaciones de investigaci\u00f3n<\/p>\n<\/li>\n<li data-start=\"3898\" data-end=\"3966\">\n<p data-start=\"3900\" data-end=\"3966\">Sistemas de energ\u00eda para veh\u00edculos recreativos y marinos donde el espacio y el peso son limitados<\/p>\n<\/li>\n<li data-start=\"3967\" data-end=\"4028\">\n<p data-start=\"3969\" data-end=\"4028\">Prototipos o paneles solares modulares para implementaci\u00f3n escalable<\/p>\n<\/li>\n<\/ul>\n<hr data-start=\"4540\" data-end=\"4543\" \/>\n<p data-start=\"4545\" data-end=\"4686\">\u00bfNecesita hojas de datos, precios o apoyo log\u00edstico para compras al por mayor? Env\u00ede un correo electr\u00f3nico a info@couleenergy.com o llame a Couleenergy al +1 737 702 0119.<\/p>","protected":false},"excerpt":{"rendered":"<div class=\"grid-cols-1 grid gap-2.5 [&amp;_&gt;_*]:min-w-0 !gap-3.5\">\n<p class=\"p1\">Couleenergy\u2019s 120W All-Black TOPCon solar panel combines efficiency and design. The slim frame reduces weight and installation effort. Inside, TOPCon cells maximize energy yield even in light shading. The full-black surface blends with modern layouts. With MC4 plug connectors and strong weather resistance, it\u2019s perfect for compact, aesthetic, and durable solar installations.<\/p>\n<\/div>\n","protected":false},"featured_media":5966,"template":"","meta":{"_seopress_robots_primary_cat":"none","_seopress_titles_title":"120W All-Black TOPCon Solar Panel | Slim Frame & Powerful","_seopress_titles_desc":"Modern, efficient, and sleek: the 120W TOPCon module with ultra slim frame. Perfect for small roof systems, RVs, and modular solar setups.","_seopress_robots_index":""},"product_brand":[],"product_cat":[1593,1572],"product_tag":[],"class_list":{"0":"post-5956","1":"product","2":"type-product","3":"status-publish","4":"has-post-thumbnail","6":"product_cat-all-black-modules","7":"product_cat-small-modules","9":"first","10":"instock","11":"shipping-taxable","12":"purchasable","13":"product-type-variable","14":"has-default-attributes"},"_links":{"self":[{"href":"https:\/\/couleenergy.com\/es\/wp-json\/wp\/v2\/product\/5956","targetHints":{"allow":["GET"]}}],"collection":[{"href":"https:\/\/couleenergy.com\/es\/wp-json\/wp\/v2\/product"}],"about":[{"href":"https:\/\/couleenergy.com\/es\/wp-json\/wp\/v2\/types\/product"}],"wp:featuredmedia":[{"embeddable":true,"href":"https:\/\/couleenergy.com\/es\/wp-json\/wp\/v2\/media\/5966"}],"wp:attachment":[{"href":"https:\/\/couleenergy.com\/es\/wp-json\/wp\/v2\/media?parent=5956"}],"wp:term":[{"taxonomy":"product_brand","embeddable":true,"href":"https:\/\/couleenergy.com\/es\/wp-json\/wp\/v2\/product_brand?post=5956"},{"taxonomy":"product_cat","embeddable":true,"href":"https:\/\/couleenergy.com\/es\/wp-json\/wp\/v2\/product_cat?post=5956"},{"taxonomy":"product_tag","embeddable":true,"href":"https:\/\/couleenergy.com\/es\/wp-json\/wp\/v2\/product_tag?post=5956"}],"curies":[{"name":"gracias","href":"https:\/\/api.w.org\/{rel}","templated":true}]}}