{"id":5816,"date":"2025-09-26T02:35:56","date_gmt":"2025-09-26T02:35:56","guid":{"rendered":"https:\/\/couleenergy.com\/?post_type=product&#038;p=5816"},"modified":"2025-09-26T04:12:05","modified_gmt":"2025-09-26T04:12:05","slug":"modulo-solar-de-15-w-para-proyectos-fuera-de-la-red","status":"publish","type":"product","link":"https:\/\/couleenergy.com\/es\/product\/15w-solar-module-for-off-grid-projects\/","title":{"rendered":"M\u00f3dulo solar de 15 W para proyectos fuera de la red"},"content":{"rendered":"<h2><b>M\u00f3dulo solar Couleenergy de 15 W\u00a0<\/b><\/h2>\n<p class=\"p3\">Couleenergy presta servicios a clientes B2B globales, desde desarrolladores e integradores hasta distribuidores y fabricantes de equipos originales (OEM). Nuestro pedido m\u00ednimo es de tan solo <span class=\"s2\"><b>100 piezas<\/b><\/span>, brindando incluso a proyectos peque\u00f1os acceso a m\u00f3dulos solares de alta calidad sin necesidad de realizar grandes pedidos iniciales.<\/p>\n<p class=\"p3\">El <span class=\"s2\"><b>CLM-015M-36<\/b><\/span> Es un m\u00f3dulo compacto y robusto de 15 W, dise\u00f1ado para una amplia gama de aplicaciones distribuidas y aisladas de la red. Combina durabilidad, eficiencia y flexibilidad para satisfacer las necesidades de su proyecto con fiabilidad.<\/p>\n<hr \/>\n<h3><b>Especificaciones b\u00e1sicas<\/b><\/h3>\n<ul>\n<li>\n<p class=\"p1\"><b>Potencia m\u00e1xima (Pm):<\/b><span class=\"s1\"> 15 W<\/span><\/p>\n<\/li>\n<li>\n<p class=\"p1\"><b>Voltaje de funcionamiento (Vmp):<\/b><span class=\"s1\"> 12 voltios<\/span><\/p>\n<\/li>\n<li>\n<p class=\"p1\"><b>Corriente de funcionamiento (Imp):<\/b><span class=\"s1\"> 1,25 A<\/span><\/p>\n<\/li>\n<li>\n<p class=\"p1\"><span class=\"s1\"><b>Dimensiones:<\/b><\/span> 480 \u00d7 190 \u00d7 25 mm<\/p>\n<\/li>\n<li>\n<p class=\"p1\"><span class=\"s1\"><b>Encapsulaci\u00f3n:<\/b><\/span> Vidrio templado + TPT<\/p>\n<\/li>\n<li>\n<p class=\"p1\"><span class=\"s1\"><b>Tipo de c\u00e9lula:<\/b><\/span> Silicio monocristalino<\/p>\n<\/li>\n<li>\n<p class=\"p1\"><span class=\"s1\"><b>Marco y caja de conexiones:<\/b><\/span> Caja de conexiones de aluminio anodizado plateado + resistente a la intemperie<\/p>\n<\/li>\n<li>\n<p class=\"p1\"><b>N\u00famero de modelo:<\/b><span class=\"s1\"> CLM-015M-36<\/span><\/p>\n<\/li>\n<\/ul>\n<p class=\"p3\">\ud83d\udca1 <i>Nota: Debido a las variaciones en los conjuntos de celdas y los lotes de fabricaci\u00f3n, la potencia real del m\u00f3dulo puede variar ligeramente. Cont\u00e1ctenos para obtener los datos de rendimiento e informes de pruebas m\u00e1s recientes.<\/i><i><\/i><\/p>\n<hr \/>\n<h3><b>\u00bfPor qu\u00e9 elegir este m\u00f3dulo?<\/b><\/h3>\n<h4><b>Tama\u00f1o compacto, alta eficiencia<\/b><\/h4>\n<p class=\"p3\">Con celdas PERC, este m\u00f3dulo proporciona m\u00e1s potencia por cent\u00edmetro cuadrado. No desperdiciar\u00e1 espacio valioso en sus sistemas de montaje. En instalaciones con espacio limitado (balcones, postes, unidades remotas), los m\u00f3dulos compactos marcan la diferencia.<\/p>\n<h4><b>Construcci\u00f3n robusta para condiciones reales<\/b><\/h4>\n<p class=\"p3\">El vidrio templado y el encapsulado TPT protegen contra el granizo, la exposici\u00f3n a los rayos UV, las fluctuaciones de temperatura y la humedad. El marco de aluminio anodizado mantiene su resistencia bajo la carga del viento, y la caja de conexiones garantiza conexiones el\u00e9ctricas seguras y duraderas.<\/p>\n<h4><b>F\u00e1cil integraci\u00f3n en sistemas<\/b><\/h4>\n<p class=\"p3\">Con un funcionamiento de ~12 V y 1,25 A, se integra perfectamente con controladores de carga aislados, sistemas de bater\u00edas y circuitos de iluminaci\u00f3n. El tama\u00f1o del m\u00f3dulo se adapta a la mayor\u00eda de los soportes de montaje est\u00e1ndar, lo que reduce los costes de instalaci\u00f3n personalizada. Ofrecemos compatibilidad t\u00e9cnica si la necesita.<\/p>\n<h4><b>Dise\u00f1ado para diversos casos de uso<\/b><\/h4>\n<p class=\"p3\">Encontrar\u00e1s este m\u00f3dulo ideal en:<\/p>\n<ul>\n<li>\n<p class=\"p1\"><span class=\"s1\"><b>Sistemas de iluminaci\u00f3n<\/b><\/span> (alumbrado p\u00fablico, iluminaci\u00f3n de jardines y caminos, iluminaci\u00f3n de vallas publicitarias)<\/p>\n<\/li>\n<li>\n<p class=\"p1\"><b>Controladores de riego agr\u00edcola y bombas<\/b><b><\/b><\/p>\n<\/li>\n<li>\n<p class=\"p1\"><b>Equipos inteligentes y sensores exteriores<\/b><b><\/b><\/p>\n<\/li>\n<li>\n<p class=\"p1\"><b>Unidades de seguridad, monitoreo o telecomunicaciones remotas<\/b><b><\/b><\/p>\n<\/li>\n<li>\n<p class=\"p1\"><b>Alumbrado urbano o de parques, marquesinas de autobuses, instalaciones de balcones<\/b><\/p>\n<\/li>\n<\/ul>\n<p class=\"p3\">Debido a que suministramos en grandes cantidades (o en peque\u00f1as cantidades), puede escalar gradualmente o completar proyectos piloto f\u00e1cilmente.<\/p>\n<hr \/>\n<h3><img fetchpriority=\"high\" decoding=\"async\" class=\"aligncenter size-full wp-image-5829\" src=\"https:\/\/couleenergy.com\/wp-content\/uploads\/2025\/09\/Couleenergy-15W-Solar-Panel-Compact-Off-Grid-Power-Solutions.jpg\" alt=\"Panel solar de 15 W para camping\" width=\"1600\" height=\"1600\" srcset=\"https:\/\/couleenergy.com\/wp-content\/uploads\/2025\/09\/Couleenergy-15W-Solar-Panel-Compact-Off-Grid-Power-Solutions.jpg 1600w, https:\/\/couleenergy.com\/wp-content\/uploads\/2025\/09\/Couleenergy-15W-Solar-Panel-Compact-Off-Grid-Power-Solutions-300x300.jpg 300w, https:\/\/couleenergy.com\/wp-content\/uploads\/2025\/09\/Couleenergy-15W-Solar-Panel-Compact-Off-Grid-Power-Solutions-1024x1024.jpg 1024w, https:\/\/couleenergy.com\/wp-content\/uploads\/2025\/09\/Couleenergy-15W-Solar-Panel-Compact-Off-Grid-Power-Solutions-150x150.jpg 150w, https:\/\/couleenergy.com\/wp-content\/uploads\/2025\/09\/Couleenergy-15W-Solar-Panel-Compact-Off-Grid-Power-Solutions-768x768.jpg 768w, https:\/\/couleenergy.com\/wp-content\/uploads\/2025\/09\/Couleenergy-15W-Solar-Panel-Compact-Off-Grid-Power-Solutions-1536x1536.jpg 1536w, https:\/\/couleenergy.com\/wp-content\/uploads\/2025\/09\/Couleenergy-15W-Solar-Panel-Compact-Off-Grid-Power-Solutions-12x12.jpg 12w, https:\/\/couleenergy.com\/wp-content\/uploads\/2025\/09\/Couleenergy-15W-Solar-Panel-Compact-Off-Grid-Power-Solutions-500x500.jpg 500w, https:\/\/couleenergy.com\/wp-content\/uploads\/2025\/09\/Couleenergy-15W-Solar-Panel-Compact-Off-Grid-Power-Solutions-600x600.jpg 600w, https:\/\/couleenergy.com\/wp-content\/uploads\/2025\/09\/Couleenergy-15W-Solar-Panel-Compact-Off-Grid-Power-Solutions-100x100.jpg 100w\" sizes=\"(max-width: 1600px) 100vw, 1600px\" \/><\/h3>\n<h3><b>Lo que obtienes al trabajar con nosotros<\/b><\/h3>\n<ol start=\"1\">\n<li>\n<p class=\"p1\"><b>Precios y soporte directo del fabricante<\/b><b><\/b><\/p>\n<p class=\"p2\">Sin intermediarios. Compra directamente del fabricante. Ofrecemos soporte t\u00e9cnico, hojas de datos, certificaciones y archivos CAD.<\/p>\n<\/li>\n<li>\n<p class=\"p1\"><b>Cantidad m\u00ednima de pedido flexible (100 piezas)<\/b><b><\/b><\/p>\n<p class=\"p2\">Muchos fabricantes exigen cantidades m\u00ednimas muy elevadas. Aceptamos su pedido de solo 100 unidades. Puede ampliar la cantidad m\u00e1s adelante cuando sus pedidos aumenten.<\/p>\n<\/li>\n<li>\n<p class=\"p1\"><b>Control de calidad y trazabilidad<\/b><b><\/b><\/p>\n<p class=\"p2\">Realizamos pruebas de salida, controles de electroluminiscencia y mantenemos la trazabilidad del lote para que sepa que cada m\u00f3dulo solar cumple con las especificaciones.<\/p>\n<\/li>\n<li>\n<p class=\"p1\"><b>Capacidad de exportaci\u00f3n global<\/b><b><\/b><\/p>\n<p class=\"p2\">Nos encargamos del embalaje, documentaci\u00f3n de exportaci\u00f3n y coordinaci\u00f3n log\u00edstica hasta su puerto o almac\u00e9n.<\/p>\n<\/li>\n<li>\n<p class=\"p1\"><b>Asistencia de personalizaci\u00f3n<\/b><b><\/b><\/p>\n<p class=\"p2\">\u00bfNecesita un conector diferente, orificios de montaje o peque\u00f1os cambios mec\u00e1nicos? Podemos personalizarlo para pedidos grandes.<\/p>\n<\/li>\n<\/ol>\n<hr \/>\n<h3><b>Enfoque en el rendimiento y la confiabilidad<\/b><\/h3>\n<p class=\"p3\">Nos preocupamos por el rendimiento a largo plazo. Si bien la potencia nominal de 15 W es ideal, realizamos rigurosas pruebas en condiciones reales y coeficientes de temperatura para ayudarle a proyectar el rendimiento energ\u00e9tico real. Para aplicaciones cr\u00edticas, proporcionamos los datos de medici\u00f3n m\u00e1s recientes por lote.<\/p>\n<p class=\"p3\">Tambi\u00e9n entendemos que, en proyectos B2B, el fallo de un m\u00f3dulo no se limita a reemplazar un panel solar, sino que afecta a la reputaci\u00f3n, los retrasos en el proyecto y los gastos operativos. Por eso, nuestros m\u00f3dulos solares est\u00e1n dise\u00f1ados para durar, con materiales seleccionados para reducir su degradaci\u00f3n con el tiempo.<\/p>\n<hr \/>\n<h3><b>\ud83c\udf1e Impulsemos proyectos juntos<\/b><\/h3>\n<p class=\"p3\">No permita que los peque\u00f1os m\u00f3dulos solares limiten su impacto. <span class=\"s2\"><b>M\u00f3dulo solar Couleenergy CLM-015M-36 de 15 W<\/b><\/span> Ofrece una soluci\u00f3n compacta, fiable y flexible para una amplia gama de proyectos. Cont\u00e1ctenos hoy mismo para obtener sus datos de rendimiento m\u00e1s recientes, m\u00f3dulos de muestra o precios. Energicemos sus sistemas con confianza, juntos.<\/p>\n<p>inquiries@couleenergy.com<br \/>\n+1 737 702 0119<\/p>","protected":false},"excerpt":{"rendered":"<div class=\"grid-cols-1 grid gap-2.5 [&amp;_&gt;_*]:min-w-0 !gap-3.5\">\n<p class=\"p1\">Order Couleenergy\u2019s 15W solar panels for signage, irrigation, and intelligent equipment. Durable build, compact size, and export support. Small MOQ: 100 pcs.<\/p>\n<\/div>\n","protected":false},"featured_media":5828,"template":"","meta":{"_seopress_robots_primary_cat":"none","_seopress_titles_title":"15W Solar Module for Off-Grid Projects","_seopress_titles_desc":"Durable 15W solar panel designed for small off-grid systems. High efficiency, compact size, and long service life. MOQ from 100 pieces.","_seopress_robots_index":""},"product_brand":[],"product_cat":[1572],"product_tag":[],"class_list":{"0":"post-5816","1":"product","2":"type-product","3":"status-publish","4":"has-post-thumbnail","6":"product_cat-small-modules","8":"first","9":"instock","10":"shipping-taxable","11":"purchasable","12":"product-type-variable","13":"has-default-attributes"},"_links":{"self":[{"href":"https:\/\/couleenergy.com\/es\/wp-json\/wp\/v2\/product\/5816","targetHints":{"allow":["GET"]}}],"collection":[{"href":"https:\/\/couleenergy.com\/es\/wp-json\/wp\/v2\/product"}],"about":[{"href":"https:\/\/couleenergy.com\/es\/wp-json\/wp\/v2\/types\/product"}],"wp:featuredmedia":[{"embeddable":true,"href":"https:\/\/couleenergy.com\/es\/wp-json\/wp\/v2\/media\/5828"}],"wp:attachment":[{"href":"https:\/\/couleenergy.com\/es\/wp-json\/wp\/v2\/media?parent=5816"}],"wp:term":[{"taxonomy":"product_brand","embeddable":true,"href":"https:\/\/couleenergy.com\/es\/wp-json\/wp\/v2\/product_brand?post=5816"},{"taxonomy":"product_cat","embeddable":true,"href":"https:\/\/couleenergy.com\/es\/wp-json\/wp\/v2\/product_cat?post=5816"},{"taxonomy":"product_tag","embeddable":true,"href":"https:\/\/couleenergy.com\/es\/wp-json\/wp\/v2\/product_tag?post=5816"}],"curies":[{"name":"gracias","href":"https:\/\/api.w.org\/{rel}","templated":true}]}}