{"id":5728,"date":"2025-09-21T02:54:10","date_gmt":"2025-09-21T02:54:10","guid":{"rendered":"https:\/\/couleenergy.com\/?post_type=product&#038;p=5728"},"modified":"2025-09-21T08:39:04","modified_gmt":"2025-09-21T08:39:04","slug":"modulo-solar-de-465-w-y-495-w-con-doble-vidrio-y-contacto-trasero-totalmente-negro","status":"publish","type":"product","link":"https:\/\/couleenergy.com\/es\/product\/all-black-back-contact-dual-glass-465w-495w-solar-module\/","title":{"rendered":"M\u00f3dulo solar de doble vidrio con contacto trasero completamente negro de 465 W a 495 W"},"content":{"rendered":"<h2><b>M\u00f3dulo solar de doble cristal con contacto posterior, totalmente negro, de 465 W a 495 W <\/b><\/h2>\n<p>Este es un m\u00f3dulo solar premium dise\u00f1ado para ofrecer potencia, est\u00e9tica y larga vida \u00fatil. Ofrece <span class=\"s2\"><b>465W a 495W<\/b><\/span> de potencia nominal con eficiencia del m\u00f3dulo de hasta <span class=\"s2\"><b>24.8%<\/b><\/span>El dise\u00f1o utiliza <span class=\"s2\"><b>C\u00e9lulas de contacto posterior de tipo N<\/b><\/span> y un <span class=\"s2\"><b>estructura de doble vidrio<\/b><\/span> para brindarle un mayor rendimiento y mayor durabilidad para proyectos de azotea, comerciales y de servicios p\u00fablicos.<span class=\"Apple-converted-space\">\u00a0 <\/span><\/p>\n<hr \/>\n<h3><b>Caracter\u00edsticas principales de un vistazo<\/b><\/h3>\n<ul>\n<li>\n<p class=\"p1\">Rango de potencia: <span class=\"s1\"><b>465W \u2013 495W<\/b><b><\/b><\/span><\/p>\n<\/li>\n<li>\n<p class=\"p1\">Eficiencia del m\u00f3dulo: hasta <span class=\"s1\"><b>24.8%<\/b><b><\/b><\/span><\/p>\n<\/li>\n<li>\n<p class=\"p1\">Celdas de tipo N con disposici\u00f3n de contacto posterior completo<\/p>\n<\/li>\n<li>\n<p class=\"p1\">Aspecto completamente negro, limpio y moderno.<\/p>\n<\/li>\n<li>\n<p class=\"p1\">Estructura de doble vidrio: <span class=\"s1\"><b>2,0 + 2,0 mm<\/b><\/span> vidrio templado<\/p>\n<\/li>\n<li>\n<p class=\"p1\"><span class=\"s1\">Tama\u00f1o: <\/span><b>1762 \u00d7 1134 \u00d7 30 mm<\/b><span class=\"s1\">, peso ~<\/span><b>24,2 kilogramos<\/b><b><\/b><\/p>\n<\/li>\n<li>\n<p class=\"p1\"><span class=\"s1\">Garant\u00eda: <\/span><b>Producto de 15 a\u00f1os<\/b><span class=\"s1\">, <\/span><b>30 a\u00f1os de rendimiento lineal<\/b><\/p>\n<\/li>\n<\/ul>\n<hr \/>\n<h3><b>Por qu\u00e9 es importante el doble vidrio<\/b><\/h3>\n<p class=\"p3\">Los m\u00f3dulos de doble vidrio utilizan vidrio templado en ambas caras en lugar de vidrio con una l\u00e1mina posterior de pol\u00edmero. Este dise\u00f1o ofrece:<\/p>\n<ul>\n<li>\n<p class=\"p1\"><span class=\"s1\"><b>Mayor durabilidad<\/b><\/span> contra la humedad, los rayos UV y el estr\u00e9s mec\u00e1nico<\/p>\n<\/li>\n<li>\n<p class=\"p1\"><span class=\"s1\"><b>Menor degradaci\u00f3n<\/b><\/span> y una vida \u00fatil m\u00e1s larga<\/p>\n<\/li>\n<li>\n<p class=\"p1\"><b>Mayor resistencia al fuego<\/b><span class=\"s1\"> (IEC Clase A)<\/span><\/p>\n<\/li>\n<li>\n<p class=\"p1\"><b>Rendimiento m\u00e1s estable<\/b><span class=\"s1\"> en climas duros<\/span><\/p>\n<\/li>\n<\/ul>\n<p class=\"p3\">Esto es ideal para proyectos que esperan <span class=\"s2\"><b>Rendimiento energ\u00e9tico constante durante d\u00e9cadas<\/b><\/span>.<\/p>\n<hr \/>\n<h3><b>Bifacial como opci\u00f3n<\/b><\/h3>\n<p class=\"p3\">Es importante tener en cuenta:<\/p>\n<p class=\"p4\"><b>Doble vidrio no siempre significa bifacial.<\/b><b><\/b><\/p>\n<p class=\"p3\">Este m\u00f3dulo se puede suministrar como <span class=\"s2\"><b>m\u00f3dulo monocara de doble vidrio<\/b><\/span> (para una apariencia elegante y una larga vida \u00fatil) o como <span class=\"s2\"><b>m\u00f3dulo bifacial de doble vidrio<\/b><\/span> (para captar la luz de ambos lados).<\/p>\n<p class=\"p3\">Con una opci\u00f3n bifacial, dependiendo del albedo y el montaje, los proyectos pueden ganar <span class=\"s2\"><b>5\u201330% m\u00e1s energ\u00eda<\/b><\/span>Para tejados o sistemas de suelo con superficies reflectantes, el sistema bifacial puede ser una mejora importante.<\/p>\n<p class=\"p3\">Couleenergy puede proporcionar <span class=\"s2\"><b>Soluciones de doble vidrio tanto monofacial como bifacial<\/b><\/span>, adaptado a tu proyecto.<\/p>\n<hr \/>\n<h3><b>Celdas de contacto posterior tipo N de alto rendimiento<\/b><\/h3>\n<ul>\n<li>\n<p class=\"p1\"><span class=\"s1\"><b>Disposici\u00f3n de contacto posterior<\/b><\/span>: Sin l\u00edneas met\u00e1licas frontales, la superficie luce completamente negra. Adem\u00e1s, reduce el sombreado y mejora la eficiencia.<\/p>\n<\/li>\n<li>\n<p class=\"p1\"><span class=\"s1\"><b>silicio tipo N<\/b><\/span>:Menor degradaci\u00f3n inducida por la luz, mayor resistencia a los defectos celulares comunes y un rendimiento m\u00e1s estable a largo plazo.<\/p>\n<\/li>\n<li>\n<p class=\"p1\"><span class=\"s1\"><b>P\u00e9rdidas por baja temperatura<\/b><\/span>:La ca\u00edda de potencia es solo aproximadamente <span class=\"s1\"><b>\u20130,26%\/\u00b0C<\/b><\/span>, lo que significa un mejor rendimiento en regiones c\u00e1lidas.<\/p>\n<\/li>\n<\/ul>\n<hr \/>\n<h3><b>Fuerte y confiable<\/b><\/h3>\n<ul>\n<li>\n<p class=\"p1\"><span class=\"s1\"><b>Carga probada<\/b><\/span>:5400 Pa al frente, 2400 Pa atr\u00e1s<\/p>\n<\/li>\n<li>\n<p class=\"p1\"><span class=\"s1\"><b>Probado contra granizo<\/b><\/span>:Bola de hielo de 35 mm a 23 m\/s<\/p>\n<\/li>\n<li>\n<p class=\"p1\"><span class=\"s1\"><b>Caja de conexiones IP68<\/b><\/span> con tres diodos de derivaci\u00f3n<\/p>\n<\/li>\n<li>\n<p class=\"p1\"><span class=\"s1\"><b>Conectores MC4<\/b><\/span> Para una instalaci\u00f3n segura y sencilla<\/p>\n<\/li>\n<\/ul>\n<p class=\"p3\">Dise\u00f1ado para soportar climas dif\u00edciles y seguir produciendo energ\u00eda limpia con un mantenimiento m\u00ednimo.<\/p>\n<hr \/>\n<h3><b>Ventajas del sistema<\/b><\/h3>\n<ul>\n<li>\n<p class=\"p1\"><span class=\"s1\"><b>Voltaje del sistema de 1500 V CC<\/b><\/span> Para cuerdas m\u00e1s largas y menos piezas BOS<\/p>\n<\/li>\n<li>\n<p class=\"p1\"><span class=\"s1\"><b>Dise\u00f1o completamente negro<\/b><\/span> Para azoteas donde la apariencia importa<\/p>\n<\/li>\n<li>\n<p class=\"p1\"><span class=\"s1\"><b>Salida compacta y de alta potencia<\/b><\/span> Reduce los requisitos de espacio y los costos de instalaci\u00f3n<\/p>\n<\/li>\n<\/ul>\n<hr \/>\n<h3><img fetchpriority=\"high\" decoding=\"async\" class=\"aligncenter wp-image-5740 size-full\" src=\"https:\/\/couleenergy.com\/wp-content\/uploads\/2025\/09\/All-Black-Glass-glass-Solar-Panels-for-VPVs-and-BVPs.jpg\" alt=\"VPV y BVPV con paneles solares de doble vidrio totalmente negros\" width=\"1920\" height=\"1080\" srcset=\"https:\/\/couleenergy.com\/wp-content\/uploads\/2025\/09\/All-Black-Glass-glass-Solar-Panels-for-VPVs-and-BVPs.jpg 1920w, https:\/\/couleenergy.com\/wp-content\/uploads\/2025\/09\/All-Black-Glass-glass-Solar-Panels-for-VPVs-and-BVPs-300x169.jpg 300w, https:\/\/couleenergy.com\/wp-content\/uploads\/2025\/09\/All-Black-Glass-glass-Solar-Panels-for-VPVs-and-BVPs-1024x576.jpg 1024w, https:\/\/couleenergy.com\/wp-content\/uploads\/2025\/09\/All-Black-Glass-glass-Solar-Panels-for-VPVs-and-BVPs-768x432.jpg 768w, https:\/\/couleenergy.com\/wp-content\/uploads\/2025\/09\/All-Black-Glass-glass-Solar-Panels-for-VPVs-and-BVPs-1536x864.jpg 1536w, https:\/\/couleenergy.com\/wp-content\/uploads\/2025\/09\/All-Black-Glass-glass-Solar-Panels-for-VPVs-and-BVPs-18x10.jpg 18w, https:\/\/couleenergy.com\/wp-content\/uploads\/2025\/09\/All-Black-Glass-glass-Solar-Panels-for-VPVs-and-BVPs-600x338.jpg 600w\" sizes=\"(max-width: 1920px) 100vw, 1920px\" \/><\/h3>\n<h3><\/h3>\n<h3><b>Couleenergy Strength: Suministro directo y a medida<\/b><\/h3>\n<p class=\"p3\">Couleenergy es m\u00e1s que un simple proveedor. Somos una <span class=\"s2\"><b>fabricante de energ\u00eda solar<\/b><\/span> que ofrece <span class=\"s2\"><b>paneles solares a medida<\/b><\/span>Eso significa que podemos personalizar:<\/p>\n<ul>\n<li>\n<p class=\"p1\">Tama\u00f1o y dimensiones del m\u00f3dulo<\/p>\n<\/li>\n<li>\n<p class=\"p1\">Opciones de enmarcado, tipo de vidrio y l\u00e1mina posterior<\/p>\n<\/li>\n<li>\n<p class=\"p1\">Opciones de vidrio doble, monofacial o bifacial<\/p>\n<\/li>\n<li>\n<p class=\"p1\">Etiquetado, embalaje y certificaciones<\/p>\n<\/li>\n<\/ul>\n<p class=\"p3\">Tambi\u00e9n apoyamos <span class=\"s2\"><b>MOQ peque\u00f1os<\/b><\/span> Para proyectos especiales. Al comprar <span class=\"s2\"><b>paneles solares directos<\/b><\/span> Con nosotros, elimina intermediarios, ahorra costos y obtiene productos adaptados a sus necesidades exactas.<\/p>\n<hr \/>\n<h3><b>Rango de precios t\u00edpico<\/b><\/h3>\n<p class=\"p3\">Los m\u00f3dulos de doble vidrio y bifaciales son productos premium. Los precios de f\u00e1brica al por mayor suelen depender de la configuraci\u00f3n, el tama\u00f1o del pedido y las condiciones de entrega. Comprar directamente con nosotros le permite ahorrar alrededor de... <span class=\"s2\"><b>30%<\/b><\/span> en comparaci\u00f3n con las largas cadenas de distribuci\u00f3n.<\/p>\n<p class=\"p3\">P\u00eddanos una <span class=\"s2\"><b>cotizaci\u00f3n personalizada<\/b>!\u00a0<\/span><\/p>\n<hr \/>\n<h3><b>\u00bfPor qu\u00e9 elegir este m\u00f3dulo?<\/b><\/h3>\n<ul>\n<li>\n<p class=\"p1\"><span class=\"s1\"><b>Larga vida<\/b><\/span> gracias a la protecci\u00f3n de doble cristal<\/p>\n<\/li>\n<li>\n<p class=\"p1\"><span class=\"s1\"><b>Alta eficiencia<\/b><\/span> C\u00e9lulas de contacto posterior de tipo N<\/p>\n<\/li>\n<li>\n<p class=\"p1\"><span class=\"s1\"><b>Opci\u00f3n para ganancias bifaciales<\/b><\/span> en sistemas bien dise\u00f1ados<\/p>\n<\/li>\n<li>\n<p class=\"p1\"><b>Aspecto moderno, completamente negro<\/b><span class=\"s1\"> Perfecto para tejados<\/span><\/p>\n<\/li>\n<li>\n<p class=\"p1\"><span class=\"s1\"><b>Personalizable<\/b><\/span> Para satisfacer necesidades \u00fanicas de proyectos solares<\/p>\n<\/li>\n<\/ul>\n<hr \/>\n<p class=\"p3\">Cu\u00e9ntenos sobre su proyecto. Analizaremos sus necesidades y le recomendaremos la soluci\u00f3n de doble vidrio (monofacial o bifacial) m\u00e1s adecuada. Tambi\u00e9n le proporcionaremos un precio de f\u00e1brica y un plazo de entrega para sus soluciones solares personalizadas.<\/p>\n<p class=\"p4\"><b>Contacte con Couleenergy<\/b><b><\/b><\/p>\n<p class=\"p3\">\ud83d\udcde +1 737 702 0119<\/p>\n<p class=\"p3\">\ud83d\udce7 info@couleenergy.com<\/p>","protected":false},"excerpt":{"rendered":"<p class=\"p1\">El <span class=\"s1\">M\u00f3dulo solar de doble cristal con contacto posterior, totalmente negro, de 465 W a 495 W<\/span> Combina potencia, durabilidad y estilo. Elige entre opciones monofacial o bifacial. Con Couleenergy, obtienes <span class=\"s1\"><b>paneles solares a medida<\/b>, precios directos de f\u00e1brica y soporte de expertos<\/span> para su proyecto solar \u00fanico.<\/p>","protected":false},"featured_media":5738,"template":"","meta":{"_seopress_robots_primary_cat":"none","_seopress_titles_title":"All Black Back Contact Dual-Glass 465W\u2013495W Solar Module","_seopress_titles_desc":"Need custom solar panels? Couleenergy provides all-black dual-glass back-contact modules. Mono-face or bifacial available. Factory-direct supply, small MOQ supported.","_seopress_robots_index":""},"product_brand":[],"product_cat":[1593],"product_tag":[],"class_list":{"0":"post-5728","1":"product","2":"type-product","3":"status-publish","4":"has-post-thumbnail","6":"product_cat-all-black-modules","8":"first","9":"instock","10":"shipping-taxable","11":"purchasable","12":"product-type-variable","13":"has-default-attributes"},"_links":{"self":[{"href":"https:\/\/couleenergy.com\/es\/wp-json\/wp\/v2\/product\/5728","targetHints":{"allow":["GET"]}}],"collection":[{"href":"https:\/\/couleenergy.com\/es\/wp-json\/wp\/v2\/product"}],"about":[{"href":"https:\/\/couleenergy.com\/es\/wp-json\/wp\/v2\/types\/product"}],"wp:featuredmedia":[{"embeddable":true,"href":"https:\/\/couleenergy.com\/es\/wp-json\/wp\/v2\/media\/5738"}],"wp:attachment":[{"href":"https:\/\/couleenergy.com\/es\/wp-json\/wp\/v2\/media?parent=5728"}],"wp:term":[{"taxonomy":"product_brand","embeddable":true,"href":"https:\/\/couleenergy.com\/es\/wp-json\/wp\/v2\/product_brand?post=5728"},{"taxonomy":"product_cat","embeddable":true,"href":"https:\/\/couleenergy.com\/es\/wp-json\/wp\/v2\/product_cat?post=5728"},{"taxonomy":"product_tag","embeddable":true,"href":"https:\/\/couleenergy.com\/es\/wp-json\/wp\/v2\/product_tag?post=5728"}],"curies":[{"name":"gracias","href":"https:\/\/api.w.org\/{rel}","templated":true}]}}