{"id":5687,"date":"2025-09-19T02:06:59","date_gmt":"2025-09-19T02:06:59","guid":{"rendered":"https:\/\/couleenergy.com\/?post_type=product&#038;p=5687"},"modified":"2025-09-19T07:14:29","modified_gmt":"2025-09-19T07:14:29","slug":"paneles-solares-abc-de-doble-vidrio-de-500-w-y-520-w-con-soluciones-a-medida","status":"publish","type":"product","link":"https:\/\/couleenergy.com\/es\/product\/abc-dual-glass-500w-520w-solar-panels-with-bespoke-solutions\/","title":{"rendered":"Paneles solares ABC de doble vidrio de 500 W a 520 W con soluciones a medida"},"content":{"rendered":"<p class=\"p3\">El <a href=\"https:\/\/couleenergy.com\/wp-content\/uploads\/2025\/09\/Neostar-2S_Plus_188-AIKO-A-MAH60Db-500-520_1954x1134x30mm_Black-Frame_EN_2409_V1.1.pdf\" target=\"_blank\" rel=\"noopener\">Aiko NEOSTAR 2S+60<\/a> es una pr\u00f3xima generaci\u00f3n <span class=\"s1\"><b>panel solar de doble vidrio<\/b><\/span> Construido con celdas ABC tipo N. Ofrece alta potencia, est\u00e9tica elegante y confiabilidad duradera. Cada m\u00f3dulo ofrece hasta <span class=\"s1\"><b>Salida de 520 W<\/b><\/span> con <span class=\"s1\"><b>Eficiencia 23.5%<\/b><\/span>, lo que lo convierte en una opci\u00f3n inteligente para proyectos B2B exigentes.<\/p>\n<p class=\"p1\"><b>Caracter\u00edsticas principales:<\/b><b><\/b><\/p>\n<ul>\n<li>\n<p class=\"p1\"><span class=\"s1\"><b>Alta potencia y eficiencia<\/b><\/span> \u2013 Hasta 520W con tecnolog\u00eda avanzada ABC tipo N.<\/p>\n<\/li>\n<li>\n<p class=\"p1\"><span class=\"s1\"><b>Confiabilidad a largo plazo<\/b><\/span> \u2013 Garant\u00eda de rendimiento lineal de 30 a\u00f1os y fuerte resistencia a microfisuras.<\/p>\n<\/li>\n<li>\n<p class=\"p1\"><span class=\"s1\"><b>Dise\u00f1o de doble cristal<\/b><\/span> \u2013 Vidrio semitemplado de 2,0 + 2,0 mm para mayor resistencia, seguridad contra incendios y mejor resistencia a la intemperie.<\/p>\n<\/li>\n<li>\n<p class=\"p1\"><span class=\"s1\"><b>Mejor rendimiento en condiciones de calor y sombra<\/b><\/span> \u2013 Optimizado para sombreado parcial, con bajo coeficiente de temperatura para una salida estable.<\/p>\n<\/li>\n<li>\n<p class=\"p1\"><span class=\"s1\"><b>Construido para durar<\/b><\/span> \u2013 Clasificaci\u00f3n de resistencia al fuego IEC Clase A, carga frontal de 5400 Pa y durabilidad probada contra granizo.<\/p>\n<\/li>\n<\/ul>\n<p class=\"p3\">Pero en Couleenergy, sabemos que no todos los proyectos se ajustan a un tama\u00f1o de panel est\u00e1ndar. Por eso, vamos m\u00e1s all\u00e1 de la distribuci\u00f3n. Como... <span class=\"s1\"><b>Fabricante de paneles solares ABC<\/b><\/span>Nos especializamos en <span class=\"s1\"><b>soluciones de paneles solares a medida<\/b><\/span>Si el formato de 1954 \u00d7 1134 \u00d7 30 mm del NEOSTAR no se adapta a su dise\u00f1o, nuestro equipo puede entreg\u00e1rselo. <span class=\"s1\"><b>producci\u00f3n de m\u00f3dulos solares a medida<\/b><\/span>\u2014desde dimensiones personalizadas hasta potencias \u00fanicas.<\/p>\n<p class=\"p3\">Esta flexibilidad significa que obtiene lo mejor de ambos mundos: tecnolog\u00eda de clase mundial de Aiko, m\u00e1s <span class=\"s1\"><b>paneles personalizados<\/b><\/span> Dise\u00f1ado para adaptarse a sus requisitos B2B exactos.<\/p>\n<hr class=\"border-border-300 my-2\" \/>\n<p class=\"p1\">\u00bfBuscas un panel que no est\u00e1 en el cat\u00e1logo? Couleenergy lo hace posible. Cont\u00e1ctanos hoy mismo para hablar sobre tu proyecto.<\/p>\n<p class=\"whitespace-normal break-words\"><strong>Correo electr\u00f3nico:<\/strong> <a class=\"underline\" href=\"mailto:info@couleenergy.com\">info@couleenergy.com<\/a><br \/>\n<strong>Tel\u00e9fono:<\/strong> +1 737 702 0119<br \/>\n<strong>Sitio web:<\/strong> couleenergy.com<\/p>\n<h3 class=\"text-lg font-bold text-text-100 mt-1 -mb-1.5\">Couleenergy \u2013 Su socio en excelencia solar<\/h3>","protected":false},"excerpt":{"rendered":"<p class=\"p1\">Construido con celdas ABC tipo N avanzadas, el panel de vidrio doble NEOSTAR ofrece <span class=\"s1\"><b>Alta potencia y confiabilidad<\/b><\/span>Couleenergy apoya <span class=\"s1\"><b>producci\u00f3n de m\u00f3dulos solares a medida<\/b><\/span>, ayudando a los clientes a lograr objetivos de proyecto exactos cuando los paneles disponibles en el mercado no son suficientes.<\/p>","protected":false},"featured_media":5697,"template":"","meta":{"_seopress_robots_primary_cat":"none","_seopress_titles_title":"Tailored Solar Module Production | NEOSTAR 500W\u2013520W Dual Glass","_seopress_titles_desc":"Couleenergy delivers bespoke solar panel solutions with dual glass 500W\u2013520W modules. Perfect for projects needing non-standard solar designs.","_seopress_robots_index":""},"product_brand":[],"product_cat":[1594],"product_tag":[],"class_list":{"0":"post-5687","1":"product","2":"type-product","3":"status-publish","4":"has-post-thumbnail","6":"product_cat-bc-modules","8":"first","9":"instock","10":"shipping-taxable","11":"purchasable","12":"product-type-variable","13":"has-default-attributes"},"_links":{"self":[{"href":"https:\/\/couleenergy.com\/es\/wp-json\/wp\/v2\/product\/5687","targetHints":{"allow":["GET"]}}],"collection":[{"href":"https:\/\/couleenergy.com\/es\/wp-json\/wp\/v2\/product"}],"about":[{"href":"https:\/\/couleenergy.com\/es\/wp-json\/wp\/v2\/types\/product"}],"wp:featuredmedia":[{"embeddable":true,"href":"https:\/\/couleenergy.com\/es\/wp-json\/wp\/v2\/media\/5697"}],"wp:attachment":[{"href":"https:\/\/couleenergy.com\/es\/wp-json\/wp\/v2\/media?parent=5687"}],"wp:term":[{"taxonomy":"product_brand","embeddable":true,"href":"https:\/\/couleenergy.com\/es\/wp-json\/wp\/v2\/product_brand?post=5687"},{"taxonomy":"product_cat","embeddable":true,"href":"https:\/\/couleenergy.com\/es\/wp-json\/wp\/v2\/product_cat?post=5687"},{"taxonomy":"product_tag","embeddable":true,"href":"https:\/\/couleenergy.com\/es\/wp-json\/wp\/v2\/product_tag?post=5687"}],"curies":[{"name":"gracias","href":"https:\/\/api.w.org\/{rel}","templated":true}]}}