{"id":4961,"date":"2025-07-07T12:20:03","date_gmt":"2025-07-07T12:20:03","guid":{"rendered":"https:\/\/couleenergy.com\/?post_type=product&#038;p=4961"},"modified":"2025-07-07T13:00:29","modified_gmt":"2025-07-07T13:00:29","slug":"paneles-solares-topcon-flexibles-personalizados-de-125-w-con-superficie-etfe-completamente-negros","status":"publish","type":"product","link":"https:\/\/couleenergy.com\/es\/product\/custom-flexible-125w-topcon-solar-panels-with-etfe-surface-full-black\/","title":{"rendered":"Paneles solares TOPCon flexibles y personalizados de 125 W con superficie de ETFE, totalmente negros"},"content":{"rendered":"<h3 data-start=\"297\" data-end=\"388\"><strong data-start=\"301\" data-end=\"388\">Alta eficiencia energ\u00e9tica y flexibilidad a medida: desde tan solo 100 unidades<\/strong><\/h3>\n<p data-start=\"390\" data-end=\"805\">El CLM-125M-33 de Couleenergy es un avanzado <strong data-start=\"431\" data-end=\"465\">Panel solar semiflexible de 125 W<\/strong>Dise\u00f1ado espec\u00edficamente para proyectos comerciales e industriales que exigen alta eficiencia, dise\u00f1o flexible y materiales de primera calidad. Fabricado con tecnolog\u00eda tipo N. <strong data-start=\"610\" data-end=\"643\">C\u00e9lulas TOPCon<\/strong> y un <strong data-start=\"650\" data-end=\"679\">Hoja frontal de ETFE japon\u00e9s<\/strong>Ofrece una excelente potencia de salida, resistencia a la intemperie y durabilidad a largo plazo, sin comprometer el peso ni la est\u00e9tica.<\/p>\n<hr data-start=\"807\" data-end=\"810\" \/>\n<h2 data-start=\"812\" data-end=\"863\">\ud83d\udd27 <strong data-start=\"818\" data-end=\"863\">Hecho a medida para las empresas, no para las masas<\/strong><\/h2>\n<p data-start=\"865\" data-end=\"1220\">Como fabricante profesional de paneles solares, <strong data-start=\"909\" data-end=\"957\">Couleenergy se especializa en la personalizaci\u00f3n B2B<\/strong>Ya sea que dise\u00f1e sistemas solares para veh\u00edculos recreativos, yates, equipos de telecomunicaciones o integraci\u00f3n arquitect\u00f3nica, le apoyamos. <strong data-start=\"1074\" data-end=\"1115\">Pedidos de lotes peque\u00f1os a partir de 100 piezas<\/strong>, con control total sobre las dimensiones, la producci\u00f3n, los materiales y el cableado para satisfacer las necesidades \u00fanicas de su aplicaci\u00f3n.<\/p>\n<hr data-start=\"1613\" data-end=\"1616\" \/>\n<h2 data-start=\"1618\" data-end=\"1667\">\ud83d\udca1 <strong data-start=\"1624\" data-end=\"1667\">Funciones premium para proyectos exigentes<\/strong><\/h2>\n<ul data-start=\"1669\" data-end=\"2025\">\n<li data-start=\"1669\" data-end=\"1756\">\n<p data-start=\"1671\" data-end=\"1756\"><strong data-start=\"1671\" data-end=\"1696\">Superficie de ETFE japonesa<\/strong>: Ultratransparente, anti-UV, autolimpiable, no amarillea.<\/p>\n<\/li>\n<li data-start=\"1757\" data-end=\"1833\">\n<p data-start=\"1759\" data-end=\"1833\"><strong data-start=\"1759\" data-end=\"1783\">Flexible y sin marco<\/strong>:Se adapta a instalaciones curvas, sin bordes afilados.<\/p>\n<\/li>\n<li data-start=\"1834\" data-end=\"1884\">\n<p data-start=\"1836\" data-end=\"1884\"><strong data-start=\"1836\" data-end=\"1857\">Caja de conexiones IP67<\/strong>: Resistente a la intemperie y seguro.<\/p>\n<\/li>\n<li data-start=\"1885\" data-end=\"1958\">\n<p data-start=\"1887\" data-end=\"1958\"><strong data-start=\"1887\" data-end=\"1905\">Compatible con MC4<\/strong>:Conectar y usar con configuraciones solares est\u00e1ndar de la industria<\/p>\n<\/li>\n<li data-start=\"1959\" data-end=\"2025\">\n<p data-start=\"1961\" data-end=\"2025\"><strong data-start=\"1961\" data-end=\"1991\">Precableado para instalaci\u00f3n<\/strong>: 0,9 m de cable fotovoltaico de 4,0 mm\u00b2 incluido<\/p>\n<\/li>\n<\/ul>\n<hr data-start=\"2027\" data-end=\"2030\" \/>\n<h2 data-start=\"2032\" data-end=\"2082\">\ud83e\udde9 <strong data-start=\"2038\" data-end=\"2082\">Optimizado para aplicaciones B2B vers\u00e1tiles<\/strong><\/h2>\n<ul data-start=\"2084\" data-end=\"2414\">\n<li data-start=\"2084\" data-end=\"2124\">\n<p data-start=\"2086\" data-end=\"2124\"><strong data-start=\"2086\" data-end=\"2096\">Marina<\/strong>:Barcos, yates y muelles<\/p>\n<\/li>\n<li data-start=\"2125\" data-end=\"2191\">\n<p data-start=\"2127\" data-end=\"2191\"><strong data-start=\"2127\" data-end=\"2147\">Autocaravanas y furgonetas camper<\/strong>:Sistema solar flexible en azoteas para energ\u00eda m\u00f3vil<\/p>\n<\/li>\n<li data-start=\"2192\" data-end=\"2267\">\n<p data-start=\"2194\" data-end=\"2267\"><strong data-start=\"2194\" data-end=\"2217\">BIPV y Arquitectura<\/strong>:Paneles elegantes para entornos sensibles al dise\u00f1o<\/p>\n<\/li>\n<li data-start=\"2268\" data-end=\"2348\">\n<p data-start=\"2270\" data-end=\"2348\"><strong data-start=\"2270\" data-end=\"2294\">Equipos industriales<\/strong>:Energ\u00eda confiable para dispositivos fuera de la red o en campo<\/p>\n<\/li>\n<li data-start=\"2349\" data-end=\"2414\">\n<p data-start=\"2351\" data-end=\"2414\"><strong data-start=\"2351\" data-end=\"2375\">Sistemas de energ\u00eda remotos<\/strong>:Telecomunicaciones, sensores y energ\u00eda de emergencia<\/p>\n<\/li>\n<\/ul>\n<hr data-start=\"2416\" data-end=\"2419\" \/>\n<h2 data-start=\"2421\" data-end=\"2453\">\ud83c\udfc6 <strong data-start=\"2427\" data-end=\"2453\">\u00bfPor qu\u00e9 elegir Couleenergy?<\/strong><\/h2>\n<ul data-start=\"2455\" data-end=\"2770\">\n<li data-start=\"2455\" data-end=\"2511\">\n<p data-start=\"2457\" data-end=\"2511\"><strong data-start=\"2457\" data-end=\"2470\">Cantidad m\u00ednima de pedido peque\u00f1a<\/strong>:Producci\u00f3n a medida a partir de s\u00f3lo 100 piezas<\/p>\n<\/li>\n<li data-start=\"2512\" data-end=\"2564\">\n<p data-start=\"2514\" data-end=\"2564\"><strong data-start=\"2514\" data-end=\"2545\">Dimensiones y voltaje personalizados<\/strong>:De 5W a 710W<\/p>\n<\/li>\n<li data-start=\"2565\" data-end=\"2643\">\n<p data-start=\"2567\" data-end=\"2643\"><strong data-start=\"2567\" data-end=\"2591\">Soporte profesional<\/strong>:Consulta de ingenier\u00eda de preventa, asesoramiento sobre sistemas.<\/p>\n<\/li>\n<li data-start=\"2644\" data-end=\"2711\">\n<p data-start=\"2646\" data-end=\"2711\"><strong data-start=\"2646\" data-end=\"2670\">Fabricante de confianza<\/strong>:M\u00e1s de 10 a\u00f1os en I+D y producci\u00f3n de energ\u00eda solar<\/p>\n<\/li>\n<li data-start=\"2712\" data-end=\"2770\">\n<p data-start=\"2714\" data-end=\"2770\"><strong data-start=\"2714\" data-end=\"2730\">Alcance global<\/strong>:Entregado a m\u00e1s de 39 pa\u00edses y regiones<\/p>\n<\/li>\n<\/ul>\n<hr data-start=\"3497\" data-end=\"3500\" \/>\n<h2 data-start=\"3502\" data-end=\"3560\">\ud83d\udcde <strong data-start=\"3508\" data-end=\"3560\">Cont\u00e1ctenos para pedidos personalizados o asesoramiento t\u00e9cnico<\/strong><\/h2>\n<p data-start=\"3562\" data-end=\"3733\">Ya sea que est\u00e9 construyendo su propio producto alimentado con energ\u00eda solar o integrando energ\u00eda solar en un proyecto premium, Couleenergy puede ofrecer soluciones confiables y flexibles.<strong data-start=\"3715\" data-end=\"3732\">hecho a pedido<\/strong>.<\/p>\n<p data-start=\"3735\" data-end=\"3892\">\ud83d\udce7 Correo electr\u00f3nico: <a class=\"cursor-pointer\" rel=\"noopener\" data-start=\"3745\" data-end=\"3796\">info@couleenergy.com<\/a><br data-start=\"3796\" data-end=\"3799\" \/>\ud83d\udcf1WhatsApp: +1 737 702 0119<\/p>\n<hr \/>","protected":false},"excerpt":{"rendered":"<p class=\"p1\">Dise\u00f1ado para ofrecer rendimiento y libertad de dise\u00f1o, este panel de 125 W cuenta con una construcci\u00f3n flexible de ETFE y c\u00e9lulas solares tipo N de primera calidad. Ideal para instalaciones aisladas de la red, BIPV e instalaciones solares especializadas. Ligero, resistente a la intemperie y flexible. Cantidad m\u00ednima de pedido (MOQ) a partir de 100 unidades.<\/p>","protected":false},"featured_media":4971,"template":"","meta":{"_seopress_robots_primary_cat":"none","_seopress_titles_title":"Custom Flexible 125W TOPCon Solar Panels with ETFE Surface Full Black","_seopress_titles_desc":"High-efficiency flexible solar panels for marine, RV, and architectural use. Small MOQ from 100pcs. Tailored solar solutions from Couleenergy.","_seopress_robots_index":""},"product_brand":[],"product_cat":[1592],"product_tag":[],"class_list":{"0":"post-4961","1":"product","2":"type-product","3":"status-publish","4":"has-post-thumbnail","6":"product_cat-flexible-modules","8":"first","9":"instock","10":"shipping-taxable","11":"purchasable","12":"product-type-variable","13":"has-default-attributes"},"_links":{"self":[{"href":"https:\/\/couleenergy.com\/es\/wp-json\/wp\/v2\/product\/4961","targetHints":{"allow":["GET"]}}],"collection":[{"href":"https:\/\/couleenergy.com\/es\/wp-json\/wp\/v2\/product"}],"about":[{"href":"https:\/\/couleenergy.com\/es\/wp-json\/wp\/v2\/types\/product"}],"wp:featuredmedia":[{"embeddable":true,"href":"https:\/\/couleenergy.com\/es\/wp-json\/wp\/v2\/media\/4971"}],"wp:attachment":[{"href":"https:\/\/couleenergy.com\/es\/wp-json\/wp\/v2\/media?parent=4961"}],"wp:term":[{"taxonomy":"product_brand","embeddable":true,"href":"https:\/\/couleenergy.com\/es\/wp-json\/wp\/v2\/product_brand?post=4961"},{"taxonomy":"product_cat","embeddable":true,"href":"https:\/\/couleenergy.com\/es\/wp-json\/wp\/v2\/product_cat?post=4961"},{"taxonomy":"product_tag","embeddable":true,"href":"https:\/\/couleenergy.com\/es\/wp-json\/wp\/v2\/product_tag?post=4961"}],"curies":[{"name":"gracias","href":"https:\/\/api.w.org\/{rel}","templated":true}]}}