{"id":4829,"date":"2025-06-30T10:01:23","date_gmt":"2025-06-30T10:01:23","guid":{"rendered":"https:\/\/couleenergy.com\/?post_type=product&#038;p=4829"},"modified":"2025-06-30T12:19:05","modified_gmt":"2025-06-30T12:19:05","slug":"paneles-solares-pequenos-personalizados-de-25-w-y-12-v-para-proyectos-oem-fuera-de-la-red","status":"publish","type":"product","link":"https:\/\/couleenergy.com\/es\/product\/25w-12v-custom-small-solar-panels-for-oem-off-grid-projects\/","title":{"rendered":"Paneles solares peque\u00f1os personalizados de 25 W y 12 V para proyectos OEM y fuera de la red"},"content":{"rendered":"<h3><b>Paneles solares peque\u00f1os de Couleenergy: energ\u00eda dise\u00f1ada espec\u00edficamente para aplicaciones modernas<\/b><\/h3>\n<p class=\"p3\">En <span class=\"s2\"><b>Couleenergy<\/b><\/span>Nos especializamos en alta eficiencia. <span class=\"s2\"><b>peque\u00f1os paneles solares<\/b><\/span> que superan su tama\u00f1o. Nuestros m\u00f3dulos monocristalinos gozan de gran prestigio mundial por su excelente rendimiento energ\u00e9tico, su calidad de construcci\u00f3n premium y su facilidad de uso inmediata, todo en un tama\u00f1o compacto.<\/p>\n<p class=\"p3\">Dise\u00f1ados teniendo en cuenta la flexibilidad, estos paneles son ideales para <span class=\"s2\"><b>Aplicaciones de energ\u00eda fuera de la red, m\u00f3viles y especializadas<\/b><\/span>Desde veh\u00edculos recreativos y sistemas marinos hasta agricultura, energ\u00eda de respaldo y productos OEM integrados. Ya sea que necesite alimentar un dispositivo, mantener una bater\u00eda de 12 V o crear una soluci\u00f3n solar totalmente integrada, nuestros paneles solares le brindan... <span class=\"s2\"><b>M\u00e1xima potencia en el m\u00ednimo espacio<\/b><\/span>.<\/p>\n<p class=\"p3\">Pero la verdadera diferencia est\u00e1 en c\u00f3mo trabajamos con <span class=\"s2\">empresas como la suya<\/span>.<\/p>\n<p class=\"p3\">Como fabricante con amplia experiencia en <span class=\"s2\"><b>ingenier\u00eda solar personalizada<\/b><\/span>Couleenergy es su socio estrat\u00e9gico para el \u00e9xito B2B. Ofrecemos:<\/p>\n<ul>\n<li>\n<p class=\"p1\">\u2705 <span class=\"s1\"><b>Dimensiones de panel personalizables<\/b><\/span>, voltajes y dise\u00f1os de celdas para satisfacer las necesidades exactas de la aplicaci\u00f3n<\/p>\n<\/li>\n<li>\n<p class=\"p1\">\u2705 <span class=\"s1\"><b>Servicios OEM\/ODM<\/b><\/span> Incluyendo marca, embalaje y documentaci\u00f3n<\/p>\n<\/li>\n<li>\n<p class=\"p1\">\u2705 <span class=\"s1\"><b>Producci\u00f3n escalable<\/b><\/span>, desde lotes piloto hasta cargas de contenedores completos<\/p>\n<\/li>\n<li>\n<p class=\"p1\">\u2705 <span class=\"s1\"><b>Orientaci\u00f3n experta<\/b><\/span> Desde el concepto hasta la entrega, garantizando una integraci\u00f3n perfecta<\/p>\n<\/li>\n<li>\n<p class=\"p1\">\u2705 <span class=\"s1\"><b>Cumplimiento internacional<\/b><\/span> con certificaciones y documentaci\u00f3n para mercados globales<\/p>\n<\/li>\n<\/ul>\n<p class=\"p3\">Si est\u00e1 desarrollando soluciones energ\u00e9ticas innovadoras, <span class=\"s2\"><b>Construiremos el panel solar que se ajuste<\/b><\/span> \u2014No solo f\u00edsicamente, sino tambi\u00e9n comercialmente. Esa es la promesa de Couleenergy.<\/p>\n<p>info@couleenergy.com<br \/>\n+1 737 702 0119 (WhatsApp)<\/p>","protected":false},"excerpt":{"rendered":"<div class=\"grid-cols-1 grid gap-2.5 [&amp;_&gt;_*]:min-w-0 !gap-3.5\">\n<p class=\"p1\"><span class=\"s1\"><b>Couleenergy small solar modules<\/b><\/span> are built for performance in compact applications. Perfect for RVs, battery maintenance, and OEM projects, each unit is engineered with high-efficiency monocrystalline cells and IP67 durability. Tailor voltage, size, and connectors to match your system perfectly.<\/p>\n<\/div>\n","protected":false},"featured_media":4839,"template":"","meta":{"_seopress_robots_primary_cat":"none","_seopress_titles_title":"25W 12V Custom Small Solar Panels for OEM & Off-Grid Projects","_seopress_titles_desc":"Flexible OEM\/ODM solar panel manufacturing for global buyers. Tailored dimensions, packaging, and voltage options available for any application.","_seopress_robots_index":""},"product_brand":[],"product_cat":[1572],"product_tag":[],"class_list":{"0":"post-4829","1":"product","2":"type-product","3":"status-publish","4":"has-post-thumbnail","6":"product_cat-small-modules","8":"first","9":"instock","10":"shipping-taxable","11":"purchasable","12":"product-type-variable","13":"has-default-attributes"},"_links":{"self":[{"href":"https:\/\/couleenergy.com\/es\/wp-json\/wp\/v2\/product\/4829","targetHints":{"allow":["GET"]}}],"collection":[{"href":"https:\/\/couleenergy.com\/es\/wp-json\/wp\/v2\/product"}],"about":[{"href":"https:\/\/couleenergy.com\/es\/wp-json\/wp\/v2\/types\/product"}],"wp:featuredmedia":[{"embeddable":true,"href":"https:\/\/couleenergy.com\/es\/wp-json\/wp\/v2\/media\/4839"}],"wp:attachment":[{"href":"https:\/\/couleenergy.com\/es\/wp-json\/wp\/v2\/media?parent=4829"}],"wp:term":[{"taxonomy":"product_brand","embeddable":true,"href":"https:\/\/couleenergy.com\/es\/wp-json\/wp\/v2\/product_brand?post=4829"},{"taxonomy":"product_cat","embeddable":true,"href":"https:\/\/couleenergy.com\/es\/wp-json\/wp\/v2\/product_cat?post=4829"},{"taxonomy":"product_tag","embeddable":true,"href":"https:\/\/couleenergy.com\/es\/wp-json\/wp\/v2\/product_tag?post=4829"}],"curies":[{"name":"gracias","href":"https:\/\/api.w.org\/{rel}","templated":true}]}}