{"id":4116,"date":"2025-03-26T14:24:50","date_gmt":"2025-03-26T14:24:50","guid":{"rendered":"https:\/\/couleenergy.com\/?post_type=product&#038;p=4116"},"modified":"2025-03-30T11:50:41","modified_gmt":"2025-03-30T11:50:41","slug":"paneles-solares-monocristalinos-de-10-vatios-y-12-v-soluciones-solares-fuera-de-la-red","status":"publish","type":"product","link":"https:\/\/couleenergy.com\/es\/product\/10-watts-mono-solar-panels-12v-off-grid-solar-solutions\/","title":{"rendered":"Paneles solares monocristalinos de 10 vatios y 12 V, soluciones solares fuera de la red"},"content":{"rendered":"<h2>Soluci\u00f3n solar de calidad profesional para socios de distribuci\u00f3n<\/h2>\n<p><strong>\u00bfBusca un producto solar confiable a peque\u00f1a escala para a\u00f1adir a su inventario? El Couleenergy CLM-10M-36 ofrece excelente relaci\u00f3n calidad-precio y versatilidad.<\/strong><\/p>\n<p>El panel solar CLM-10M-36 de 10 W cuenta con tecnolog\u00eda monocristalina de alta calidad y durabilidad de grado comercial, ofreciendo a sus clientes una soluci\u00f3n energ\u00e9tica confiable para diversas aplicaciones. Este panel solar representa una adici\u00f3n pr\u00e1ctica a su l\u00ednea de productos de energ\u00eda renovable.<\/p>\n<h2>Puntos de venta clave para su negocio<\/h2>\n<h3>Especificaciones del producto<\/h3>\n<p>El CLM-10M-36 ofrece especificaciones que lo hacen competitivo en el mercado de paneles solares de 10W:<\/p>\n<ul>\n<li>Dise\u00f1o monocristalino de 36 celdas<\/li>\n<li>Voltaje de funcionamiento optimizado de 18,6 V para carga de bater\u00eda de 12 V<\/li>\n<li>Dimensiones compactas (9\u2033 \u00d7 13,6\u2033 \u00d7 0,7\u2033) para una implementaci\u00f3n vers\u00e1til<\/li>\n<li>Construcci\u00f3n liviana (1,8 libras) para un manejo m\u00e1s f\u00e1cil y costos de env\u00edo reducidos<\/li>\n<li>Construcci\u00f3n duradera con una carga de nieve de 5400 Pa y una resistencia al viento de 2400 Pa.<\/li>\n<\/ul>\n<p>Estas especificaciones ayudan a garantizar que sus clientes reciban un producto de calidad que funcione de manera confiable en diversas condiciones.<\/p>\n<h3>Aplicaciones potenciales del mercado<\/h3>\n<p>Un producto que puede atender a m\u00faltiples segmentos de clientes:<\/p>\n<ul>\n<li><strong>Minoristas de equipos marinos<\/strong>: Adecuado para mantenimiento de bater\u00edas, sistemas de navegaci\u00f3n y bombas de achique.<\/li>\n<li><strong>Proveedores de veh\u00edculos recreativos y camping<\/strong>:Adecuado para necesidades de energ\u00eda fuera de la red y mantenimiento de bater\u00edas.<\/li>\n<li><strong>Distribuidores agr\u00edcolas<\/strong>:Puede admitir cercas el\u00e9ctricas, sensores remotos y controles de riego.<\/li>\n<li><strong>Proveedores de sistemas de seguridad<\/strong>:Puede alimentar c\u00e1maras remotas y equipos de monitoreo.<\/li>\n<li><strong>Tiendas de preparaci\u00f3n para emergencias<\/strong>:Componente \u00fatil para sistemas de energ\u00eda de respaldo<\/li>\n<\/ul>\n<p>Esta versatilidad le permite comercializar en diferentes sectores con un solo producto, simplificando potencialmente la gesti\u00f3n del inventario.<\/p>\n<h3>Beneficios para el cliente<\/h3>\n<p>Ayude a sus clientes a abordar sus desaf\u00edos energ\u00e9ticos:<\/p>\n<ul>\n<li><strong>Mantenimiento de la bater\u00eda<\/strong>: Ayuda a prevenir la descarga de la bater\u00eda en equipos de uso estacional o poco frecuente.<\/li>\n<li><strong>Alimentaci\u00f3n remota<\/strong>:Proporciona energ\u00eda donde no hay conexi\u00f3n a la red el\u00e9ctrica<\/li>\n<li><strong>Conveniencia de instalaci\u00f3n<\/strong>:Orificios de montaje pretaladrados y conexiones est\u00e1ndar<\/li>\n<li><strong>Resistencia a la intemperie<\/strong>:Rango de funcionamiento de -40 \u00b0F a 185 \u00b0F para funcionalidad durante todo el a\u00f1o<\/li>\n<li><strong>Rendimiento a largo plazo<\/strong>:Dise\u00f1ado para una vida \u00fatil prolongada<\/li>\n<\/ul>\n<p>Estos beneficios pueden representar valor potencial para sus clientes en diversas aplicaciones.<\/p>\n<h2>Seguro de calidad<\/h2>\n<p>Nuestros est\u00e1ndares de calidad incluyen:<\/p>\n<ul>\n<li>Fabricaci\u00f3n seg\u00fan est\u00e1ndares de la industria<\/li>\n<li>Pruebas de f\u00e1brica antes del env\u00edo<\/li>\n<li>Protecci\u00f3n de garant\u00eda est\u00e1ndar*<\/li>\n<\/ul>\n<p>*Comun\u00edquese con Couleenergy para conocer los t\u00e9rminos y condiciones de garant\u00eda espec\u00edficos aplicables a su regi\u00f3n.<\/p>\n<h2>Soporte al distribuidor<\/h2>\n<p>Trabajamos para apoyar a nuestros socios de distribuci\u00f3n:<\/p>\n<ul>\n<li>Opciones de precios por volumen disponibles<\/li>\n<li>Documentaci\u00f3n t\u00e9cnica para su equipo de ventas<\/li>\n<li>Informaci\u00f3n y especificaciones del producto<\/li>\n<li>Servicio al cliente dedicado<\/li>\n<\/ul>\n<p>Nuestros programas de soporte est\u00e1n dise\u00f1ados para adaptarse a diferentes modelos de negocio, incluidos el comercio minorista, la distribuci\u00f3n en l\u00ednea y la integraci\u00f3n de sistemas.<\/p>\n<h2>Especificaciones t\u00e9cnicas<\/h2>\n<p>Especificaciones detalladas para una toma de decisiones informada:<\/p>\n<ul>\n<li><strong>Modelo<\/strong>:CLM-10M-36<\/li>\n<li><strong>Tipo de panel<\/strong>: Silicio monocristalino<\/li>\n<li><strong>N\u00famero de c\u00e9lulas<\/strong>: 36<\/li>\n<li><strong>Potencia pico nominal<\/strong>:10 W<\/li>\n<li><strong>Eficiencia del m\u00f3dulo<\/strong>: 12.6%<\/li>\n<li><strong>Voltaje de potencia m\u00e1xima (Vmp)<\/strong>:18,6 V<\/li>\n<li><strong>Voltaje de circuito abierto (Voc)<\/strong>:22,6 V<\/li>\n<li><strong>Corriente de potencia m\u00e1xima (Imp)<\/strong>:0,54 A<\/li>\n<li><strong>Corriente de cortocircuito (Isc)<\/strong>:0,58 A<\/li>\n<li><strong>Temperatura de funcionamiento<\/strong>:-40 \u00b0C a +85 \u00b0C (-40 \u00b0F a 185 \u00b0F)<\/li>\n<li><strong>Dimensiones<\/strong>: 230\u00d7345\u00d717 mm (9,06\u2033\u00d713,58\u2033\u00d70,67\u2033)<\/li>\n<li><strong>Peso<\/strong>:0,8 kg (1,76 libras)<\/li>\n<li><strong>Material del marco<\/strong>:Aluminio anodizado<\/li>\n<li><strong>Portada<\/strong>: Vidrio templado de 3,2 mm<\/li>\n<li><strong>Caja de conexiones<\/strong>: Clasificaci\u00f3n IP65<\/li>\n<li><strong>Voltaje m\u00e1ximo del sistema<\/strong>:600 V CC<\/li>\n<li><strong>Clasificaci\u00f3n m\u00e1xima de fusibles en serie<\/strong>:3A<\/li>\n<\/ul>\n<h2>Posibles aplicaciones industriales<\/h2>\n<h3>Aplicaciones marinas<\/h3>\n<p>El CLM-10M-36 puede ser adecuado para usos marinos como:<\/p>\n<ul>\n<li>Mantenimiento de la carga de la bater\u00eda en embarcaciones almacenadas<\/li>\n<li>Alimentaci\u00f3n de luces de navegaci\u00f3n y fondeo<\/li>\n<li>Soporte para buscadores de peces y equipos de profundidad<\/li>\n<li>Ampliaci\u00f3n del tiempo entre conexiones de energ\u00eda en tierra<\/li>\n<\/ul>\n<p>La construcci\u00f3n resistente a la intemperie del panel lo hace apropiado para entornos marinos.<\/p>\n<h3>Aplicaciones agr\u00edcolas<\/h3>\n<p>El panel puede ser pr\u00e1ctico para usos agr\u00edcolas como:<\/p>\n<ul>\n<li>Energizadores de cercas el\u00e9ctricas<\/li>\n<li>Estaciones meteorol\u00f3gicas y monitores de suelo<\/li>\n<li>C\u00e1maras de juego y seguridad de la propiedad<\/li>\n<li>Operadores de puertas remotas<\/li>\n<\/ul>\n<p>La durabilidad del panel en diversas condiciones clim\u00e1ticas lo hace adecuado para aplicaciones agr\u00edcolas al aire libre.<\/p>\n<h3>Aplicaciones de emergencia y seguridad<\/h3>\n<p>El CLM-10M-36 se puede incorporar a:<\/p>\n<ul>\n<li>Sistemas de comunicaci\u00f3n de emergencia<\/li>\n<li>Soluciones de energ\u00eda de respaldo para equipos m\u00e1s peque\u00f1os<\/li>\n<li>Estaciones de monitoreo remoto<\/li>\n<li>Kits de preparaci\u00f3n para desastres<\/li>\n<\/ul>\n<p>La confiabilidad del panel lo convierte en un componente potencial para la planificaci\u00f3n de emergencias.<\/p>\n<h2>Contacte con Couleenergy<\/h2>\n<p>Obtenga m\u00e1s informaci\u00f3n sobre nuestros programas de distribuci\u00f3n:<\/p>\n<ul>\n<li>Correo electr\u00f3nico: info@couleenergy.com<\/li>\n<li>Sitio web: www.couleenergy.com<\/li>\n<li>Tel. y WhatsApp: +1 737 702 0119<\/li>\n<\/ul>\n<p>Cont\u00e1ctenos hoy para solicitar informaci\u00f3n sobre el producto, discutir opciones de precios o explorar oportunidades de asociaci\u00f3n.<\/p>","protected":false},"excerpt":{"rendered":"<p>El panel solar CLM-10M-36 de 12 V y 10 W combina un rendimiento superior con una durabilidad inigualable. Su dise\u00f1o ligero (800 g) y sus dimensiones compactas lo hacen ideal para env\u00edos internacionales, mientras que su construcci\u00f3n monocristalina de 36 celdas garantiza una generaci\u00f3n de energ\u00eda confiable en diversos entornos. Ideal para mantenimiento de bater\u00edas, suministro de energ\u00eda a distancia y sistemas de emergencia. El complemento perfecto para su l\u00ednea de productos de energ\u00eda renovable con un precio atractivo.<\/p>","protected":false},"featured_media":4126,"template":"","meta":{"_seopress_robots_primary_cat":"none","_seopress_titles_title":"Wholesale 10W Solar Panels | B2B Manufacturing & Export | OEM","_seopress_titles_desc":"Compact, lightweight 10W solar panels for marine, RV, and off-grid applications. Factory-direct competitive B2B pricing and global shipping with small MOQ.","_seopress_robots_index":""},"product_brand":[],"product_cat":[1572],"product_tag":[],"class_list":{"0":"post-4116","1":"product","2":"type-product","3":"status-publish","4":"has-post-thumbnail","6":"product_cat-small-modules","8":"first","9":"instock","10":"shipping-taxable","11":"purchasable","12":"product-type-variable","13":"has-default-attributes"},"_links":{"self":[{"href":"https:\/\/couleenergy.com\/es\/wp-json\/wp\/v2\/product\/4116","targetHints":{"allow":["GET"]}}],"collection":[{"href":"https:\/\/couleenergy.com\/es\/wp-json\/wp\/v2\/product"}],"about":[{"href":"https:\/\/couleenergy.com\/es\/wp-json\/wp\/v2\/types\/product"}],"wp:featuredmedia":[{"embeddable":true,"href":"https:\/\/couleenergy.com\/es\/wp-json\/wp\/v2\/media\/4126"}],"wp:attachment":[{"href":"https:\/\/couleenergy.com\/es\/wp-json\/wp\/v2\/media?parent=4116"}],"wp:term":[{"taxonomy":"product_brand","embeddable":true,"href":"https:\/\/couleenergy.com\/es\/wp-json\/wp\/v2\/product_brand?post=4116"},{"taxonomy":"product_cat","embeddable":true,"href":"https:\/\/couleenergy.com\/es\/wp-json\/wp\/v2\/product_cat?post=4116"},{"taxonomy":"product_tag","embeddable":true,"href":"https:\/\/couleenergy.com\/es\/wp-json\/wp\/v2\/product_tag?post=4116"}],"curies":[{"name":"gracias","href":"https:\/\/api.w.org\/{rel}","templated":true}]}}