{"id":5988,"date":"2025-10-13T14:23:48","date_gmt":"2025-10-13T14:23:48","guid":{"rendered":"https:\/\/couleenergy.com\/?post_type=product&#038;p=5988"},"modified":"2025-10-14T03:36:41","modified_gmt":"2025-10-14T03:36:41","slug":"160-w-hpbc-komplett-schwarzes-leichtes-biegsames-solarpanel","status":"publish","type":"product","link":"https:\/\/couleenergy.com\/de\/product\/160w-hpbc-all-black-lightweight-bendable-solar-panel\/","title":{"rendered":"160 W HPBC, komplett schwarzes, leichtes, biegsames Solarpanel"},"content":{"rendered":"<div class=\"product-header\">\n<p class=\"tagline\">Flexible Premium-Solarl\u00f6sung f\u00fcr OEMs, Distributoren und Systemintegratoren<\/p>\n<div class=\"badge-container\"><span class=\"badge\">\ud83c\udfc6 27.81% Laboreffizienz<br \/>\n<\/span><span class=\"badge\">\ud83c\udfed Mindestbestellmenge: 100 Einheiten<br \/>\n<\/span><span class=\"badge\">\u26a1 25,8%-Zelleneffizienz<\/span><\/div>\n<\/div>\n<div class=\"section\">\n<h2><\/h2>\n<h2>\ud83c\udfaf Produkt\u00fcbersicht<\/h2>\n<p>Der\u00a0<strong>160 W HPBC (Hybrid Passivated Back Contact) komplett schwarzes, biegsames Solarpanel<\/strong> stellt den neuesten Stand der flexiblen Photovoltaiktechnologie dar. Dieses Solarmodul wurde speziell f\u00fcr Solaranwendungen entwickelt, die \u00fcberragende Leistung, \u00e4sthetische Exzellenz und Installationsvielfalt erfordern. Es kombiniert Weltrekord-Effizienztechnologie mit praktischer Flexibilit\u00e4t f\u00fcr Anwendungen auf gekr\u00fcmmten Oberfl\u00e4chen.<\/p>\n<p>Ideal f\u00fcr\u00a0<strong>OEM-Hersteller, Schiffsausr\u00fcstungslieferanten, Wohnmobil-\/Camperbauer, Solarintegratoren f\u00fcr die Architektur und Anbieter erneuerbarer Energien<\/strong>Unser 160-W-HPBC-Solarmodul l\u00f6st kritische Schwachstellen, die herk\u00f6mmliche starre Module nicht beheben k\u00f6nnen, und bietet gleichzeitig eine erstklassige Leistung, die durch internationale Zertifizierungen abgesichert ist.<\/p>\n<\/div>\n<div class=\"section\">\n<h2>\ud83d\udca1 Warum HPBC-Technologie wichtig ist<\/h2>\n<div class=\"key-features\">\n<div class=\"feature-card\">\n<h4>\ud83d\udd2c Rekordverd\u00e4chtige Effizienz<\/h4>\n<p>Basierend auf einer Technologie, die einen Laborwirkungsgrad von 27,81% (ISFH-zertifiziert) und einen Modul-Weltrekord von 25,4% (Fraunhofer ISE-zertifiziert) erreicht. Kommerzielle flexible Solarmodule liefern einen Wirkungsgrad von 20-22%.<\/p>\n<\/div>\n<div class=\"feature-card\">\n<h4>\ud83c\udf21\ufe0f \u00dcberlegene Hitzetoleranz<\/h4>\n<p>Der Temperaturkoeffizient von -0,26% bis -0,29%\/\u00b0C liefert unter hei\u00dfen Bedingungen 7-10% mehr Leistung im Vergleich zur Standard-PERC-Technologie (-0,45%\/\u00b0C).<\/p>\n<\/div>\n<div class=\"feature-card\">\n<h4>\ud83c\udfa8 Hochwertige \u00c4sthetik in Schwarz<\/h4>\n<p>Da es auf der Vorderseite keine Gitterlinien gibt, entsteht ein einheitliches, hochwertiges Erscheinungsbild, das sich perfekt f\u00fcr die architektonische Integration und High-End-Anwendungen eignet, bei denen die \u00c4sthetik die Kaufentscheidung bestimmt.<\/p>\n<\/div>\n<div class=\"feature-card\">\n<h4>\ud83d\udd04 Maximale Flexibilit\u00e4t<\/h4>\n<p>Biegbar bis zu 240 Grad f\u00fcr Installationen auf gekr\u00fcmmten Oberfl\u00e4chen. Ultraleichtes Design (unter 10 lbs) erm\u00f6glicht Anwendungen, die mit starren Platten nicht m\u00f6glich sind.<\/p>\n<\/div>\n<div class=\"feature-card\">\n<h4>\ud83d\udee1\ufe0f ETFE-Beschichtungstechnologie<\/h4>\n<p>85-95% Lichtdurchl\u00e4ssigkeit mit selbstreinigenden Eigenschaften. Die Haltbarkeit in Marinequalit\u00e4t widersteht Salzwasser, UV-Strahlung und extremen Temperaturen (-200 \u00b0C bis 150 \u00b0C).<\/p>\n<\/div>\n<div class=\"feature-card\">\n<h4>\u2699\ufe0f Vollst\u00e4ndige Anpassung<\/h4>\n<p>Niedrige Mindestbestellmenge von 100 Einheiten mit umfassender Anpassung: Abmessungen, Spannung, Anschl\u00fcsse, Branding und Verpackung. Schnelle Prototypenerstellung innerhalb von 30 Tagen.<\/p>\n<\/div>\n<\/div>\n<\/div>\n<div class=\"section\">\n<h2>\ud83d\udcca Technische Daten<\/h2>\n<table class=\"specs-table\">\n<thead>\n<tr>\n<th>Parameter<\/th>\n<th>Spezifikation<\/th>\n<th>Hinweise<\/th>\n<\/tr>\n<\/thead>\n<tbody>\n<tr>\n<td><strong>Nennleistung<\/strong><\/td>\n<td>160 W \u00b131 TP3T<\/td>\n<td>Unter Standardtestbedingungen (STC)<\/td>\n<\/tr>\n<tr>\n<td><strong>Moduleffizienz<\/strong><\/td>\n<td>20.21%<\/td>\n<td>Kommerzielle Produktionsspezifikation<\/td>\n<\/tr>\n<tr>\n<td><strong>Zelltechnologie<\/strong><\/td>\n<td>HPBC (Hybrid Passivated Back Contact)<\/td>\n<td>Basierend auf der 27.81%-Laboreffizienztechnologie<\/td>\n<\/tr>\n<tr>\n<td><strong>Oberfl\u00e4chenbeschichtung<\/strong><\/td>\n<td>ETFE (Ethylen-Tetrafluorethylen)<\/td>\n<td>25\/50\/100\u03bcm Dicke, 85-95% Lichtdurchl\u00e4ssigkeit<\/td>\n<\/tr>\n<tr>\n<td><strong>Temperaturkoeffizient (Pmax)<\/strong><\/td>\n<td>-0,26% ~ -0,29%\/\u00b0C<\/td>\n<td>Besser als Standard-PERC (-0,45%\/\u00b0C)<\/td>\n<\/tr>\n<tr>\n<td><strong>Betriebstemperaturbereich<\/strong><\/td>\n<td>-40\u00b0C bis +85\u00b0C<\/td>\n<td>Erweiterte Reichweite f\u00fcr raue Umgebungen<\/td>\n<\/tr>\n<tr>\n<td><strong>Maximale Systemspannung<\/strong><\/td>\n<td>600 V Gleichstrom<\/td>\n<td>Kompatibel mit Standard-Wechselrichtern<\/td>\n<\/tr>\n<tr>\n<td><strong>Leerlaufspannung (Voc)<\/strong><\/td>\n<td>21,9 V<\/td>\n<td>Optimiert f\u00fcr 12V\/24V-Systeme<\/td>\n<\/tr>\n<tr>\n<td><strong>Flexibilit\u00e4t<\/strong><\/td>\n<td>Bis zu 240\u00b0 Biegewinkel<\/td>\n<td>Erm\u00f6glicht die Installation auf gekr\u00fcmmten Oberfl\u00e4chen<\/td>\n<\/tr>\n<tr>\n<td><strong>Gewicht<\/strong><\/td>\n<td>2,3 kg<\/td>\n<td>70-80% leichter als starre Platten<\/td>\n<\/tr>\n<tr>\n<td><strong>Ma\u00dfe<\/strong><\/td>\n<td>Anpassbar<\/td>\n<td>Standard- und Sondergr\u00f6\u00dfen erh\u00e4ltlich<\/td>\n<\/tr>\n<tr>\n<td><strong>Zertifizierungen<\/strong><\/td>\n<td>IEC 61215, IEC 61730<\/td>\n<td>Internationale Sicherheits- und Leistungsstandards<\/td>\n<\/tr>\n<tr>\n<td><strong>Erwartete Lebensdauer<\/strong><\/td>\n<td>10-15 Jahre<\/td>\n<td>Bei fachgerechter Installation und Bel\u00fcftung<\/td>\n<\/tr>\n<tr>\n<td><strong>Garantie<\/strong><\/td>\n<td>3+ Jahre<\/td>\n<td>Produktgarantiestandard<\/td>\n<\/tr>\n<tr>\n<td><strong>T\u00e4gliche Energieproduktion<\/strong><\/td>\n<td>640-800 Wh\/Tag<\/td>\n<td>Basierend auf 4-5 Sonnenstunden<\/td>\n<\/tr>\n<\/tbody>\n<\/table>\n<\/div>\n<div class=\"value-prop\">\n<h3><\/h3>\n<h3>\ud83d\ude80 Wertversprechen<\/h3>\n<ul>\n<li><strong>Marktdifferenzierung:<\/strong>\u00a0Bieten Sie Ihren Kunden modernste HPBC-Technologie und positionieren Sie Ihr Unternehmen als Innovationsf\u00fchrer<\/li>\n<li><strong>Premium-Preispotenzial:<\/strong>\u00a0\u00dcberlegene Leistung und \u00c4sthetik rechtfertigen Premiumpreise und verbessern Ihre Margen<\/li>\n<li><strong>Erweiterter Marktzugang:<\/strong>\u00a0F\u00fcr Anwendungen, die mit starren Platten nicht m\u00f6glich sind (Schifffahrt, Wohnmobil, architektonische Integration)<\/li>\n<li><strong>Niedrige Eintrittsbarriere:<\/strong>\u00a0Mindestbestellmenge von 100 Einheiten erm\u00f6glicht Markttests und Nischenanwendungen ohne massive Lagerhaltung<\/li>\n<li><strong>Flexibilit\u00e4t bei der Anpassung:<\/strong>\u00a0Eigenmarke und individuelle Anpassung an Ihre Marke, Erstellung exklusiver Produktlinien<\/li>\n<li><strong>Direkte Fabrikpreise:<\/strong>\u00a0Eliminieren Sie die Margen der Zwischenh\u00e4ndler und verbessern Sie so Ihre Kostenstruktur und Wettbewerbsf\u00e4higkeit<\/li>\n<li><strong>Technische Unterst\u00fctzung:<\/strong>\u00a0Technische Anleitungen und Dokumentation unterst\u00fctzen Ihren Verkaufsprozess und den Kundenerfolg<\/li>\n<li><strong>Schnelles Prototyping:<\/strong>\u00a030-t\u00e4gige Musterproduktion erm\u00f6glicht schnelle Kundendemos und Projektvalidierung<\/li>\n<\/ul>\n<\/div>\n<div class=\"section\">\n<h2><\/h2>\n<h2>\ud83c\udfaf Zielanwendungen und -m\u00e4rkte<\/h2>\n<div class=\"benefits-grid\">\n<div class=\"benefit-item\">\n<div class=\"benefit-icon\">\ud83d\ude90 Herstellung von Wohnmobilen und Campern<\/div>\n<p>Leichtbauweise, perfekt f\u00fcr Dachgewichtsbeschr\u00e4nkungen. Gebogene Installation m\u00f6glich. Hochwertige Optik steigert den Fahrzeugwert.<\/p>\n<\/div>\n<div class=\"benefit-item\">\n<div class=\"benefit-icon\">\u26f5 Lieferanten von Schiffsausr\u00fcstung<\/div>\n<p>Salzwasserbest\u00e4ndige ETFE-Beschichtung. Flexibel f\u00fcr Bootsdeckkonturen. Zuverl\u00e4ssige Stromversorgung f\u00fcr Navigationssysteme.<\/p>\n<\/div>\n<div class=\"benefit-item\">\n<div class=\"benefit-icon\">\ud83c\udfd7\ufe0f Architektonische Integration<\/div>\n<p>Komplett schwarze \u00c4sthetik f\u00fcr BIPV-Projekte. Flexibel f\u00fcr geschwungene Fassaden. Erstklassige Optik f\u00fcr High-End-Geb\u00e4ude.<\/p>\n<\/div>\n<div class=\"benefit-item\">\n<div class=\"benefit-icon\">\ud83c\udfed OEM\/ODM-Fertigung<\/div>\n<p>Vollst\u00e4ndige Anpassung m\u00f6glich. Private Labeling inklusive. Niedrige Mindestbestellmenge f\u00fcr die Produktentwicklung.<\/p>\n<\/div>\n<div class=\"benefit-item\">\n<div class=\"benefit-icon\">\ud83d\udd0c Off-Grid-Systemintegratoren<\/div>\n<p>Tragbar und leicht zu transportieren. Zuverl\u00e4ssige Leistung an abgelegenen Standorten. Modulare Erweiterungsm\u00f6glichkeit.<\/p>\n<\/div>\n<div class=\"benefit-item\">\n<div class=\"benefit-icon\">\ud83d\udea8 H\u00e4ndler f\u00fcr Notfallausr\u00fcstung<\/div>\n<p>Kompakte Lagerung. Schnelle Bereitstellung. Zuverl\u00e4ssige Notstroml\u00f6sung.<\/p>\n<\/div>\n<\/div>\n<\/div>\n<div class=\"section\">\n<h2><\/h2>\n<h2>\u2699\ufe0f Anpassungsoptionen<\/h2>\n<h3>Verf\u00fcgbare Anpassungen (Bestellungen ab 100 Einheiten)<\/h3>\n<table class=\"specs-table\">\n<thead>\n<tr>\n<th>Anpassungstyp<\/th>\n<th>Verf\u00fcgbare Optionen<\/th>\n<\/tr>\n<\/thead>\n<tbody>\n<tr>\n<td><strong>Leistungsabgabe<\/strong><\/td>\n<td>5 W bis 710 W+ (160 W optimiert f\u00fcr mobile Anwendungen)<\/td>\n<\/tr>\n<tr>\n<td><strong>Ma\u00dfe<\/strong><\/td>\n<td>Benutzerdefinierte Gr\u00f6\u00dfen zur Erf\u00fcllung spezifischer Installationsanforderungen<\/td>\n<\/tr>\n<tr>\n<td><strong>Spannungskonfiguration<\/strong><\/td>\n<td>12V, 24V, 48V Systemoptimierung<\/td>\n<\/tr>\n<tr>\n<td><strong>Steckertypen<\/strong><\/td>\n<td>MC4, Anderson, kundenspezifische Steckverbinder gem\u00e4\u00df Spezifikation<\/td>\n<\/tr>\n<tr>\n<td><strong>Kabell\u00e4nge<\/strong><\/td>\n<td>Standard- oder erweiterte L\u00e4ngen je nach Projektanforderungen<\/td>\n<\/tr>\n<tr>\n<td><strong>Markenbildung<\/strong><\/td>\n<td>Eigenmarke, Logoplatzierung, benutzerdefinierte Modellnummern<\/td>\n<\/tr>\n<tr>\n<td><strong>Verpackung<\/strong><\/td>\n<td>Kundenspezifische Verpackung mit Ihrem Branding und Ihren Spezifikationen<\/td>\n<\/tr>\n<tr>\n<td><strong>Rahmendesign<\/strong><\/td>\n<td>Rahmenlose oder individuelle Montagel\u00f6sungen<\/td>\n<\/tr>\n<tr>\n<td><strong>Farboptionen<\/strong><\/td>\n<td>Komplett schwarzer Standard, benutzerdefinierte Farben f\u00fcr die R\u00fcckseite verf\u00fcgbar<\/td>\n<\/tr>\n<tr>\n<td><strong>Pr\u00fcfung\/Zertifizierung<\/strong><\/td>\n<td>Zus\u00e4tzliche Zertifizierungen je nach Zielmarktanforderungen<\/td>\n<\/tr>\n<\/tbody>\n<\/table>\n<\/div>\n<div class=\"section\">\n<h2><\/h2>\n<h2>\ud83c\udfed Fertigung &amp; Qualit\u00e4tssicherung<\/h2>\n<h3>Unsere Fertigungskompetenz<\/h3>\n<div class=\"key-features\">\n<div class=\"feature-card\">\n<h4>\u2713 Qualit\u00e4tskontrolle<\/h4>\n<p>Mehrstufige Tests, einschlie\u00dflich EL-Pr\u00fcfung (Elektrolumineszenz), Leistungs\u00fcberpr\u00fcfung und Haltbarkeitstests.<\/p>\n<\/div>\n<div class=\"feature-card\">\n<h4>\u2713 Schnelle Bearbeitung<\/h4>\n<p>Prototypenmuster: 2\u20134 Wochen. Produktionsauftr\u00e4ge: 3\u20136 Wochen ab Genehmigung. Expressoptionen verf\u00fcgbar.<\/p>\n<\/div>\n<div class=\"feature-card\">\n<h4>\u2713 Technischer Support<\/h4>\n<p>Technische Beratung innerhalb von 12\u201348 Stunden. Empfehlungen zur Designoptimierung. Dokumentation mit Installationsanleitungen.<\/p>\n<\/div>\n<div class=\"feature-card\">\n<h4>\u2713 Skalierbare Produktion<\/h4>\n<p>Von Testauftr\u00e4gen mit 100 Einheiten bis hin zu Produktionsl\u00e4ufen mit \u00fcber 100.000 Einheiten. Gleichbleibende Qualit\u00e4t bei allen St\u00fcckzahlen.<\/p>\n<\/div>\n<div class=\"feature-card\">\n<h4>\u2713 Globale Standards<\/h4>\n<p>Compliance-Unterst\u00fctzung f\u00fcr IEC- und regionale Zertifizierungen. Technische Dokumentation in mehreren Sprachen.<\/p>\n<\/div>\n<\/div>\n<\/div>\n<div class=\"section\">\n<h2><\/h2>\n<h2>\ud83d\udcbc Vorteile der Partnerschaft<\/h2>\n<h3>Was Sie als unser Partner bekommen<\/h3>\n<ul>\n<li><strong>Direkte Fabrikpreise:<\/strong>\u00a0Eliminieren Sie die Margen Ihrer Distributoren und maximieren Sie Ihre Rentabilit\u00e4t<\/li>\n<li><strong>Technische Dokumentation:<\/strong>\u00a0Umfassende Datenbl\u00e4tter, Installationsanleitungen, Marketingmaterialien<\/li>\n<li><strong>Technischer Support:<\/strong>\u00a0Technische Beratung vor dem Verkauf, Entwicklung kundenspezifischer L\u00f6sungen, Unterst\u00fctzung bei der Fehlerbehebung<\/li>\n<li><strong>Marketingunterst\u00fctzung:<\/strong>\u00a0Produktfotografie, technischer Inhalt, Zertifizierungsdokumentation<\/li>\n<li><strong>Qualit\u00e4tsgarantie:<\/strong>\u00a0Einheitliche Qualit\u00e4tsstandards, Leistungstests, Garantieunterst\u00fctzung<\/li>\n<li><strong>Flexible Bedingungen:<\/strong>\u00a0Skalierbare Bestellmengen, Individualisierung ohne \u00fcberm\u00e4\u00dfige Mindestbestellmenge, Rapid Prototyping<\/li>\n<li><strong>Globale Compliance:<\/strong>\u00a0IEC-zertifiziert, regionale Zertifizierungsunterst\u00fctzung, Dokumentation in mehreren Sprachen<\/li>\n<li><strong>Reaktionsschnelle Kommunikation:<\/strong>\u00a0Dediziertes Account-Management, transparente Produktionsupdates, schnelle Reaktionszeiten<\/li>\n<\/ul>\n<\/div>\n<div class=\"section\">\n<h2><\/h2>\n<h2>\ud83d\udcc8 Marktchance<\/h2>\n<p>Der Markt f\u00fcr flexible Solarmodule wird voraussichtlich\u00a0<strong>$6,2 Milliarden bis 2033<\/strong>\u00a0mit einer CAGR von 17,2%. Die HPBC-Technologie, die den neuesten Stand des Back-Contact-Zelldesigns darstellt, wird sich voraussichtlich bis 2030 durchsetzen und m\u00f6glicherweise die aktuelle TOPCon-Technologie als Industriestandard ersetzen.<\/p>\n<p><strong>Wichtige Markttreiber:<\/strong><\/p>\n<ul>\n<li>Wachsender Markt f\u00fcr Wohnmobile und Wasserfahrzeuge<\/li>\n<li>Steigende Nachfrage nach geb\u00e4udeintegrierter Photovoltaik (BIPV)<\/li>\n<li>Aufstieg des Van-Lebens und nomadischer Wohntrends<\/li>\n<li>Markterweiterung f\u00fcr Off-Grid- und Notfallvorsorge<\/li>\n<li>Architektonischer Schwerpunkt auf \u00e4sthetischer Solarintegration<\/li>\n<li>Branchen\u00fcbergreifender Bedarf an mobiler und tragbarer Stromversorgung<\/li>\n<\/ul>\n<p><strong>Positionieren Sie Ihr Unternehmen an der Spitze dieses Wachstums<\/strong>\u00a0indem wir erstklassige HPBC-Technologie anbieten, die M\u00e4rkte bedient, die herk\u00f6mmliche Panels nicht erreichen k\u00f6nnen.<\/p>\n<\/div>\n<div class=\"cta-section\">\n<h2><\/h2>\n<h2>\ud83d\ude80 Sind Sie bereit, Premium Solar zu Ihrer Produktlinie hinzuzuf\u00fcgen?<\/h2>\n<p>Arbeiten Sie mit Couleenergy zusammen und profitieren Sie von modernster HPBC-Technologie, flexibler Anpassung und reaktionsschneller Fertigungsunterst\u00fctzung.<\/p>\n<div>\n<p><strong>Kontaktinformationen:<\/strong><\/p>\n<p>\ud83d\udce7\u00a0<strong>E-Mail:<\/strong>\u00a0info@couleenergy.com<br \/>\n\ud83d\udcde\u00a0<strong>Telefon:<\/strong>\u00a0+1 737 702 0119<br \/>\n\ud83c\udf10\u00a0<strong>Webseite:<\/strong> couleenergy.com<\/p>\n<\/div>\n<\/div>\n<div>\n<p><strong>Couleenergy \u2013 Fortschrittliche Solarproduktion<\/strong><\/p>\n<p>Spezialisiert auf HPBC-Technologie | Kundenspezifische L\u00f6sungen mit niedriger Mindestbestellmenge | Direkter Fabrikzugang<\/p>\n<\/div>","protected":false},"excerpt":{"rendered":"<p class=\"p1\">Speziell f\u00fcr Anwendungen entwickelt, bei denen herk\u00f6mmliche starre Module versagen. Unser flexibles 160-W-HPBC-Solarmodul wiegt ca. 2,3 kg und l\u00e4sst sich bis zu 240\u00b0 biegen, um die perfekte Installation auf gew\u00f6lbten Oberfl\u00e4chen wie Wohnmobild\u00e4chern, Bootsdecks und architektonischen Elementen zu erm\u00f6glichen. Erzeugt t\u00e4glich 640\u2013800 Wh mit hervorragender Leistung in hei\u00dfen Klimazonen und im Halbschatten. Das komplett schwarze, gitterfreie Design unterstreicht die \u00c4sthetik von Fahrzeugen und Geb\u00e4uden. Die ETFE-Beschichtung sorgt f\u00fcr eine selbstreinigende Oberfl\u00e4che und ist salzwasserbest\u00e4ndig. Erh\u00e4ltlich mit umfangreichen Anpassungsm\u00f6glichkeiten. Mindestbestellmenge: 100 St\u00fcck.<\/p>","protected":false},"featured_media":5998,"template":"","meta":{"_seopress_robots_primary_cat":"none","_seopress_titles_title":"Custom 160W HPBC Bendable Solar Panels | OEM ODM B2B","_seopress_titles_desc":"Flexible 160W HPBC solar panels ideal for RV manufacturers, marine suppliers & architectural integrators. All-black design, ETFE coating. MOQ 100 units.","_seopress_robots_index":""},"product_brand":[],"product_cat":[1594],"product_tag":[],"class_list":{"0":"post-5988","1":"product","2":"type-product","3":"status-publish","4":"has-post-thumbnail","6":"product_cat-bc-modules","8":"first","9":"instock","10":"shipping-taxable","11":"purchasable","12":"product-type-variable","13":"has-default-attributes"},"_links":{"self":[{"href":"https:\/\/couleenergy.com\/de\/wp-json\/wp\/v2\/product\/5988","targetHints":{"allow":["GET"]}}],"collection":[{"href":"https:\/\/couleenergy.com\/de\/wp-json\/wp\/v2\/product"}],"about":[{"href":"https:\/\/couleenergy.com\/de\/wp-json\/wp\/v2\/types\/product"}],"wp:featuredmedia":[{"embeddable":true,"href":"https:\/\/couleenergy.com\/de\/wp-json\/wp\/v2\/media\/5998"}],"wp:attachment":[{"href":"https:\/\/couleenergy.com\/de\/wp-json\/wp\/v2\/media?parent=5988"}],"wp:term":[{"taxonomy":"product_brand","embeddable":true,"href":"https:\/\/couleenergy.com\/de\/wp-json\/wp\/v2\/product_brand?post=5988"},{"taxonomy":"product_cat","embeddable":true,"href":"https:\/\/couleenergy.com\/de\/wp-json\/wp\/v2\/product_cat?post=5988"},{"taxonomy":"product_tag","embeddable":true,"href":"https:\/\/couleenergy.com\/de\/wp-json\/wp\/v2\/product_tag?post=5988"}],"curies":[{"name":"wp","href":"https:\/\/api.w.org\/{rel}","templated":true}]}}