{"id":5956,"date":"2025-10-11T13:15:26","date_gmt":"2025-10-11T13:15:26","guid":{"rendered":"https:\/\/couleenergy.com\/?post_type=product&#038;p=5956"},"modified":"2025-10-11T13:41:05","modified_gmt":"2025-10-11T13:41:05","slug":"120-w-topcon-solarmodul-mit-superdunnem-rahmen-ganz-in-schwarz","status":"publish","type":"product","link":"https:\/\/couleenergy.com\/de\/product\/120w-topcon-solar-module-super-thin-frame-all-black\/","title":{"rendered":"120W TOPCon Solarmodul Superd\u00fcnner Rahmen Ganz in Schwarz"},"content":{"rendered":"<p data-start=\"276\" data-end=\"465\">Ein optimiertes, hocheffizientes Solarmodul f\u00fcr den professionellen Einsatz. Ideal f\u00fcr kompakte Solaranlagen, Balkon-Stromversorgungskits, Mikronetze f\u00fcr Wohnmobile oder Schiffe sowie verteilte Solarprojekte.<\/p>\n<hr data-start=\"467\" data-end=\"470\" \/>\n<h3 data-start=\"472\" data-end=\"507\">Funktionen und technische Highlights<\/h3>\n<p data-start=\"509\" data-end=\"728\"><strong data-start=\"509\" data-end=\"546\">Ultraschlanke, leichte Struktur<\/strong><br data-start=\"546\" data-end=\"549\" \/>Das Modul besteht aus einer patentierten Aluminiumlegierung mit d\u00fcnnem Rahmen. Dies reduziert das Gewicht im Vergleich zu herk\u00f6mmlichen Solarmodulen mit Rahmen, senkt die Logistikkosten und vereinfacht die Installation auf D\u00e4chern oder Balkonen.<\/p>\n<p data-start=\"730\" data-end=\"946\"><strong data-start=\"730\" data-end=\"766\">Hohe Effizienz durch TOPCon-Zellen<\/strong><br data-start=\"766\" data-end=\"769\" \/>Wir verwenden die Tunnel Oxide Passivated Contact (TOPCon)-Technologie, um h\u00f6here Konversionsraten zu erzielen. Die Zellarchitektur bietet eine bessere Leistung bei schwachem Licht oder diffusen Bedingungen.<\/p>\n<p data-start=\"948\" data-end=\"1155\"><strong data-start=\"948\" data-end=\"989\">Vollst\u00e4ndig schwarze \u00c4sthetik, diskretes Design<\/strong><br data-start=\"989\" data-end=\"992\" \/>Die komplett schwarze Front-, R\u00fcck- und Rahmenoptik sorgt f\u00fcr ein einheitliches optisches Profil. Keine sichtbaren silbernen Sammelschienen oder kontrastierenden Kanten. Klare Transparenz f\u00fcr die architektonische Integration.<\/p>\n<p data-start=\"1157\" data-end=\"1191\"><strong data-start=\"1157\" data-end=\"1189\">Robuste, langfristige Haltbarkeit<\/strong><\/p>\n<ul data-start=\"1192\" data-end=\"1417\">\n<li data-start=\"1192\" data-end=\"1265\">\n<p data-start=\"1194\" data-end=\"1265\">Verst\u00e4rkter Rahmen und Ecken widerstehen Windlasten und mechanischer Beanspruchung.<\/p>\n<\/li>\n<li data-start=\"1266\" data-end=\"1334\">\n<p data-start=\"1268\" data-end=\"1334\">Mehrschichtige R\u00fcckseitenfolie und UV-Barriere sch\u00fctzen vor Witterungseinfl\u00fcssen.<\/p>\n<\/li>\n<li data-start=\"1335\" data-end=\"1417\">\n<p data-start=\"1337\" data-end=\"1417\">Entwickelt, um Feuchtigkeit, Temperaturschwankungen und l\u00e4ngerer Au\u00dfenbelastung standzuhalten.<\/p>\n<\/li>\n<\/ul>\n<p data-start=\"1419\" data-end=\"1452\"><strong data-start=\"1419\" data-end=\"1450\">Nahtlose Systemintegration<\/strong><\/p>\n<ul data-start=\"1453\" data-end=\"1719\">\n<li data-start=\"1453\" data-end=\"1525\">\n<p data-start=\"1455\" data-end=\"1525\">Lieferung mit vorverdrahteten MC4-Steckern f\u00fcr Plug-and-Play-Anschluss<\/p>\n<\/li>\n<li data-start=\"1526\" data-end=\"1605\">\n<p data-start=\"1528\" data-end=\"1605\">Kompatibel mit Standard-Mikro-Wechselrichtern und Ladereglern mit 12 V\/24 V<\/p>\n<\/li>\n<li data-start=\"1606\" data-end=\"1664\">\n<p data-start=\"1608\" data-end=\"1664\">Kann in Systemlayouts seriell oder parallel verkettet werden<\/p>\n<\/li>\n<li data-start=\"1665\" data-end=\"1719\">\n<p data-start=\"1667\" data-end=\"1719\">Einfache Installation auf Schienen, Halterungen oder DIY-Halterungen<\/p>\n<\/li>\n<\/ul>\n<hr data-start=\"1721\" data-end=\"1724\" \/>\n<h3 data-start=\"1726\" data-end=\"1779\">Garantie, Zertifizierungen und Leistungsgarantien<\/h3>\n<p data-start=\"1781\" data-end=\"2038\"><strong data-start=\"1781\" data-end=\"1808\">Zertifizierungsstandards<\/strong><br data-start=\"1808\" data-end=\"1811\" \/>Unsere Module erf\u00fcllen f\u00fchrende Sicherheits- und Leistungsstandards f\u00fcr Solarenergie, wie beispielsweise: <strong data-start=\"1891\" data-end=\"1904\">IEC 61215<\/strong> Und <strong data-start=\"1909\" data-end=\"1922\">IEC 61730<\/strong>, die Widerstandsf\u00e4higkeit gegen\u00fcber mechanischen, thermischen und Umweltbelastungen zeigen.<\/p>\n<p data-start=\"2040\" data-end=\"2264\"><strong data-start=\"2040\" data-end=\"2074\">Produkt-\/Verarbeitungsgarantie<\/strong><br data-start=\"2074\" data-end=\"2077\" \/>Wir garantieren f\u00fcr unsere Solarmodule mindestens <strong data-start=\"2109\" data-end=\"2121\">10 Jahre<\/strong> gegen Material- oder Verarbeitungsfehler unter normalen Betriebsbedingungen.<\/p>\n<p data-start=\"2266\" data-end=\"2388\"><strong data-start=\"2266\" data-end=\"2298\">Lineare Leistungsabgabegarantie<\/strong><br data-start=\"2298\" data-end=\"2301\" \/>\u00dcber 30 Jahre hinweg wird garantiert, dass das Solarmodul seine Leistung \u00fcber einem definierten Schwellenwert h\u00e4lt:<\/p>\n<ul data-start=\"2389\" data-end=\"2542\">\n<li data-start=\"2389\" data-end=\"2424\">\n<p data-start=\"2391\" data-end=\"2424\">\u2265 99 % der Nennleistung im Jahr 1<\/p>\n<\/li>\n<li data-start=\"2425\" data-end=\"2465\">\n<p data-start=\"2427\" data-end=\"2465\">Maximale j\u00e4hrliche Degradation von ~0,4 %<\/p>\n<\/li>\n<li data-start=\"2466\" data-end=\"2542\">\n<p data-start=\"2468\" data-end=\"2542\">\u2265 87,4 % Nennleistung bis zum Jahr 30<\/p>\n<\/li>\n<\/ul>\n<p data-start=\"2544\" data-end=\"2729\">In F\u00e4llen, in denen die Leistung unter die Garantie f\u00e4llt, k\u00f6nnen wir vorbehaltlich der \u00dcberpr\u00fcfung und der Garantiebestimmungen eine Entsch\u00e4digung durch Modulaustausch, Reparatur oder Hinzuf\u00fcgen zus\u00e4tzlicher Solarmodule leisten.<\/p>\n<hr data-start=\"3183\" data-end=\"3186\" \/>\n<h3 data-start=\"3188\" data-end=\"3228\">Warum dieses Solarmodul funktioniert<\/h3>\n<ul data-start=\"3230\" data-end=\"3759\">\n<li data-start=\"3230\" data-end=\"3335\">\n<p data-start=\"3232\" data-end=\"3335\"><strong data-start=\"3232\" data-end=\"3264\">Geringere Arbeits- und Bearbeitungskosten.<\/strong> Der leichtere Rahmen verringert die Erm\u00fcdung des Installateurs und beschleunigt die Installation.<\/p>\n<\/li>\n<li data-start=\"3336\" data-end=\"3450\">\n<p data-start=\"3338\" data-end=\"3450\"><strong data-start=\"3338\" data-end=\"3370\">Starke Garantieglaubw\u00fcrdigkeit.<\/strong> Die 30-j\u00e4hrige Leistungsgarantie entspricht den langfristigen Projekterwartungen.<\/p>\n<\/li>\n<li data-start=\"3451\" data-end=\"3563\">\n<p data-start=\"3453\" data-end=\"3563\"><strong data-start=\"3453\" data-end=\"3473\">Skalierbares Angebot.<\/strong> Wir unterst\u00fctzen Gro\u00dfbestellungen, eine konsequente Qualit\u00e4tskontrolle und die Logistik f\u00fcr die Projektabwicklung.<\/p>\n<\/li>\n<li data-start=\"3564\" data-end=\"3655\">\n<p data-start=\"3566\" data-end=\"3655\"><strong data-start=\"3566\" data-end=\"3591\">Systemkompatibilit\u00e4t.<\/strong> Funktioniert mit g\u00e4ngigen Wechselrichtern und Balance-of-System-Komponenten.<\/p>\n<\/li>\n<li data-start=\"3656\" data-end=\"3759\">\n<p data-start=\"3658\" data-end=\"3759\"><strong data-start=\"3658\" data-end=\"3676\">Saubere Optik.<\/strong> Das komplett schwarze Design passt zu modernen architektonischen oder \u00e4sthetischen Solarprojekten.<\/p>\n<\/li>\n<\/ul>\n<hr data-start=\"3761\" data-end=\"3764\" \/>\n<h3 data-start=\"3766\" data-end=\"3790\">Typische Anwendungen<\/h3>\n<ul data-start=\"3792\" data-end=\"4028\">\n<li data-start=\"3792\" data-end=\"3831\">\n<p data-start=\"3794\" data-end=\"3831\">Solaranlagen f\u00fcr Balkone oder kleine D\u00e4cher<\/p>\n<\/li>\n<li data-start=\"3832\" data-end=\"3897\">\n<p data-start=\"3834\" data-end=\"3897\">Mikronetze f\u00fcr abgelegene H\u00fctten, Unterk\u00fcnfte oder Forschungsstationen<\/p>\n<\/li>\n<li data-start=\"3898\" data-end=\"3966\">\n<p data-start=\"3900\" data-end=\"3966\">Wohnmobil-\/Schiffsantriebssysteme, bei denen Platz und Gewicht begrenzt sind<\/p>\n<\/li>\n<li data-start=\"3967\" data-end=\"4028\">\n<p data-start=\"3969\" data-end=\"4028\">Prototypische oder modulare Solaranlagen f\u00fcr skalierbaren Einsatz<\/p>\n<\/li>\n<\/ul>\n<hr data-start=\"4540\" data-end=\"4543\" \/>\n<p data-start=\"4545\" data-end=\"4686\">Ben\u00f6tigen Sie Datenbl\u00e4tter, Preisstufen oder logistische Unterst\u00fctzung bei Gro\u00dfeink\u00e4ufen? Schreiben Sie einfach eine E-Mail an info@couleenergy.com oder rufen Sie Couleenergy unter +1 737 702 0119 an.<\/p>","protected":false},"excerpt":{"rendered":"<div class=\"grid-cols-1 grid gap-2.5 [&amp;_&gt;_*]:min-w-0 !gap-3.5\">\n<p class=\"p1\">Couleenergy\u2019s 120W All-Black TOPCon solar panel combines efficiency and design. The slim frame reduces weight and installation effort. Inside, TOPCon cells maximize energy yield even in light shading. The full-black surface blends with modern layouts. With MC4 plug connectors and strong weather resistance, it\u2019s perfect for compact, aesthetic, and durable solar installations.<\/p>\n<\/div>\n","protected":false},"featured_media":5966,"template":"","meta":{"_seopress_robots_primary_cat":"none","_seopress_titles_title":"120W All-Black TOPCon Solar Panel | Slim Frame & Powerful","_seopress_titles_desc":"Modern, efficient, and sleek: the 120W TOPCon module with ultra slim frame. Perfect for small roof systems, RVs, and modular solar setups.","_seopress_robots_index":""},"product_brand":[],"product_cat":[1593,1572],"product_tag":[],"class_list":{"0":"post-5956","1":"product","2":"type-product","3":"status-publish","4":"has-post-thumbnail","6":"product_cat-all-black-modules","7":"product_cat-small-modules","9":"first","10":"instock","11":"shipping-taxable","12":"purchasable","13":"product-type-variable","14":"has-default-attributes"},"_links":{"self":[{"href":"https:\/\/couleenergy.com\/de\/wp-json\/wp\/v2\/product\/5956","targetHints":{"allow":["GET"]}}],"collection":[{"href":"https:\/\/couleenergy.com\/de\/wp-json\/wp\/v2\/product"}],"about":[{"href":"https:\/\/couleenergy.com\/de\/wp-json\/wp\/v2\/types\/product"}],"wp:featuredmedia":[{"embeddable":true,"href":"https:\/\/couleenergy.com\/de\/wp-json\/wp\/v2\/media\/5966"}],"wp:attachment":[{"href":"https:\/\/couleenergy.com\/de\/wp-json\/wp\/v2\/media?parent=5956"}],"wp:term":[{"taxonomy":"product_brand","embeddable":true,"href":"https:\/\/couleenergy.com\/de\/wp-json\/wp\/v2\/product_brand?post=5956"},{"taxonomy":"product_cat","embeddable":true,"href":"https:\/\/couleenergy.com\/de\/wp-json\/wp\/v2\/product_cat?post=5956"},{"taxonomy":"product_tag","embeddable":true,"href":"https:\/\/couleenergy.com\/de\/wp-json\/wp\/v2\/product_tag?post=5956"}],"curies":[{"name":"wp","href":"https:\/\/api.w.org\/{rel}","templated":true}]}}