{"id":5803,"date":"2025-09-25T12:20:30","date_gmt":"2025-09-25T12:20:30","guid":{"rendered":"https:\/\/couleenergy.com\/?post_type=product&#038;p=5803"},"modified":"2025-09-25T16:03:36","modified_gmt":"2025-09-25T16:03:36","slug":"430-440-w-schwarz-auf-schwarz-solarmodule-premium-asthetik","status":"publish","type":"product","link":"https:\/\/couleenergy.com\/de\/product\/430-440w-black-on-black-solar-panels-premium-aesthetic\/","title":{"rendered":"430\u2013440 W Schwarz-auf-Schwarz-Solarmodule, Premium-\u00c4sthetik"},"content":{"rendered":"<p class=\"p3\">Die Solartechnologie entwickelt sich st\u00e4ndig weiter, doch der Stil hinkt oft hinterher. Viele Solarmodule verwenden immer noch silberne Rahmen oder wei\u00dfe R\u00fcckseitenfolien, die auf D\u00e4chern auffallen. Wir bei Couleenergy glauben, dass saubere Energie auch sauber aussehen sollte. Deshalb haben wir die <span class=\"s2\"><b>430\u2013440 W Schwarz-auf-Schwarz-Solarpanel<\/b><\/span>Es kombiniert <span class=\"s2\"><b>modernes Design mit hoher Effizienz<\/b><\/span> um Ihrem Zuhause oder Projekt sowohl Sch\u00f6nheit als auch Leistung zu verleihen.<\/p>\n<hr \/>\n<h2><b>\u26a1 Entwickelt f\u00fcr Kraft und Eleganz<\/b><\/h2>\n<p class=\"p3\">Dieses Solarpanel ist mehr als nur eine Stromquelle. Es ist ein <span class=\"s2\"><b>\u00e4sthetisches Solarmodul<\/b><\/span> F\u00fcr alle, denen sowohl die Optik als auch die Energieausbeute wichtig sind. Alle Teile des Moduls \u2013 Rahmen, Zellen und R\u00fcckseitenfolie \u2013 sind schwarz lackiert. Dies sorgt f\u00fcr ein glattes, einheitliches Erscheinungsbild, das sich harmonisch in moderne Architektur und dunkle D\u00e4cher einf\u00fcgt.<\/p>\n<p class=\"p3\">Gleichzeitig erzeugt das Modul eine solide <span class=\"s2\"><b>430\u2013440 W Nennleistung<\/b><\/span>Mit einem <span class=\"s2\"><b>Wirkungsgrad von 22,53%<\/b><\/span>, es nutzt jeden Sonnenstrahl optimal aus. Das bedeutet, dass weniger Paneele ben\u00f6tigt werden, um Ihre Energieziele zu erreichen, was sowohl Platz als auch Installationskosten spart.<\/p>\n<p class=\"p3\"><img alt=\"\" fetchpriority=\"high\" decoding=\"async\" class=\"aligncenter size-full wp-image-5814\" src=\"https:\/\/couleenergy.com\/wp-content\/uploads\/2025\/09\/Black-on-Black-Solar-Panel-Manufacturer-in-China.jpg\" width=\"1600\" height=\"900\" srcset=\"https:\/\/couleenergy.com\/wp-content\/uploads\/2025\/09\/Black-on-Black-Solar-Panel-Manufacturer-in-China.jpg 1600w, https:\/\/couleenergy.com\/wp-content\/uploads\/2025\/09\/Black-on-Black-Solar-Panel-Manufacturer-in-China-300x169.jpg 300w, https:\/\/couleenergy.com\/wp-content\/uploads\/2025\/09\/Black-on-Black-Solar-Panel-Manufacturer-in-China-1024x576.jpg 1024w, https:\/\/couleenergy.com\/wp-content\/uploads\/2025\/09\/Black-on-Black-Solar-Panel-Manufacturer-in-China-768x432.jpg 768w, https:\/\/couleenergy.com\/wp-content\/uploads\/2025\/09\/Black-on-Black-Solar-Panel-Manufacturer-in-China-1536x864.jpg 1536w, https:\/\/couleenergy.com\/wp-content\/uploads\/2025\/09\/Black-on-Black-Solar-Panel-Manufacturer-in-China-18x10.jpg 18w, https:\/\/couleenergy.com\/wp-content\/uploads\/2025\/09\/Black-on-Black-Solar-Panel-Manufacturer-in-China-600x338.jpg 600w\" sizes=\"(max-width: 1600px) 100vw, 1600px\" \/><\/p>\n<hr \/>\n<h2><b>\ud83c\udf1e Leistung, auf die Sie sich verlassen k\u00f6nnen<\/b><\/h2>\n<p class=\"p3\">Effizienz ist in der Solarindustrie entscheidend. Mit N-Typ TOPCon<span class=\"s2\"><b>\u00a0Zellen<\/b><\/span>liefert das Solarmodul auch bei schlechten Lichtverh\u00e4ltnissen eine gleichbleibende Leistung. Ob Morgensonne, bew\u00f6lktes Wetter oder w\u00e4rmeres Klima \u2013 das Solarpanel erzeugt weiterhin zuverl\u00e4ssig Energie.<\/p>\n<p class=\"p3\">Langlebigkeit ist eine weitere St\u00e4rke. Die robuste Konstruktion h\u00e4lt Wind, Regen und Schnee stand. Die geringe Dicke von 30 mm bietet ein modernes Profil ohne Kompromisse bei der Stabilit\u00e4t. Installateure sch\u00e4tzen die handliche <span class=\"s2\">21,0 kg Gewicht<\/span>, was die Handhabung und Montage auf D\u00e4chern erleichtert.<\/p>\n<hr \/>\n<h2><\/h2>\n<h2><b>\ud83c\udfe0 Der Schwarz-auf-Schwarz-Vorteil<\/b><\/h2>\n<p class=\"p3\">Bei der Auswahl von Solarmodulen wird das Aussehen oft vernachl\u00e4ssigt. Doch f\u00fcr Hausbesitzer und Architekten ist die Optik genauso wichtig wie die Leistung. Herk\u00f6mmliche Solarmodule k\u00f6nnen vom Design eines Hauses ablenken. Helle Rahmen, sichtbare L\u00fccken und silberne Kanten erzeugen einen Kontrast, den viele unattraktiv finden.<\/p>\n<p class=\"p3\">Der <span class=\"s2\"><b>Schwarz-auf-Schwarz-Stil<\/b><\/span> Die L\u00f6sung f\u00fcr dieses Problem ist die Verwendung von schwarzen Rahmen und einer schwarzen R\u00fcckseitenfolie. Couleenergy-Module erzielen ein minimalistisches, einheitliches Erscheinungsbild. Die Module verschwinden nahezu in der Dachlinie, insbesondere auf dunkleren Ziegeln oder Dachschindeln. Dadurch eignen sie sich ideal f\u00fcr:<\/p>\n<ul>\n<li>\n<p class=\"p1\">Moderne H\u00e4user mit eleganter Architektur<\/p>\n<\/li>\n<li>\n<p class=\"p1\">Unternehmen, die ein professionelles, gepflegtes Image w\u00fcnschen<\/p>\n<\/li>\n<li>\n<p class=\"p1\">Projekte, bei denen Designharmonie oberste Priorit\u00e4t hat<\/p>\n<\/li>\n<\/ul>\n<p class=\"p3\">Mit Couleenergy-Panels m\u00fcssen Sie sich nicht mehr zwischen Effizienz und \u00c4sthetik entscheiden. Sie erhalten beides in einem Produkt.<\/p>\n<hr \/>\n<h2><b>\ud83d\udd39 Kundenspezifische Solarmodule mit kleiner Mindestbestellmenge<\/b><\/h2>\n<p class=\"p3\">Nicht jedes Projekt ben\u00f6tigt Tausende von Modulen. Viele neue Solarunternehmen, Installateure oder Nischenprojekte ben\u00f6tigen <span class=\"s2\"><b>kundenspezifische Solarmodule in kleineren Chargen<\/b><\/span>Die meisten Hersteller bieten nur hohe Mindestbestellmengen an, was f\u00fcr kleine K\u00e4ufer H\u00fcrden schafft.<\/p>\n<p class=\"p3\">Bei Couleenergy sind wir anders. Wir unterst\u00fctzen <span class=\"s2\"><b>kundenspezifische Solarmodulproduktion ab nur 100 St\u00fcck<\/b><\/span>Das bedeutet, dass Sie Panels bestellen k\u00f6nnen mit:<\/p>\n<ul>\n<li>\n<p class=\"p1\">Benutzerdefinierte Gr\u00f6\u00dfen und Abmessungen<\/p>\n<\/li>\n<li>\n<p class=\"p1\">Spezielles Branding oder Etikettierung<\/p>\n<\/li>\n<li>\n<p class=\"p1\">Verschiedene Leistungsabgaben<\/p>\n<\/li>\n<li>\n<p class=\"p1\">Modifizierte R\u00fcckseitenfolie oder Rahmenfarben<\/p>\n<\/li>\n<\/ul>\n<p class=\"p3\">Diese Flexibilit\u00e4t erleichtert Startups und kleinen Unternehmen das Wachstum. Au\u00dferdem k\u00f6nnen Ingenieurteams Solarl\u00f6sungen f\u00fcr einzigartige Projekte entwickeln, ohne dass hohe Vorlaufkosten anfallen.<\/p>\n<hr \/>\n<h2><b>\ud83d\udca1 Warum mit Couleenergy arbeiten?<\/b><\/h2>\n<p class=\"p3\">Wir sind mehr als nur ein Solarmodullieferant. Unsere Mission ist es, Ihnen mit den richtigen Produkten und dem richtigen Support zum Erfolg zu verhelfen. Das zeichnet uns aus:<\/p>\n<ol start=\"1\">\n<li>\n<p class=\"p1\"><span class=\"s1\"><b>Hersteller \u00e4sthetischer Solarmodule<\/b><\/span> \u2013 Wir konzentrieren uns auf Panels, die genauso gut aussehen wie ihre Leistung.<\/p>\n<\/li>\n<li>\n<p class=\"p1\"><span class=\"s1\"><b>Hocheffiziente Technologie<\/b><\/span> \u2013 Jedes Modul ist so gebaut, dass die Energieausbeute maximiert wird.<\/p>\n<\/li>\n<li>\n<p class=\"p1\"><span class=\"s1\"><b>Ma\u00dfgeschneiderte L\u00f6sungen<\/b><\/span> \u2013 Von Sondergr\u00f6\u00dfen bis hin zu Eigenmarken fertigen wir Solarmodule nach Ihren W\u00fcnschen.<\/p>\n<\/li>\n<li>\n<p class=\"p1\"><span class=\"s1\"><b>Niedrige Mindestbestellmenge f\u00fcr Sonderanfertigungen<\/b><\/span> \u2013 Beginnen Sie mit 100 St\u00fcck und erh\u00f6hen Sie die Anzahl, wenn Ihr Unternehmen w\u00e4chst.<\/p>\n<\/li>\n<li>\n<p class=\"p1\"><span class=\"s1\"><b>Zuverl\u00e4ssiger weltweiter Versand<\/b><\/span> \u2013 Wir liefern in viele Regionen mit sicherer Verpackung und schneller Logistik.<\/p>\n<\/li>\n<\/ol>\n<p class=\"p3\">Wenn Sie mit Couleenergy zusammenarbeiten, erhalten Sie mehr als nur ein Produkt. Sie gewinnen einen langfristigen Lieferanten, der sich f\u00fcr Ihren Erfolg einsetzt.<\/p>\n<hr \/>\n<h2><b>\ud83d\udcca Anwendungen<\/b><\/h2>\n<p class=\"p3\">Das Couleenergy 430\u2013440 W Schwarz-auf-Schwarz-Solarpanel funktioniert in vielen Szenarien gut:<\/p>\n<ul>\n<li>\n<p class=\"p1\">\ud83c\udfe0 <span class=\"s1\"><b>Wohnd\u00e4cher<\/b><\/span> \u2013 Sch\u00f6nes Design f\u00fcr Einfamilienh\u00e4user<\/p>\n<\/li>\n<li>\n<p class=\"p1\">\ud83c\udfe2 <span class=\"s1\"><b>Gewerbebauten<\/b><\/span> \u2013 Sauberes Erscheinungsbild f\u00fcr B\u00fcroprojekte<\/p>\n<\/li>\n<li>\n<p class=\"p1\">\ud83c\udf0d <span class=\"s1\"><b>Gemeinschaftsprojekte<\/b><\/span> \u2013 Zuverl\u00e4ssige Panels f\u00fcr gemeinsame Solaranlagen<\/p>\n<\/li>\n<li>\n<p class=\"p1\">\ud83d\udee0\ufe0f <span class=\"s1\"><b>Benutzerdefinierte Installationen<\/b><\/span> \u2013 Sonderanfertigungen f\u00fcr einzigartige Energiel\u00f6sungen<\/p>\n<\/li>\n<\/ul>\n<p class=\"p3\">Aufgrund seines ausgewogenen Verh\u00e4ltnisses zwischen Gr\u00f6\u00dfe, Gewicht und Leistung ist das 430\u2013440-W-Solarmodul eines der vielseitigsten in unserem Sortiment.<\/p>\n<hr \/>\n<h2><b>\ud83c\udf0d Nachhaltigkeit mit Stil<\/b><\/h2>\n<p class=\"p3\">Solarenergie spart nicht nur Kosten. Sie reduziert auch den CO2-Fu\u00dfabdruck und schont die Umwelt. Mit den Modulen von Couleenergy unterst\u00fctzen Sie den globalen Wandel hin zu sauberer Energie. Und mit der schwarzen Oberfl\u00e4che sieht Ihre Entscheidung auch noch stylisch aus.<\/p>\n<p class=\"p3\">\u00c4sthetisches Design f\u00f6rdert die Akzeptanz. Wenn Nachbarn Solarmodule sehen, die sich nat\u00fcrlich in ihr Dach einf\u00fcgen, f\u00fchlen sie sich inspiriert, selbst auf Solarenergie umzusteigen. So breitet sich der Wandel aus, Dach f\u00fcr Dach.<\/p>\n<hr \/>\n<h2><b>\ud83d\udce9 Beginnen Sie noch heute<\/b><\/h2>\n<p class=\"p4\"><span class=\"s3\">Ob Sie brauchen <\/span><b>Standard-Schwarz-auf-Schwarz-Module<\/b><span class=\"s3\"> oder <\/span><b>kundenspezifische Solarmodule mit kleiner Mindestbestellmenge<\/b><span class=\"s3\">, Couleenergy ist bereit, Sie zu unterst\u00fctzen.<\/span><\/p>\n<p class=\"p4\"><span class=\"s3\">\ud83d\udce7 E-Mail: <\/span><b>info@couleenergy.com<\/b><b><\/b><\/p>\n<p class=\"p4\"><span class=\"s3\">\ud83d\udcde Telefon: <\/span><b>+1 737 702 0119<\/b><b><\/b><\/p>\n<p class=\"p3\">\ud83d\udc49 Kontaktieren Sie uns noch heute f\u00fcr Preise, Muster oder Sonderanfertigungen.<\/p>\n<hr \/>\n<p class=\"p3\">\u2705 <i>Couleenergy \u2013 Ihr zuverl\u00e4ssiger Partner f\u00fcr \u00e4sthetische Solarmodule und kundenspezifische Solarl\u00f6sungen.<\/i><i><\/i><\/p>\n<hr \/>","protected":false},"excerpt":{"rendered":"<p class=\"p1\">Suchen Sie stilvolle Solarmodule? Couleenergy bietet 430\u2013440 W Schwarz-auf-Schwarz-Solarmodule und kundenspezifische Solarl\u00f6sungen mit einer kleinen Mindestbestellmenge von 100 St\u00fcck. Perfekt f\u00fcr neue Solarprojekte.<\/p>","protected":false},"featured_media":5813,"template":"","meta":{"_seopress_robots_primary_cat":"none","_seopress_titles_title":"430-440W Black-on-Black Solar Panels | Premium Aesthetic Design","_seopress_titles_desc":"Couleenergy makes custom solar panels with MOQs starting at 100 pcs. Try our 440W black-on-black modules for sleek design and high efficiency.","_seopress_robots_index":""},"product_brand":[],"product_cat":[1593],"product_tag":[],"class_list":{"0":"post-5803","1":"product","2":"type-product","3":"status-publish","4":"has-post-thumbnail","6":"product_cat-all-black-modules","8":"first","9":"instock","10":"shipping-taxable","11":"purchasable","12":"product-type-variable","13":"has-default-attributes"},"_links":{"self":[{"href":"https:\/\/couleenergy.com\/de\/wp-json\/wp\/v2\/product\/5803","targetHints":{"allow":["GET"]}}],"collection":[{"href":"https:\/\/couleenergy.com\/de\/wp-json\/wp\/v2\/product"}],"about":[{"href":"https:\/\/couleenergy.com\/de\/wp-json\/wp\/v2\/types\/product"}],"wp:featuredmedia":[{"embeddable":true,"href":"https:\/\/couleenergy.com\/de\/wp-json\/wp\/v2\/media\/5813"}],"wp:attachment":[{"href":"https:\/\/couleenergy.com\/de\/wp-json\/wp\/v2\/media?parent=5803"}],"wp:term":[{"taxonomy":"product_brand","embeddable":true,"href":"https:\/\/couleenergy.com\/de\/wp-json\/wp\/v2\/product_brand?post=5803"},{"taxonomy":"product_cat","embeddable":true,"href":"https:\/\/couleenergy.com\/de\/wp-json\/wp\/v2\/product_cat?post=5803"},{"taxonomy":"product_tag","embeddable":true,"href":"https:\/\/couleenergy.com\/de\/wp-json\/wp\/v2\/product_tag?post=5803"}],"curies":[{"name":"wp","href":"https:\/\/api.w.org\/{rel}","templated":true}]}}