{"id":5784,"date":"2025-09-25T02:26:17","date_gmt":"2025-09-25T02:26:17","guid":{"rendered":"https:\/\/couleenergy.com\/?post_type=product&#038;p=5784"},"modified":"2025-09-25T03:54:30","modified_gmt":"2025-09-25T03:54:30","slug":"12-v-50-55-w-starre-solarmodule","status":"publish","type":"product","link":"https:\/\/couleenergy.com\/de\/product\/12v-50-55w-rigid-solar-panels\/","title":{"rendered":"12 V 50\u201355 W starre Solarmodule"},"content":{"rendered":"<h2><b>Couleenergy 50\u201355 W starres Solarpanel \u2013 Zuverl\u00e4ssige Energie f\u00fcr den t\u00e4glichen Gebrauch<\/b><\/h2>\n<p class=\"p3\">Das starre 50-55W-Solarmodul von Couleenergy ist f\u00fcr eine stabile und effiziente Energieerzeugung konzipiert. Es ist klein, robust und einfach zu bedienen. An einem sonnigen Tag kann dieses 50-55W-Solarmodul bis zu 300-330 Wh Leistung liefern \u2013 genug zum Laden von Batterien und zum Betrieb kleiner Ger\u00e4te. Es ist eine intelligente Wahl f\u00fcr Unternehmen, die eine kompakte Solarl\u00f6sung f\u00fcr netzunabh\u00e4ngige Anwendungen ben\u00f6tigen.<\/p>\n<h3><b>Leistung, der Sie vertrauen k\u00f6nnen<\/b><\/h3>\n<p class=\"p3\">Dieses starre 50\u201355-W-Solarmodul eignet sich hervorragend f\u00fcr 12-V-Batterien. Es kann eine 85-Ah-Blei-S\u00e4ure-Batterie an einem einzigen Sommertag auf \u00fcber 501 TP3T aufladen. Das Modul liefert eine gleichm\u00e4\u00dfige Erhaltungsladung zur Erhaltung der Batterielebensdauer und ist somit ideal f\u00fcr den Langzeiteinsatz. In Kombination mit einem Wechselrichter kann es sogar 240-V-Ger\u00e4te versorgen.<\/p>\n<h3><b>Robuste Bauweise, lange Lebensdauer<\/b><\/h3>\n<p class=\"p3\">Jedes Panel ist mit sechs Schutzschichten ausgestattet. Dies gew\u00e4hrleistet Leistung, Stabilit\u00e4t und Langlebigkeit. Integrierte Bypass-Dioden reduzieren die Schattenwirkung. Der Rahmen ist robust und dennoch leicht und wiegt nur 3,2 kg. Das Panel ist IP65-zertifiziert und somit f\u00fcr den Au\u00dfeneinsatz geeignet.<\/p>\n<p class=\"p3\">Couleenergy bietet zwei Garantiestufen an:<\/p>\n<ul>\n<li>\n<p class=\"p1\"><b>10 Jahre auf Rahmenintegrit\u00e4t<\/b><b><\/b><\/p>\n<\/li>\n<li>\n<p class=\"p1\"><span class=\"s1\"><b>25 Jahre f\u00fcr die Leistung von Solarzellen<\/b><\/span> (Zellen behalten nach 25 Jahren mindestens eine Effizienz von 80%)<\/p>\n<\/li>\n<\/ul>\n<p class=\"p3\">Diese lange Lebensdauer macht es zu einer sicheren Investition f\u00fcr Ihr Unternehmen.<\/p>\n<h3><b>Einfache Installation<\/b><\/h3>\n<p class=\"p3\">Das Panel wird mit einem Paar 90 cm langer Kabel und Anschl\u00fcssen geliefert. Es kann mit Standard-Aluminium-, Premium-PVU- oder Aero-Aluminium-Halterungen dauerhaft montiert werden. Mit der richtigen Konfiguration ist die Installation schnell und sicher.<\/p>\n<p class=\"p3\">Zum Schutz der Batterien vor \u00dcberladung und R\u00fcckspeisung wird ein Laderegler empfohlen. Ein 10-A-Laderegler ist f\u00fcr dieses Panel am besten geeignet.<\/p>\n<h3><b>Flexible Anwendungen<\/b><\/h3>\n<p class=\"p3\">Das starre Solarmodul Couleenergy 50\u201355 W ist geeignet f\u00fcr:<\/p>\n<ul>\n<li>\n<p class=\"p1\">Camping und Outdoor-Aktivit\u00e4ten<\/p>\n<\/li>\n<li>\n<p class=\"p1\">Mobilheime und Wohnmobile<\/p>\n<\/li>\n<li>\n<p class=\"p1\">Boote und Schiffsantriebssysteme<\/p>\n<\/li>\n<li>\n<p class=\"p1\">Off-Grid-H\u00fctten und Schuppen<\/p>\n<\/li>\n<li>\n<p class=\"p1\">Notstromversorgung<\/p>\n<\/li>\n<\/ul>\n<p class=\"p3\">Es ist auch eine gute Option f\u00fcr OEM-Projekte, bei denen ein kleines, aber effizientes Solarpanel ben\u00f6tigt wird.<\/p>\n<h3><b>Warum Couleenergy w\u00e4hlen?<\/b><\/h3>\n<p class=\"p3\">Wir sind ein <span class=\"s2\"><b>Hersteller<\/b><\/span> mit umfassender Erfahrung in der Solartechnologie. Wir arbeiten direkt mit K\u00e4ufern weltweit zusammen und bieten Gro\u00dflieferungen und professionelle Unterst\u00fctzung.<\/p>\n<p class=\"p3\">Aus diesen Gr\u00fcnden vertrauen uns unsere Partner:<\/p>\n<ul>\n<li>\n<p class=\"p1\"><span class=\"s1\"><b>Massenlieferung:<\/b><\/span> Wir exportieren Solarmodule in gro\u00dfen Mengen, aber auch in kleinen Mengen ab nur 100 St\u00fcck.<\/p>\n<\/li>\n<li>\n<p class=\"p1\"><span class=\"s1\"><b>OEM und Branding:<\/b><\/span> Wir k\u00f6nnen Solarmodule mit Ihrem Logo, Ihrer Verpackung und Ihrem Design herstellen.<\/p>\n<\/li>\n<li>\n<p class=\"p1\"><span class=\"s1\"><b>Anpassung:<\/b><\/span> Ben\u00f6tigen Sie spezielle Gr\u00f6\u00dfen, Spannungen oder Anschl\u00fcsse? Wir passen Solarmodule an Ihr Projekt an.<\/p>\n<\/li>\n<li>\n<p class=\"p1\"><span class=\"s1\"><b>Schnelle Lieferzeiten:<\/b><\/span> Unsere Produktionslinien unterst\u00fctzen die p\u00fcnktliche Lieferung f\u00fcr Ihr Unternehmen.<\/p>\n<\/li>\n<li>\n<p class=\"p1\"><span class=\"s1\"><b>Starke Garantie:<\/b><\/span> Lange Produktgarantien f\u00fcr ein beruhigendes Gef\u00fchl.<\/p>\n<\/li>\n<\/ul>\n<h3><b>Perfekt f\u00fcr Distributoren und Projektentwickler<\/b><\/h3>\n<p class=\"p3\">Ob H\u00e4ndler, Gro\u00dfh\u00e4ndler oder Projektentwickler \u2013 dieses starre 40-55-W-Solarmodul ist ein hervorragendes Produkt f\u00fcr Ihr Portfolio. Es bietet ein bew\u00e4hrtes Design mit umfassenden Garantien und flexiblen Einsatzm\u00f6glichkeiten. K\u00e4ufer im Camping-, Wohnmobil- und Bootsmarkt lieben solche kompakten Solarmodule.<\/p>\n<p class=\"p3\">Durch die Partnerschaft mit Couleenergy erhalten Sie einen Hersteller, der auf Ihre Bed\u00fcrfnisse eingeht, Ihr Wachstum unterst\u00fctzt und zuverl\u00e4ssige Solarl\u00f6sungen bietet.<\/p>\n<p class=\"p1\"><span class=\"s1\"><b>Willkommen zur Anfrage:<\/b><\/span><br \/>\n\ud83d\udce7 info@couleenergy.com<br \/>\n<span class=\"s2\">\ud83d\udcde <\/span>+1 737 702 0119<\/p>","protected":false},"excerpt":{"rendered":"<div class=\"grid-cols-1 grid gap-2.5 [&amp;_&gt;_*]:min-w-0 !gap-3.5\">\n<p class=\"p1\">The Couleenergy 50-55W rigid solar panel combines solid performance with a compact design. It is built to last, easy to install, and backed by long-term warranties. For businesses, it offers excellent value in bulk supply with the option of OEM customization.<\/p>\n<p class=\"p1\">If you are looking for a trusted solar panel partner, Couleenergy is ready to work with you.<\/p>\n<\/div>\n","protected":false},"featured_media":5796,"template":"","meta":{"_seopress_robots_primary_cat":"none","_seopress_titles_title":"50-55W 12V Rigid Solar Panels | Durable Off-Grid Power","_seopress_titles_desc":"Our 50-55W rigid solar panel provides efficient charging for 12V systems. Strong frame, IP65 rating, and lightweight design make it easy to install. Available in bulk with OEM and custom options. MOQ 100pcs.","_seopress_robots_index":""},"product_brand":[],"product_cat":[1572],"product_tag":[],"class_list":{"0":"post-5784","1":"product","2":"type-product","3":"status-publish","4":"has-post-thumbnail","6":"product_cat-small-modules","8":"first","9":"instock","10":"shipping-taxable","11":"purchasable","12":"product-type-variable","13":"has-default-attributes"},"_links":{"self":[{"href":"https:\/\/couleenergy.com\/de\/wp-json\/wp\/v2\/product\/5784","targetHints":{"allow":["GET"]}}],"collection":[{"href":"https:\/\/couleenergy.com\/de\/wp-json\/wp\/v2\/product"}],"about":[{"href":"https:\/\/couleenergy.com\/de\/wp-json\/wp\/v2\/types\/product"}],"wp:featuredmedia":[{"embeddable":true,"href":"https:\/\/couleenergy.com\/de\/wp-json\/wp\/v2\/media\/5796"}],"wp:attachment":[{"href":"https:\/\/couleenergy.com\/de\/wp-json\/wp\/v2\/media?parent=5784"}],"wp:term":[{"taxonomy":"product_brand","embeddable":true,"href":"https:\/\/couleenergy.com\/de\/wp-json\/wp\/v2\/product_brand?post=5784"},{"taxonomy":"product_cat","embeddable":true,"href":"https:\/\/couleenergy.com\/de\/wp-json\/wp\/v2\/product_cat?post=5784"},{"taxonomy":"product_tag","embeddable":true,"href":"https:\/\/couleenergy.com\/de\/wp-json\/wp\/v2\/product_tag?post=5784"}],"curies":[{"name":"wp","href":"https:\/\/api.w.org\/{rel}","templated":true}]}}