{"id":5728,"date":"2025-09-21T02:54:10","date_gmt":"2025-09-21T02:54:10","guid":{"rendered":"https:\/\/couleenergy.com\/?post_type=product&#038;p=5728"},"modified":"2025-09-21T08:39:04","modified_gmt":"2025-09-21T08:39:04","slug":"komplett-schwarzes-ruckkontakt-doppelglas-solarmodul-mit-465-w-und-495-w","status":"publish","type":"product","link":"https:\/\/couleenergy.com\/de\/product\/all-black-back-contact-dual-glass-465w-495w-solar-module\/","title":{"rendered":"Komplett schwarzes 465\u2013495-W-Doppelglas-Solarmodul mit R\u00fcckkontakt"},"content":{"rendered":"<h2><b>Vollst\u00e4ndig schwarzes 465-W- bis 495-W-Solarmodul mit Doppelglas und R\u00fcckkontakt <\/b><\/h2>\n<p>Dies ist ein Premium-Solarmodul, das f\u00fcr Leistung, Aussehen und lange Lebensdauer gebaut wurde. Es liefert <span class=\"s2\"><b>465 W bis 495 W<\/b><\/span> Nennleistung mit Moduleffizienz bis zu <span class=\"s2\"><b>24.8%<\/b><\/span>Das Design verwendet <span class=\"s2\"><b>N-Typ-R\u00fcckkontaktzellen<\/b><\/span> und ein <span class=\"s2\"><b>Doppelglasstruktur<\/b><\/span> um Ihnen eine h\u00f6here Leistung und l\u00e4ngere Haltbarkeit f\u00fcr Dach-, Gewerbe- und Versorgungsprojekte zu bieten.<span class=\"Apple-converted-space\">\u00a0 <\/span><\/p>\n<hr \/>\n<h3><b>Wichtige Funktionen auf einen Blick<\/b><\/h3>\n<ul>\n<li>\n<p class=\"p1\">Leistungsbereich: <span class=\"s1\"><b>465 W \u2013 495 W<\/b><b><\/b><\/span><\/p>\n<\/li>\n<li>\n<p class=\"p1\">Moduleffizienz: bis zu <span class=\"s1\"><b>24.8%<\/b><b><\/b><\/span><\/p>\n<\/li>\n<li>\n<p class=\"p1\">N-Typ-Zellen mit vollst\u00e4ndigem R\u00fcckkontakt-Layout<\/p>\n<\/li>\n<li>\n<p class=\"p1\">Komplett schwarzes, sauberes und modernes Erscheinungsbild<\/p>\n<\/li>\n<li>\n<p class=\"p1\">Doppelglasaufbau: <span class=\"s1\"><b>2,0 + 2,0 mm<\/b><\/span> geh\u00e4rtetes Glas<\/p>\n<\/li>\n<li>\n<p class=\"p1\"><span class=\"s1\">Gr\u00f6\u00dfe: <\/span><b>1762 \u00d7 1134 \u00d7 30 mm<\/b><span class=\"s1\">, Gewicht ~<\/span><b>24,2 kg<\/b><b><\/b><\/p>\n<\/li>\n<li>\n<p class=\"p1\"><span class=\"s1\">Garantie: <\/span><b>15 Jahre Produkt<\/b><span class=\"s1\">, <\/span><b>30 Jahre lineare Leistung<\/b><\/p>\n<\/li>\n<\/ul>\n<hr \/>\n<h3><b>Warum Doppelglas wichtig ist<\/b><\/h3>\n<p class=\"p3\">Doppelglasmodule bestehen beidseitig aus geh\u00e4rtetem Glas anstelle von Glas und Polymer-R\u00fcckseite. Dieses Design bietet:<\/p>\n<ul>\n<li>\n<p class=\"p1\"><span class=\"s1\"><b>Bessere Haltbarkeit<\/b><\/span> vor Feuchtigkeit, UV und mechanischer Beanspruchung<\/p>\n<\/li>\n<li>\n<p class=\"p1\"><span class=\"s1\"><b>Geringere Degradation<\/b><\/span> und l\u00e4ngere Lebensdauer<\/p>\n<\/li>\n<li>\n<p class=\"p1\"><b>H\u00f6here Feuerbest\u00e4ndigkeit<\/b><span class=\"s1\"> (IEC Klasse A)<\/span><\/p>\n<\/li>\n<li>\n<p class=\"p1\"><b>Stabilere Leistung<\/b><span class=\"s1\"> in rauen Klimazonen<\/span><\/p>\n<\/li>\n<\/ul>\n<p class=\"p3\">Dies ist ideal f\u00fcr Projekte, die erwarten <span class=\"s2\"><b>stabile Energieausbeute \u00fcber Jahrzehnte<\/b><\/span>.<\/p>\n<hr \/>\n<h3><b>Bifazial als Option<\/b><\/h3>\n<p class=\"p3\">Wichtig zu beachten:<\/p>\n<p class=\"p4\"><b>Doppelglas bedeutet nicht immer bifazial.<\/b><b><\/b><\/p>\n<p class=\"p3\">Dieses Modul kann geliefert werden als <span class=\"s2\"><b>einseitiges Doppelglasmodul<\/b><\/span> (f\u00fcr elegantes Aussehen und lange Lebensdauer) oder als <span class=\"s2\"><b>bifaziales Doppelglasmodul<\/b><\/span> (um Licht von beiden Seiten einzufangen).<\/p>\n<p class=\"p3\">Mit einer bifazialen Option k\u00f6nnen Projekte, abh\u00e4ngig von Albedo und Montage, <span class=\"s2\"><b>5\u201330% mehr Energie<\/b><\/span>. F\u00fcr D\u00e4cher oder Bodensysteme mit reflektierenden Oberfl\u00e4chen kann bifaziale Solarenergie eine deutliche Verbesserung darstellen.<\/p>\n<p class=\"p3\">Couleenergy bietet <span class=\"s2\"><b>sowohl einseitige als auch bifaziale Doppelglasl\u00f6sungen<\/b><\/span>, zugeschnitten auf Ihr Projekt.<\/p>\n<hr \/>\n<h3><b>Hochleistungs-N-Typ-R\u00fcckkontaktzellen<\/b><\/h3>\n<ul>\n<li>\n<p class=\"p1\"><span class=\"s1\"><b>Layout der R\u00fcckkontakte<\/b><\/span>: Keine Metalllinien auf der Vorderseite, daher sieht die Oberfl\u00e4che komplett schwarz aus. Es reduziert au\u00dferdem Lichtschattierungen und verbessert die Effizienz.<\/p>\n<\/li>\n<li>\n<p class=\"p1\"><span class=\"s1\"><b>N-Typ-Silizium<\/b><\/span>: Geringere lichtinduzierte Degradation, st\u00e4rkere Resistenz gegen h\u00e4ufige Zelldefekte und stabilere Langzeitleistung.<\/p>\n<\/li>\n<li>\n<p class=\"p1\"><span class=\"s1\"><b>Geringe Temperaturverluste<\/b><\/span>: Der Leistungsabfall betr\u00e4gt nur ca. <span class=\"s1\"><b>\u20130,26%\/\u00b0C<\/b><\/span>, was in hei\u00dfen Regionen einen besseren Ertrag bedeutet.<\/p>\n<\/li>\n<\/ul>\n<hr \/>\n<h3><b>Stark und zuverl\u00e4ssig<\/b><\/h3>\n<ul>\n<li>\n<p class=\"p1\"><span class=\"s1\"><b>Belastungsgetestet<\/b><\/span>: 5400 Pa vorne, 2400 Pa hinten<\/p>\n<\/li>\n<li>\n<p class=\"p1\"><span class=\"s1\"><b>Hagelgetestet<\/b><\/span>: 35 mm Eisball bei 23 m\/s<\/p>\n<\/li>\n<li>\n<p class=\"p1\"><span class=\"s1\"><b>IP68-Anschlussdose<\/b><\/span> mit drei Bypassdioden<\/p>\n<\/li>\n<li>\n<p class=\"p1\"><span class=\"s1\"><b>MC4-Steckverbinder<\/b><\/span> f\u00fcr eine sichere und einfache Installation<\/p>\n<\/li>\n<\/ul>\n<p class=\"p3\">Konstruiert, um rauen Klimabedingungen standzuhalten und mit minimalem Wartungsaufwand weiterhin saubere Energie zu produzieren.<\/p>\n<hr \/>\n<h3><b>Systemvorteile<\/b><\/h3>\n<ul>\n<li>\n<p class=\"p1\"><span class=\"s1\"><b>1500 V DC Systemspannung<\/b><\/span> f\u00fcr l\u00e4ngere Saiten und weniger BOS-Teile<\/p>\n<\/li>\n<li>\n<p class=\"p1\"><span class=\"s1\"><b>Komplett schwarzes Design<\/b><\/span> f\u00fcr D\u00e4cher, bei denen die Optik z\u00e4hlt<\/p>\n<\/li>\n<li>\n<p class=\"p1\"><span class=\"s1\"><b>Kompakt, hohe Ausgangsleistung<\/b><\/span> reduziert Platzbedarf und Installationskosten<\/p>\n<\/li>\n<\/ul>\n<hr \/>\n<h3><img fetchpriority=\"high\" decoding=\"async\" class=\"aligncenter wp-image-5740 size-full\" src=\"https:\/\/couleenergy.com\/wp-content\/uploads\/2025\/09\/All-Black-Glass-glass-Solar-Panels-for-VPVs-and-BVPs.jpg\" alt=\"VPVs und BVPVs mit komplett schwarzen Doppelglas-Solarmodulen\" width=\"1920\" height=\"1080\" srcset=\"https:\/\/couleenergy.com\/wp-content\/uploads\/2025\/09\/All-Black-Glass-glass-Solar-Panels-for-VPVs-and-BVPs.jpg 1920w, https:\/\/couleenergy.com\/wp-content\/uploads\/2025\/09\/All-Black-Glass-glass-Solar-Panels-for-VPVs-and-BVPs-300x169.jpg 300w, https:\/\/couleenergy.com\/wp-content\/uploads\/2025\/09\/All-Black-Glass-glass-Solar-Panels-for-VPVs-and-BVPs-1024x576.jpg 1024w, https:\/\/couleenergy.com\/wp-content\/uploads\/2025\/09\/All-Black-Glass-glass-Solar-Panels-for-VPVs-and-BVPs-768x432.jpg 768w, https:\/\/couleenergy.com\/wp-content\/uploads\/2025\/09\/All-Black-Glass-glass-Solar-Panels-for-VPVs-and-BVPs-1536x864.jpg 1536w, https:\/\/couleenergy.com\/wp-content\/uploads\/2025\/09\/All-Black-Glass-glass-Solar-Panels-for-VPVs-and-BVPs-18x10.jpg 18w, https:\/\/couleenergy.com\/wp-content\/uploads\/2025\/09\/All-Black-Glass-glass-Solar-Panels-for-VPVs-and-BVPs-600x338.jpg 600w\" sizes=\"(max-width: 1920px) 100vw, 1920px\" \/><\/h3>\n<h3><\/h3>\n<h3><b>Die St\u00e4rke von Couleenergy: Ma\u00dfgeschneiderte und direkte Versorgung<\/b><\/h3>\n<p class=\"p3\">Couleenergy ist mehr als nur ein Lieferant. Wir sind ein <span class=\"s2\"><b>Solarhersteller<\/b><\/span> das bietet <span class=\"s2\"><b>ma\u00dfgeschneiderte Solarmodule<\/b><\/span>Das bedeutet, dass wir Folgendes anpassen k\u00f6nnen:<\/p>\n<ul>\n<li>\n<p class=\"p1\">Modulgr\u00f6\u00dfe und Abmessungen<\/p>\n<\/li>\n<li>\n<p class=\"p1\">Rahmen-, Glasart- und R\u00fcckseitenfolienoptionen<\/p>\n<\/li>\n<li>\n<p class=\"p1\">Auswahl zwischen einseitigem oder bifazialem Doppelglas<\/p>\n<\/li>\n<li>\n<p class=\"p1\">Kennzeichnung, Verpackung und Zertifizierungen<\/p>\n<\/li>\n<\/ul>\n<p class=\"p3\">Wir unterst\u00fctzen auch <span class=\"s2\"><b>kleine Mindestbestellmengen<\/b><\/span> f\u00fcr besondere Projekte. Durch den Kauf <span class=\"s2\"><b>Solarmodule direkt<\/b><\/span> Bei uns umgehen Sie Zwischenh\u00e4ndler, sparen Kosten und erhalten Produkte, die genau auf Ihre Bed\u00fcrfnisse zugeschnitten sind.<\/p>\n<hr \/>\n<h3><b>Typische Preisspanne<\/b><\/h3>\n<p class=\"p3\">Doppelglas- und bifaziale Module sind Premiumprodukte. Die Gro\u00dfhandelspreise h\u00e4ngen oft von Konfiguration, Bestellmenge und Lieferbedingungen ab. Der Direktkauf bei uns spart rund <span class=\"s2\"><b>30%<\/b><\/span> im Vergleich zu langen Vertriebsketten.<\/p>\n<p class=\"p3\">Fragen Sie uns nach einem <span class=\"s2\"><b>individuelles Angebot<\/b>!\u00a0<\/span><\/p>\n<hr \/>\n<h3><b>Warum dieses Modul w\u00e4hlen?<\/b><\/h3>\n<ul>\n<li>\n<p class=\"p1\"><span class=\"s1\"><b>Lange Lebensdauer<\/b><\/span> dank Doppelglasschutz<\/p>\n<\/li>\n<li>\n<p class=\"p1\"><span class=\"s1\"><b>Hohe Effizienz<\/b><\/span> N-Typ-R\u00fcckkontaktzellen<\/p>\n<\/li>\n<li>\n<p class=\"p1\"><span class=\"s1\"><b>Option f\u00fcr bifaziale Gewinne<\/b><\/span> in gut konzipierten Systemen<\/p>\n<\/li>\n<li>\n<p class=\"p1\"><b>Moderner, komplett schwarzer Look<\/b><span class=\"s1\"> perfekt f\u00fcr D\u00e4cher<\/span><\/p>\n<\/li>\n<li>\n<p class=\"p1\"><span class=\"s1\"><b>Anpassbar<\/b><\/span> um die individuellen Anforderungen von Solarprojekten zu erf\u00fcllen<\/p>\n<\/li>\n<\/ul>\n<hr \/>\n<p class=\"p3\">Erz\u00e4hlen Sie uns von Ihrem Projekt. Wir pr\u00fcfen Ihre Anforderungen und empfehlen Ihnen die passende Doppelglasl\u00f6sung (einseitig oder beidseitig). Wir nennen Ihnen au\u00dferdem einen Werkspreis und die Lieferzeit f\u00fcr Ihre individuellen Solarl\u00f6sungen.<\/p>\n<p class=\"p4\"><b>Kontakt Couleenergy<\/b><b><\/b><\/p>\n<p class=\"p3\">\ud83d\udcde +1 737 702 0119<\/p>\n<p class=\"p3\">\ud83d\udce7 info@couleenergy.com<\/p>","protected":false},"excerpt":{"rendered":"<p class=\"p1\">Der <span class=\"s1\">Vollst\u00e4ndig schwarzes 465-W- bis 495-W-Solarmodul mit Doppelglas und R\u00fcckkontakt<\/span> vereint Leistung, Haltbarkeit und Stil. W\u00e4hlen Sie zwischen ein- und zweiseitigen Optionen. Mit Couleenergy erhalten Sie <span class=\"s1\"><b>ma\u00dfgeschneiderte Solarmodule<\/b>, Fabrik-Direktpreise und Experten-Support<\/span> f\u00fcr Ihr einzigartiges Solarprojekt.<\/p>","protected":false},"featured_media":5738,"template":"","meta":{"_seopress_robots_primary_cat":"none","_seopress_titles_title":"All Black Back Contact Dual-Glass 465W\u2013495W Solar Module","_seopress_titles_desc":"Need custom solar panels? Couleenergy provides all-black dual-glass back-contact modules. Mono-face or bifacial available. Factory-direct supply, small MOQ supported.","_seopress_robots_index":""},"product_brand":[],"product_cat":[1593],"product_tag":[],"class_list":{"0":"post-5728","1":"product","2":"type-product","3":"status-publish","4":"has-post-thumbnail","6":"product_cat-all-black-modules","8":"first","9":"instock","10":"shipping-taxable","11":"purchasable","12":"product-type-variable","13":"has-default-attributes"},"_links":{"self":[{"href":"https:\/\/couleenergy.com\/de\/wp-json\/wp\/v2\/product\/5728","targetHints":{"allow":["GET"]}}],"collection":[{"href":"https:\/\/couleenergy.com\/de\/wp-json\/wp\/v2\/product"}],"about":[{"href":"https:\/\/couleenergy.com\/de\/wp-json\/wp\/v2\/types\/product"}],"wp:featuredmedia":[{"embeddable":true,"href":"https:\/\/couleenergy.com\/de\/wp-json\/wp\/v2\/media\/5738"}],"wp:attachment":[{"href":"https:\/\/couleenergy.com\/de\/wp-json\/wp\/v2\/media?parent=5728"}],"wp:term":[{"taxonomy":"product_brand","embeddable":true,"href":"https:\/\/couleenergy.com\/de\/wp-json\/wp\/v2\/product_brand?post=5728"},{"taxonomy":"product_cat","embeddable":true,"href":"https:\/\/couleenergy.com\/de\/wp-json\/wp\/v2\/product_cat?post=5728"},{"taxonomy":"product_tag","embeddable":true,"href":"https:\/\/couleenergy.com\/de\/wp-json\/wp\/v2\/product_tag?post=5728"}],"curies":[{"name":"wp","href":"https:\/\/api.w.org\/{rel}","templated":true}]}}