{"id":5687,"date":"2025-09-19T02:06:59","date_gmt":"2025-09-19T02:06:59","guid":{"rendered":"https:\/\/couleenergy.com\/?post_type=product&#038;p=5687"},"modified":"2025-09-19T07:14:29","modified_gmt":"2025-09-19T07:14:29","slug":"abc-doppelglas-solarmodule-500-w-520-w-mit-masgeschneiderten-losungen","status":"publish","type":"product","link":"https:\/\/couleenergy.com\/de\/product\/abc-dual-glass-500w-520w-solar-panels-with-bespoke-solutions\/","title":{"rendered":"ABC-Doppelglas-Solarmodule 500 W\u2013520 W mit ma\u00dfgeschneiderten L\u00f6sungen"},"content":{"rendered":"<p class=\"p3\">Der <a href=\"https:\/\/couleenergy.com\/wp-content\/uploads\/2025\/09\/Neostar-2S_Plus_188-AIKO-A-MAH60Db-500-520_1954x1134x30mm_Black-Frame_EN_2409_V1.1.pdf\" target=\"_blank\" rel=\"noopener\">Aiko NEOSTAR 2S+60<\/a> ist eine n\u00e4chste Generation <span class=\"s1\"><b>Doppelglas-Solarpanel<\/b><\/span> gebaut mit N-Typ ABC-Zellen. Es bietet hohe Leistung, elegante \u00c4sthetik und lang anhaltende Zuverl\u00e4ssigkeit. Jedes Modul bietet bis zu <span class=\"s1\"><b>520 W Leistung<\/b><\/span> mit <span class=\"s1\"><b>23,5%-Effizienz<\/b><\/span>, was es zu einer intelligenten Wahl f\u00fcr anspruchsvolle B2B-Projekte macht.<\/p>\n<p class=\"p1\"><b>Hauptmerkmale:<\/b><b><\/b><\/p>\n<ul>\n<li>\n<p class=\"p1\"><span class=\"s1\"><b>Hohe Leistung und Effizienz<\/b><\/span> \u2013 Bis zu 520 W mit fortschrittlicher N-Typ-ABC-Technologie.<\/p>\n<\/li>\n<li>\n<p class=\"p1\"><span class=\"s1\"><b>Langfristige Zuverl\u00e4ssigkeit<\/b><\/span> \u2013 30 Jahre lineare Leistungsgarantie und hohe Widerstandsf\u00e4higkeit gegen Mikrorisse.<\/p>\n<\/li>\n<li>\n<p class=\"p1\"><span class=\"s1\"><b>Doppelglas-Design<\/b><\/span> \u2013 2,0 + 2,0 mm halbgeh\u00e4rtetes Glas f\u00fcr St\u00e4rke, Brandschutz und bessere Wetterbest\u00e4ndigkeit.<\/p>\n<\/li>\n<li>\n<p class=\"p1\"><span class=\"s1\"><b>Bessere Leistung bei Hitze und Schatten<\/b><\/span> \u2013 Optimiert f\u00fcr Teilverschattung, mit niedrigem Temperaturkoeffizienten f\u00fcr stabile Leistung.<\/p>\n<\/li>\n<li>\n<p class=\"p1\"><span class=\"s1\"><b>F\u00fcr die Ewigkeit gebaut<\/b><\/span> \u2013 Brandschutzklasse A gem\u00e4\u00df IEC, 5400 Pa Frontlast und hagelgepr\u00fcfte Haltbarkeit.<\/p>\n<\/li>\n<\/ul>\n<p class=\"p3\">Aber bei Couleenergy wissen wir, dass nicht jedes Projekt auf eine Standard-Panelgr\u00f6\u00dfe passt. Deshalb gehen wir \u00fcber die Verteilung hinaus. Als <span class=\"s1\"><b>ABC Solarmodulhersteller<\/b><\/span>, wir sind spezialisiert auf <span class=\"s1\"><b>ma\u00dfgeschneiderte Solarpanell\u00f6sungen<\/b><\/span>. Wenn das Format 1954 \u00d7 1134 \u00d7 30 mm des NEOSTAR nicht zu Ihrem Design passt, kann unser Team liefern <span class=\"s1\"><b>Ma\u00dfgeschneiderte Solarmodulproduktion<\/b><\/span>\u2013 von kundenspezifischen Abmessungen bis hin zu einzigartigen Leistungsangaben.<\/p>\n<p class=\"p3\">Diese Flexibilit\u00e4t bedeutet, dass Sie das Beste aus beiden Welten bekommen: Weltklasse-Technologie von Aiko, plus <span class=\"s1\"><b>kundenspezifische Paneele<\/b><\/span> entwickelt, um genau Ihren B2B-Anforderungen zu entsprechen.<\/p>\n<hr class=\"border-border-300 my-2\" \/>\n<p class=\"p1\">\ud83d\udc49 Suchen Sie ein Panel, das nicht im Katalog vorhanden ist? Couleenergy macht es m\u00f6glich. Kontaktieren Sie uns noch heute, um Ihr Projekt zu besprechen.<\/p>\n<p class=\"whitespace-normal break-words\"><strong>E-Mail:<\/strong> <a class=\"underline\" href=\"mailto:info@couleenergy.com\">info@couleenergy.com<\/a><br \/>\n<strong>Telefon:<\/strong> +1 737 702 0119<br \/>\n<strong>Webseite:<\/strong> couleenergy.com<\/p>\n<h3 class=\"text-lg font-bold text-text-100 mt-1 -mb-1.5\">Couleenergy \u2013 Ihr Partner f\u00fcr Solar-Exzellenz<\/h3>","protected":false},"excerpt":{"rendered":"<p class=\"p1\">Das NEOSTAR-Doppelglaspanel ist mit fortschrittlichen N-Typ-ABC-Zellen ausgestattet und bietet <span class=\"s1\"><b>hohe Leistung und Zuverl\u00e4ssigkeit<\/b><\/span>Couleenergy unterst\u00fctzt <span class=\"s1\"><b>Ma\u00dfgeschneiderte Solarmodulproduktion<\/b><\/span>, und hilft Kunden dabei, die genauen Projektziele zu erreichen, wenn handels\u00fcbliche Panels nicht ausreichen.<\/p>","protected":false},"featured_media":5697,"template":"","meta":{"_seopress_robots_primary_cat":"none","_seopress_titles_title":"Tailored Solar Module Production | NEOSTAR 500W\u2013520W Dual Glass","_seopress_titles_desc":"Couleenergy delivers bespoke solar panel solutions with dual glass 500W\u2013520W modules. Perfect for projects needing non-standard solar designs.","_seopress_robots_index":""},"product_brand":[],"product_cat":[1594],"product_tag":[],"class_list":{"0":"post-5687","1":"product","2":"type-product","3":"status-publish","4":"has-post-thumbnail","6":"product_cat-bc-modules","8":"first","9":"instock","10":"shipping-taxable","11":"purchasable","12":"product-type-variable","13":"has-default-attributes"},"_links":{"self":[{"href":"https:\/\/couleenergy.com\/de\/wp-json\/wp\/v2\/product\/5687","targetHints":{"allow":["GET"]}}],"collection":[{"href":"https:\/\/couleenergy.com\/de\/wp-json\/wp\/v2\/product"}],"about":[{"href":"https:\/\/couleenergy.com\/de\/wp-json\/wp\/v2\/types\/product"}],"wp:featuredmedia":[{"embeddable":true,"href":"https:\/\/couleenergy.com\/de\/wp-json\/wp\/v2\/media\/5697"}],"wp:attachment":[{"href":"https:\/\/couleenergy.com\/de\/wp-json\/wp\/v2\/media?parent=5687"}],"wp:term":[{"taxonomy":"product_brand","embeddable":true,"href":"https:\/\/couleenergy.com\/de\/wp-json\/wp\/v2\/product_brand?post=5687"},{"taxonomy":"product_cat","embeddable":true,"href":"https:\/\/couleenergy.com\/de\/wp-json\/wp\/v2\/product_cat?post=5687"},{"taxonomy":"product_tag","embeddable":true,"href":"https:\/\/couleenergy.com\/de\/wp-json\/wp\/v2\/product_tag?post=5687"}],"curies":[{"name":"wp","href":"https:\/\/api.w.org\/{rel}","templated":true}]}}