{"id":4961,"date":"2025-07-07T12:20:03","date_gmt":"2025-07-07T12:20:03","guid":{"rendered":"https:\/\/couleenergy.com\/?post_type=product&#038;p=4961"},"modified":"2025-07-07T13:00:29","modified_gmt":"2025-07-07T13:00:29","slug":"kundenspezifische-flexible-125-w-topcon-solarmodule-mit-etfe-oberflache-komplett-schwarz","status":"publish","type":"product","link":"https:\/\/couleenergy.com\/de\/product\/custom-flexible-125w-topcon-solar-panels-with-etfe-surface-full-black\/","title":{"rendered":"Kundenspezifische flexible 125-W-TOPCon-Solarmodule mit ETFE-Oberfl\u00e4che, komplett schwarz"},"content":{"rendered":"<h3 data-start=\"297\" data-end=\"388\"><strong data-start=\"301\" data-end=\"388\">Hocheffiziente Leistung trifft auf ma\u00dfgeschneiderte Flexibilit\u00e4t \u2013 schon ab 100 St\u00fcck<\/strong><\/h3>\n<p data-start=\"390\" data-end=\"805\">Couleenergys CLM-125M-33 ist ein fortschrittlicher <strong data-start=\"431\" data-end=\"465\">125 W halbflexibles Solarpanel<\/strong>, speziell f\u00fcr gewerbliche und industrielle Projekte entwickelt, die hohe Effizienz, flexibles Design und hochwertige Materialien erfordern. Gebaut mit N-Typ <strong data-start=\"610\" data-end=\"643\">TOPCon-Zellen<\/strong> und ein <strong data-start=\"650\" data-end=\"679\">Japanisches ETFE-Frontblatt<\/strong>, es bietet hervorragende Leistungsabgabe, Wetterbest\u00e4ndigkeit und Langlebigkeit, ohne Kompromisse bei Gewicht oder \u00c4sthetik einzugehen.<\/p>\n<hr data-start=\"807\" data-end=\"810\" \/>\n<h2 data-start=\"812\" data-end=\"863\">\ud83d\udd27 <strong data-start=\"818\" data-end=\"863\">Ma\u00dfgeschneidert f\u00fcr Unternehmen, nicht f\u00fcr die breite Masse<\/strong><\/h2>\n<p data-start=\"865\" data-end=\"1220\">Als professioneller Solarmodulhersteller <strong data-start=\"909\" data-end=\"957\">Couleenergy ist auf B2B-Anpassung spezialisiert<\/strong>\u2013 ob Sie Solaranlagen f\u00fcr Wohnmobile, Yachten, Telekommunikationsger\u00e4te oder architektonische Integration entwerfen. Wir unterst\u00fctzen <strong data-start=\"1074\" data-end=\"1115\">Kleinserienbestellungen ab 100 St\u00fcck<\/strong>, mit vollst\u00e4ndiger Kontrolle \u00fcber Abmessungen, Leistung, Materialien und Verkabelung, um Ihre individuellen Anwendungsanforderungen zu erf\u00fcllen.<\/p>\n<hr data-start=\"1613\" data-end=\"1616\" \/>\n<h2 data-start=\"1618\" data-end=\"1667\">\ud83d\udca1 <strong data-start=\"1624\" data-end=\"1667\">Premium-Funktionen f\u00fcr anspruchsvolle Projekte<\/strong><\/h2>\n<ul data-start=\"1669\" data-end=\"2025\">\n<li data-start=\"1669\" data-end=\"1756\">\n<p data-start=\"1671\" data-end=\"1756\"><strong data-start=\"1671\" data-end=\"1696\">Japanische ETFE-Oberfl\u00e4che<\/strong>: Ultra-transparent, UV-best\u00e4ndig, selbstreinigend, vergilbungsfrei<\/p>\n<\/li>\n<li data-start=\"1757\" data-end=\"1833\">\n<p data-start=\"1759\" data-end=\"1833\"><strong data-start=\"1759\" data-end=\"1783\">Flexibel &amp; Rahmenlos<\/strong>: Passt sich an gebogene Installationen an, keine scharfen Kanten<\/p>\n<\/li>\n<li data-start=\"1834\" data-end=\"1884\">\n<p data-start=\"1836\" data-end=\"1884\"><strong data-start=\"1836\" data-end=\"1857\">IP67-Anschlussdose<\/strong>: Wetterfest und sicher<\/p>\n<\/li>\n<li data-start=\"1885\" data-end=\"1958\">\n<p data-start=\"1887\" data-end=\"1958\"><strong data-start=\"1887\" data-end=\"1905\">MC4-kompatibel<\/strong>: Plug-and-Play mit branchen\u00fcblichen Solaranlagen<\/p>\n<\/li>\n<li data-start=\"1959\" data-end=\"2025\">\n<p data-start=\"1961\" data-end=\"2025\"><strong data-start=\"1961\" data-end=\"1991\">Vorverdrahtet f\u00fcr die Installation<\/strong>: 0,9 m 4,0 mm\u00b2 PV-Kabel im Lieferumfang enthalten<\/p>\n<\/li>\n<\/ul>\n<hr data-start=\"2027\" data-end=\"2030\" \/>\n<h2 data-start=\"2032\" data-end=\"2082\">\ud83e\udde9 <strong data-start=\"2038\" data-end=\"2082\">Optimiert f\u00fcr vielseitige B2B-Anwendungen<\/strong><\/h2>\n<ul data-start=\"2084\" data-end=\"2414\">\n<li data-start=\"2084\" data-end=\"2124\">\n<p data-start=\"2086\" data-end=\"2124\"><strong data-start=\"2086\" data-end=\"2096\">Marine<\/strong>: Boote, Yachten und Docks<\/p>\n<\/li>\n<li data-start=\"2125\" data-end=\"2191\">\n<p data-start=\"2127\" data-end=\"2191\"><strong data-start=\"2127\" data-end=\"2147\">Wohnmobile und Campervans<\/strong>: Flexible Solaranlagen auf dem Dach f\u00fcr mobile Energie<\/p>\n<\/li>\n<li data-start=\"2192\" data-end=\"2267\">\n<p data-start=\"2194\" data-end=\"2267\"><strong data-start=\"2194\" data-end=\"2217\">BIPV und Architektur<\/strong>: Schlanke Panels f\u00fcr designorientierte Umgebungen<\/p>\n<\/li>\n<li data-start=\"2268\" data-end=\"2348\">\n<p data-start=\"2270\" data-end=\"2348\"><strong data-start=\"2270\" data-end=\"2294\">Industrielle Ausr\u00fcstung<\/strong>: Zuverl\u00e4ssige Stromversorgung f\u00fcr netzunabh\u00e4ngige oder feldbasierte Ger\u00e4te<\/p>\n<\/li>\n<li data-start=\"2349\" data-end=\"2414\">\n<p data-start=\"2351\" data-end=\"2414\"><strong data-start=\"2351\" data-end=\"2375\">Fernstromversorgungssysteme<\/strong>: Telekommunikation, Sensoren und Notstrom<\/p>\n<\/li>\n<\/ul>\n<hr data-start=\"2416\" data-end=\"2419\" \/>\n<h2 data-start=\"2421\" data-end=\"2453\">\ud83c\udfc6 <strong data-start=\"2427\" data-end=\"2453\">Warum Couleenergy w\u00e4hlen?<\/strong><\/h2>\n<ul data-start=\"2455\" data-end=\"2770\">\n<li data-start=\"2455\" data-end=\"2511\">\n<p data-start=\"2457\" data-end=\"2511\"><strong data-start=\"2457\" data-end=\"2470\">Kleine Mindestbestellmenge<\/strong>: Ma\u00dfanfertigung ab 100 St\u00fcck<\/p>\n<\/li>\n<li data-start=\"2512\" data-end=\"2564\">\n<p data-start=\"2514\" data-end=\"2564\"><strong data-start=\"2514\" data-end=\"2545\">Benutzerdefinierte Abmessungen und Spannung<\/strong>: Von 5 W bis 710 W<\/p>\n<\/li>\n<li data-start=\"2565\" data-end=\"2643\">\n<p data-start=\"2567\" data-end=\"2643\"><strong data-start=\"2567\" data-end=\"2591\">Professionelle Unterst\u00fctzung<\/strong>: Technische Beratung vor dem Verkauf, Systemberatung<\/p>\n<\/li>\n<li data-start=\"2644\" data-end=\"2711\">\n<p data-start=\"2646\" data-end=\"2711\"><strong data-start=\"2646\" data-end=\"2670\">Vertrauensw\u00fcrdiger Hersteller<\/strong>: \u00dcber 10 Jahre Erfahrung in der Solarforschung und -produktion<\/p>\n<\/li>\n<li data-start=\"2712\" data-end=\"2770\">\n<p data-start=\"2714\" data-end=\"2770\"><strong data-start=\"2714\" data-end=\"2730\">Globale Reichweite<\/strong>: Lieferung in \u00fcber 39 L\u00e4nder und Regionen<\/p>\n<\/li>\n<\/ul>\n<hr data-start=\"3497\" data-end=\"3500\" \/>\n<h2 data-start=\"3502\" data-end=\"3560\">\ud83d\udcde <strong data-start=\"3508\" data-end=\"3560\">Kontaktieren Sie uns f\u00fcr Sonderanfertigungen oder technische Beratung<\/strong><\/h2>\n<p data-start=\"3562\" data-end=\"3733\">Egal, ob Sie Ihr eigenes solarbetriebenes Produkt bauen oder Solarenergie in ein Premiumprojekt integrieren, Couleenergy kann zuverl\u00e4ssige, flexible L\u00f6sungen liefern \u2013<strong data-start=\"3715\" data-end=\"3732\">auf Bestellung gefertigt<\/strong>.<\/p>\n<p data-start=\"3735\" data-end=\"3892\">\ud83d\udce7 E-Mail: <a class=\"cursor-pointer\" rel=\"noopener\" data-start=\"3745\" data-end=\"3796\">info@couleenergy.com<\/a><br data-start=\"3796\" data-end=\"3799\" \/>\ud83d\udcf1 WhatsApp: +1 737 702 0119<\/p>\n<hr \/>","protected":false},"excerpt":{"rendered":"<p class=\"p1\">Dieses 125-W-Modul bietet Leistung und Gestaltungsfreiheit und verf\u00fcgt \u00fcber eine flexible ETFE-Konstruktion und hochwertige N-Typ-Solarzellen. Ideal f\u00fcr Off-Grid-, BIPV- und spezielle Solaranlagen. Leicht, wetterbest\u00e4ndig und biegsam. Mindestbestellmenge ab 100 St\u00fcck.<\/p>","protected":false},"featured_media":4971,"template":"","meta":{"_seopress_robots_primary_cat":"none","_seopress_titles_title":"Custom Flexible 125W TOPCon Solar Panels with ETFE Surface Full Black","_seopress_titles_desc":"High-efficiency flexible solar panels for marine, RV, and architectural use. Small MOQ from 100pcs. Tailored solar solutions from Couleenergy.","_seopress_robots_index":""},"product_brand":[],"product_cat":[1592],"product_tag":[],"class_list":{"0":"post-4961","1":"product","2":"type-product","3":"status-publish","4":"has-post-thumbnail","6":"product_cat-flexible-modules","8":"first","9":"instock","10":"shipping-taxable","11":"purchasable","12":"product-type-variable","13":"has-default-attributes"},"_links":{"self":[{"href":"https:\/\/couleenergy.com\/de\/wp-json\/wp\/v2\/product\/4961","targetHints":{"allow":["GET"]}}],"collection":[{"href":"https:\/\/couleenergy.com\/de\/wp-json\/wp\/v2\/product"}],"about":[{"href":"https:\/\/couleenergy.com\/de\/wp-json\/wp\/v2\/types\/product"}],"wp:featuredmedia":[{"embeddable":true,"href":"https:\/\/couleenergy.com\/de\/wp-json\/wp\/v2\/media\/4971"}],"wp:attachment":[{"href":"https:\/\/couleenergy.com\/de\/wp-json\/wp\/v2\/media?parent=4961"}],"wp:term":[{"taxonomy":"product_brand","embeddable":true,"href":"https:\/\/couleenergy.com\/de\/wp-json\/wp\/v2\/product_brand?post=4961"},{"taxonomy":"product_cat","embeddable":true,"href":"https:\/\/couleenergy.com\/de\/wp-json\/wp\/v2\/product_cat?post=4961"},{"taxonomy":"product_tag","embeddable":true,"href":"https:\/\/couleenergy.com\/de\/wp-json\/wp\/v2\/product_tag?post=4961"}],"curies":[{"name":"wp","href":"https:\/\/api.w.org\/{rel}","templated":true}]}}