{"id":4829,"date":"2025-06-30T10:01:23","date_gmt":"2025-06-30T10:01:23","guid":{"rendered":"https:\/\/couleenergy.com\/?post_type=product&#038;p=4829"},"modified":"2025-06-30T12:19:05","modified_gmt":"2025-06-30T12:19:05","slug":"25-w-12-v-kundenspezifische-kleine-solarmodule-fur-oem-off-grid-projekte","status":"publish","type":"product","link":"https:\/\/couleenergy.com\/de\/product\/25w-12v-custom-small-solar-panels-for-oem-off-grid-projects\/","title":{"rendered":"25 W 12 V kundenspezifische kleine Solarmodule f\u00fcr OEM- und Off-Grid-Projekte"},"content":{"rendered":"<h3><b>Kleine Solarmodule von Couleenergy \u2013 speziell entwickelte Energie f\u00fcr moderne Anwendungen<\/b><\/h3>\n<p class=\"p3\">Bei <span class=\"s2\"><b>Couleenergy<\/b><\/span>, wir sind spezialisiert auf hocheffiziente <span class=\"s2\"><b>kleine Solarmodule<\/b><\/span> die ihre Gr\u00f6\u00dfe \u00fcbertreffen. Unsere monokristallinen Module werden weltweit f\u00fcr ihre hervorragende Energieausbeute, erstklassige Verarbeitungsqualit\u00e4t und Plug-and-Play-Einsatzf\u00e4higkeit gesch\u00e4tzt \u2013 und das alles bei kompakter Stellfl\u00e4che.<\/p>\n<p class=\"p3\">Diese Panels wurden mit Blick auf Flexibilit\u00e4t entwickelt und sind ideal f\u00fcr <span class=\"s2\"><b>netzunabh\u00e4ngige, mobile und spezielle Stromanwendungen<\/b><\/span>, von Wohnmobilen und Marinesystemen bis hin zu Landwirtschaft, Notstromversorgung und eingebetteten OEM-Produkten. Ob Sie ein Ger\u00e4t mit Strom versorgen, eine 12-V-Batterie warten oder eine vollst\u00e4ndig integrierte Solarl\u00f6sung erstellen m\u00f6chten, unsere Solarmodule bieten <span class=\"s2\"><b>maximale Leistung auf minimalem Raum<\/b><\/span>.<\/p>\n<p class=\"p3\">Der wirkliche Unterschied liegt jedoch in der Art und Weise, wie wir mit <span class=\"s2\">Unternehmen wie Ihres<\/span>.<\/p>\n<p class=\"p3\">Als Hersteller mit langj\u00e4hriger Erfahrung in <span class=\"s2\"><b>kundenspezifische Solartechnik<\/b><\/span>Couleenergy ist Ihr strategischer Partner f\u00fcr Ihren B2B-Erfolg. Wir bieten:<\/p>\n<ul>\n<li>\n<p class=\"p1\">\u2705 <span class=\"s1\"><b>Anpassbare Panelabmessungen<\/b><\/span>, Spannungen und Zelllayouts, um die genauen Anwendungsanforderungen zu erf\u00fcllen<\/p>\n<\/li>\n<li>\n<p class=\"p1\">\u2705 <span class=\"s1\"><b>OEM\/ODM-Dienste<\/b><\/span> einschlie\u00dflich Branding, Verpackung und Dokumentation<\/p>\n<\/li>\n<li>\n<p class=\"p1\">\u2705 <span class=\"s1\"><b>Skalierbare Produktion<\/b><\/span>, von der Pilotcharge bis zur vollen Containerladung<\/p>\n<\/li>\n<li>\n<p class=\"p1\">\u2705 <span class=\"s1\"><b>Fachkundige Beratung<\/b><\/span> vom Konzept bis zur Lieferung, Gew\u00e4hrleistung einer nahtlosen Integration<\/p>\n<\/li>\n<li>\n<p class=\"p1\">\u2705 <span class=\"s1\"><b>Internationale Compliance<\/b><\/span> mit Zertifizierungen und Dokumentationen f\u00fcr globale M\u00e4rkte<\/p>\n<\/li>\n<\/ul>\n<p class=\"p3\">Wenn Sie innovative Energiel\u00f6sungen entwickeln, <span class=\"s2\"><b>Wir bauen das passende Solarmodul<\/b><\/span> \u2013 nicht nur physisch, sondern auch kommerziell. Das ist das Versprechen von Couleenergy.<\/p>\n<p>info@couleenergy.com<br \/>\n+1 737 702 0119 (WhatsApp)<\/p>","protected":false},"excerpt":{"rendered":"<div class=\"grid-cols-1 grid gap-2.5 [&amp;_&gt;_*]:min-w-0 !gap-3.5\">\n<p class=\"p1\"><span class=\"s1\"><b>Couleenergy small solar modules<\/b><\/span> are built for performance in compact applications. Perfect for RVs, battery maintenance, and OEM projects, each unit is engineered with high-efficiency monocrystalline cells and IP67 durability. Tailor voltage, size, and connectors to match your system perfectly.<\/p>\n<\/div>\n","protected":false},"featured_media":4839,"template":"","meta":{"_seopress_robots_primary_cat":"none","_seopress_titles_title":"25W 12V Custom Small Solar Panels for OEM & Off-Grid Projects","_seopress_titles_desc":"Flexible OEM\/ODM solar panel manufacturing for global buyers. Tailored dimensions, packaging, and voltage options available for any application.","_seopress_robots_index":""},"product_brand":[],"product_cat":[1572],"product_tag":[],"class_list":{"0":"post-4829","1":"product","2":"type-product","3":"status-publish","4":"has-post-thumbnail","6":"product_cat-small-modules","8":"first","9":"instock","10":"shipping-taxable","11":"purchasable","12":"product-type-variable","13":"has-default-attributes"},"_links":{"self":[{"href":"https:\/\/couleenergy.com\/de\/wp-json\/wp\/v2\/product\/4829","targetHints":{"allow":["GET"]}}],"collection":[{"href":"https:\/\/couleenergy.com\/de\/wp-json\/wp\/v2\/product"}],"about":[{"href":"https:\/\/couleenergy.com\/de\/wp-json\/wp\/v2\/types\/product"}],"wp:featuredmedia":[{"embeddable":true,"href":"https:\/\/couleenergy.com\/de\/wp-json\/wp\/v2\/media\/4839"}],"wp:attachment":[{"href":"https:\/\/couleenergy.com\/de\/wp-json\/wp\/v2\/media?parent=4829"}],"wp:term":[{"taxonomy":"product_brand","embeddable":true,"href":"https:\/\/couleenergy.com\/de\/wp-json\/wp\/v2\/product_brand?post=4829"},{"taxonomy":"product_cat","embeddable":true,"href":"https:\/\/couleenergy.com\/de\/wp-json\/wp\/v2\/product_cat?post=4829"},{"taxonomy":"product_tag","embeddable":true,"href":"https:\/\/couleenergy.com\/de\/wp-json\/wp\/v2\/product_tag?post=4829"}],"curies":[{"name":"wp","href":"https:\/\/api.w.org\/{rel}","templated":true}]}}