{"id":4116,"date":"2025-03-26T14:24:50","date_gmt":"2025-03-26T14:24:50","guid":{"rendered":"https:\/\/couleenergy.com\/?post_type=product&#038;p=4116"},"modified":"2025-03-30T11:50:41","modified_gmt":"2025-03-30T11:50:41","slug":"10-watt-mono-solarmodule-12-v-netzunabhangige-solarlosungen","status":"publish","type":"product","link":"https:\/\/couleenergy.com\/de\/product\/10-watts-mono-solar-panels-12v-off-grid-solar-solutions\/","title":{"rendered":"10 Watt Mono-Solarmodule 12 V Off-Grid-Solarl\u00f6sungen"},"content":{"rendered":"<h2>Professionelle Solarl\u00f6sung f\u00fcr Vertriebspartner<\/h2>\n<p><strong>Suchen Sie ein zuverl\u00e4ssiges Solarprodukt im kleinen Ma\u00dfstab f\u00fcr Ihr Sortiment? Der Couleenergy CLM-10M-36 bietet ein hervorragendes Preis-Leistungs-Verh\u00e4ltnis und Vielseitigkeit.<\/strong><\/p>\n<p>Das 10-W-Solarmodul CLM-10M-36 zeichnet sich durch hochwertige monokristalline Technologie und hohe Robustheit aus und bietet Ihren Kunden eine zuverl\u00e4ssige Stromversorgung f\u00fcr vielf\u00e4ltige Anwendungen. Dieses Solarmodul ist eine praktische Erg\u00e4nzung f\u00fcr Ihr Produktsortiment im Bereich erneuerbare Energien.<\/p>\n<h2>Wichtige Verkaufsargumente f\u00fcr Ihr Unternehmen<\/h2>\n<h3>Produktspezifikationen<\/h3>\n<p>Das CLM-10M-36 bietet Spezifikationen, die es auf dem Markt f\u00fcr 10-W-Solarmodule wettbewerbsf\u00e4hig machen:<\/p>\n<ul>\n<li>36-Zellen-Monokristallin-Design<\/li>\n<li>Optimierte 18,6 V Betriebsspannung zum Laden von 12 V-Batterien<\/li>\n<li>Kompakte Abmessungen (9\u2033 \u00d7 13,6\u2033 \u00d7 0,7\u2033) f\u00fcr vielseitigen Einsatz<\/li>\n<li>Leichtbauweise (1,8 Pfund) f\u00fcr einfachere Handhabung und geringere Versandkosten<\/li>\n<li>Robuste Konstruktion mit 5.400 Pa Schneelast und 2.400 Pa Windwiderstand<\/li>\n<\/ul>\n<p>Diese Spezifikationen tragen dazu bei, sicherzustellen, dass Ihre Kunden ein Qualit\u00e4tsprodukt erhalten, das unter verschiedenen Bedingungen zuverl\u00e4ssig funktioniert.<\/p>\n<h3>Potenzielle Marktanwendungen<\/h3>\n<p>Ein Produkt, das mehrere Kundensegmente bedienen kann:<\/p>\n<ul>\n<li><strong>Einzelh\u00e4ndler f\u00fcr Schiffsausr\u00fcstung<\/strong>: Geeignet f\u00fcr Batteriewartung, Navigationssysteme und Bilgenpumpen<\/li>\n<li><strong>Wohnmobil- und Campinglieferanten<\/strong>: Geeignet f\u00fcr netzunabh\u00e4ngige Stromversorgung und Batteriewartung<\/li>\n<li><strong>Agrarh\u00e4ndler<\/strong>: Kann elektrische Z\u00e4une, Fernsensoren und Bew\u00e4sserungssteuerungen unterst\u00fctzen<\/li>\n<li><strong>Anbieter von Sicherheitssystemen<\/strong>: Kann Remote-Kameras und \u00dcberwachungsger\u00e4te mit Strom versorgen<\/li>\n<li><strong>Notvorr\u00e4te<\/strong>: N\u00fctzliche Komponente f\u00fcr Notstromsysteme<\/li>\n<\/ul>\n<p>Diese Vielseitigkeit erm\u00f6glicht Ihnen die Vermarktung in verschiedenen Sektoren mit einem einzigen Produkt und vereinfacht so m\u00f6glicherweise die Bestandsverwaltung.<\/p>\n<h3>Kundenvorteile<\/h3>\n<p>Helfen Sie Ihren Kunden, ihre Energieprobleme zu l\u00f6sen:<\/p>\n<ul>\n<li><strong>Batteriewartung<\/strong>: Hilft, die Batterieentladung bei saisonal oder selten genutzten Ger\u00e4ten zu verhindern<\/li>\n<li><strong>Fernspeisung<\/strong>: Liefert Energie, wo kein Netzanschluss verf\u00fcgbar ist<\/li>\n<li><strong>Installationskomfort<\/strong>: Vorgebohrte Befestigungsl\u00f6cher und Standardanschl\u00fcsse<\/li>\n<li><strong>Wetterbest\u00e4ndigkeit<\/strong>: Betriebsbereich von -40 \u00b0F bis 185 \u00b0F f\u00fcr ganzj\u00e4hrigen Betrieb<\/li>\n<li><strong>Langfristige Leistung<\/strong>: F\u00fcr eine l\u00e4ngere Lebensdauer ausgelegt<\/li>\n<\/ul>\n<p>Diese Vorteile k\u00f6nnen f\u00fcr Ihre Kunden in verschiedenen Anwendungen einen potenziellen Mehrwert darstellen.<\/p>\n<h2>Qualit\u00e4tssicherung<\/h2>\n<p>Zu unseren Qualit\u00e4tsstandards geh\u00f6ren:<\/p>\n<ul>\n<li>Fertigung nach Industriestandards<\/li>\n<li>Werkspr\u00fcfung vor dem Versand<\/li>\n<li>Standardgarantieschutz*<\/li>\n<\/ul>\n<p>*Bitte wenden Sie sich an Couleenergy, um die spezifischen Garantiebedingungen f\u00fcr Ihre Region zu erfahren.<\/p>\n<h2>Distributoren-Support<\/h2>\n<p>Wir arbeiten daran, unsere Vertriebspartner zu unterst\u00fctzen:<\/p>\n<ul>\n<li>Mengenpreisoptionen verf\u00fcgbar<\/li>\n<li>Technische Dokumentation f\u00fcr Ihr Vertriebsteam<\/li>\n<li>Produktinformationen und Spezifikationen<\/li>\n<li>Engagierter Kundenservice<\/li>\n<\/ul>\n<p>Unsere Supportprogramme sind auf die Anpassung an verschiedene Gesch\u00e4ftsmodelle ausgelegt, darunter Einzelhandel, Online-Vertrieb und Systemintegration.<\/p>\n<h2>Technische Spezifikationen<\/h2>\n<p>Detaillierte Vorgaben f\u00fcr fundierte Entscheidungen:<\/p>\n<ul>\n<li><strong>Modell<\/strong>: CLM-10M-36<\/li>\n<li><strong>Paneltyp<\/strong>: Monokristallines Silizium<\/li>\n<li><strong>Anzahl der Zellen<\/strong>: 36<\/li>\n<li><strong>Nominale Spitzenleistung<\/strong>: 10W<\/li>\n<li><strong>Moduleffizienz<\/strong>: 12.6%<\/li>\n<li><strong>Maximale Leistungsspannung (Vmp)<\/strong>: 18,6 V<\/li>\n<li><strong>Leerlaufspannung (Voc)<\/strong>: 22,6 V<\/li>\n<li><strong>Maximaler Leistungsstrom (Imp)<\/strong>: 0,54 A<\/li>\n<li><strong>Kurzschlussstrom (Isc)<\/strong>: 0,58 A<\/li>\n<li><strong>Betriebstemperatur<\/strong>: -40 \u00b0C bis +85 \u00b0C (-40 \u00b0F bis 185 \u00b0F)<\/li>\n<li><strong>Ma\u00dfe<\/strong>: 230\u00d7345\u00d717mm (9,06\u2033\u00d713,58\u2033\u00d70,67\u2033)<\/li>\n<li><strong>Gewicht<\/strong>: 0,8 kg (1,76 Pfund)<\/li>\n<li><strong>Rahmenmaterial<\/strong>: Eloxiertes Aluminium<\/li>\n<li><strong>Vordere Abdeckung<\/strong>: 3,2 mm geh\u00e4rtetes Glas<\/li>\n<li><strong>Anschlussdose<\/strong>: Schutzart IP65<\/li>\n<li><strong>Maximale Systemspannung<\/strong>: 600 V Gleichstrom<\/li>\n<li><strong>Maximale Nennleistung der Seriensicherung<\/strong>: 3A<\/li>\n<\/ul>\n<h2>Potenzielle Branchenanwendungen<\/h2>\n<h3>Marineanwendungen<\/h3>\n<p>Das CLM-10M-36 eignet sich f\u00fcr maritime Anwendungen wie:<\/p>\n<ul>\n<li>Aufrechterhaltung der Batterieladung auf gelagerten Schiffen<\/li>\n<li>Stromversorgung der Navigations- und Ankerlichter<\/li>\n<li>Unterst\u00fctzende Fischfinder und Tiefenmessger\u00e4te<\/li>\n<li>Verl\u00e4ngerung der Zeit zwischen Landstromanschl\u00fcssen<\/li>\n<\/ul>\n<p>Aufgrund seiner wetterfesten Konstruktion ist das Panel f\u00fcr den Einsatz auf See geeignet.<\/p>\n<h3>Landwirtschaftliche Anwendungen<\/h3>\n<p>Das Panel kann f\u00fcr landwirtschaftliche Zwecke praktisch sein, beispielsweise:<\/p>\n<ul>\n<li>Weidezaunger\u00e4te<\/li>\n<li>Wetterstationen und Bodenmonitore<\/li>\n<li>Wildkameras und Objektsicherung<\/li>\n<li>Ferngesteuerte Tor\u00f6ffner<\/li>\n<\/ul>\n<p>Aufgrund seiner Haltbarkeit bei unterschiedlichen Wetterbedingungen eignet sich das Panel f\u00fcr landwirtschaftliche Anwendungen im Au\u00dfenbereich.<\/p>\n<h3>Notfall- und Sicherheitsanwendungen<\/h3>\n<p>Das CLM-10M-36 kann integriert werden in:<\/p>\n<ul>\n<li>Notfallkommunikationssysteme<\/li>\n<li>Notstroml\u00f6sungen f\u00fcr kleinere Ger\u00e4te<\/li>\n<li>Fern\u00fcberwachungsstationen<\/li>\n<li>Katastrophenschutz-Kits<\/li>\n<\/ul>\n<p>Aufgrund seiner Zuverl\u00e4ssigkeit ist das Panel ein potenzieller Bestandteil der Notfallplanung.<\/p>\n<h2>Kontakt Couleenergy<\/h2>\n<p>Erfahren Sie mehr \u00fcber unsere Vertriebsprogramme:<\/p>\n<ul>\n<li>E-Mail: info@couleenergy.com<\/li>\n<li>Website: www.couleenergy.com<\/li>\n<li>Tel. &amp; WhatsApp: +1 737 702 0119<\/li>\n<\/ul>\n<p>Kontaktieren Sie uns noch heute, um Produktinformationen anzufordern, Preisoptionen zu besprechen oder Partnerschaftsm\u00f6glichkeiten zu erkunden.<\/p>","protected":false},"excerpt":{"rendered":"<p>Das CLM-10M-36 12V 10W Solarmodul vereint erstklassige Leistung mit un\u00fcbertroffener Haltbarkeit. Dank seines geringen Gewichts (800 g) und seiner kompakten Abmessungen eignet es sich ideal f\u00fcr den internationalen Versand. Die 36-Zellen-Monokristall-Konstruktion gew\u00e4hrleistet eine zuverl\u00e4ssige Stromerzeugung in unterschiedlichsten Umgebungen. Ideal f\u00fcr Batteriewartung, Fernstromversorgung und Notstromsysteme. Die perfekte Erg\u00e4nzung Ihres Sortiments an erneuerbaren Energien zu attraktiven Preisen.<\/p>","protected":false},"featured_media":4126,"template":"","meta":{"_seopress_robots_primary_cat":"none","_seopress_titles_title":"Wholesale 10W Solar Panels | B2B Manufacturing & Export | OEM","_seopress_titles_desc":"Compact, lightweight 10W solar panels for marine, RV, and off-grid applications. Factory-direct competitive B2B pricing and global shipping with small MOQ.","_seopress_robots_index":""},"product_brand":[],"product_cat":[1572],"product_tag":[],"class_list":{"0":"post-4116","1":"product","2":"type-product","3":"status-publish","4":"has-post-thumbnail","6":"product_cat-small-modules","8":"first","9":"instock","10":"shipping-taxable","11":"purchasable","12":"product-type-variable","13":"has-default-attributes"},"_links":{"self":[{"href":"https:\/\/couleenergy.com\/de\/wp-json\/wp\/v2\/product\/4116","targetHints":{"allow":["GET"]}}],"collection":[{"href":"https:\/\/couleenergy.com\/de\/wp-json\/wp\/v2\/product"}],"about":[{"href":"https:\/\/couleenergy.com\/de\/wp-json\/wp\/v2\/types\/product"}],"wp:featuredmedia":[{"embeddable":true,"href":"https:\/\/couleenergy.com\/de\/wp-json\/wp\/v2\/media\/4126"}],"wp:attachment":[{"href":"https:\/\/couleenergy.com\/de\/wp-json\/wp\/v2\/media?parent=4116"}],"wp:term":[{"taxonomy":"product_brand","embeddable":true,"href":"https:\/\/couleenergy.com\/de\/wp-json\/wp\/v2\/product_brand?post=4116"},{"taxonomy":"product_cat","embeddable":true,"href":"https:\/\/couleenergy.com\/de\/wp-json\/wp\/v2\/product_cat?post=4116"},{"taxonomy":"product_tag","embeddable":true,"href":"https:\/\/couleenergy.com\/de\/wp-json\/wp\/v2\/product_tag?post=4116"}],"curies":[{"name":"wp","href":"https:\/\/api.w.org\/{rel}","templated":true}]}}